{"id":2346,"date":"2016-01-27T15:47:38","date_gmt":"2016-01-27T15:47:38","guid":{"rendered":"http:\/\/leus.com.br\/site\/?post_type=product&#038;p=2346"},"modified":"2016-10-18T12:38:03","modified_gmt":"2016-10-18T12:38:03","slug":"cp6763-chave-de-impacto-34","status":"publish","type":"product","link":"https:\/\/www.leus.com.br\/?product=cp6763-chave-de-impacto-34","title":{"rendered":"CP6763 &#8211; CHAVE DE IMPACTO 3\/4"},"content":{"rendered":"<h3>Caracter\u00edsticas<\/h3>\n<ul class=\"features_list\">\n<li>\n<h4>Dimens\u00f5es curtas , centro ao lado estreito para f\u00e1cil acesso<\/h4>\n<\/li>\n<li>\n<h4>Carca\u00e7a da embreagem robusta em a\u00e7o<\/h4>\n<\/li>\n<li>\n<h4>Potente embreagem de martelo duplo: 1.200 ft.lbs (1.630 Nm)<\/h4>\n<\/li>\n<\/ul>\n<table class=\"data sort_header\">\n<tbody>\n<tr class=\"\">\n<td class=\"h\">\n<h4>N\u00famero da pe\u00e7a<\/h4>\n<\/td>\n<td colspan=\"2\">\n<h4>6151590400<\/h4>\n<\/td>\n<\/tr>\n<tr class=\"\">\n<td class=\"h\">\n<h4>Modelo<\/h4>\n<\/td>\n<td colspan=\"2\">\n<h4>CP6763<\/h4>\n<\/td>\n<\/tr>\n<tr class=\"\">\n<td class=\"h\">\n<h4>Tipo punho<\/h4>\n<\/td>\n<td colspan=\"2\">\n<h4>Pistola<\/h4>\n<\/td>\n<\/tr>\n<tr class=\"\">\n<td class=\"h\">\n<h4>Impulsor Quadrado<\/h4>\n<\/td>\n<td>\n<h4>3\/4&#8243;<\/h4>\n<\/td>\n<td class=\"blurred\"><\/td>\n<\/tr>\n<tr class=\"\">\n<td class=\"h\">\n<h4>Faixa de torque de trabalho (para frente)<\/h4>\n<\/td>\n<td>\n<h4>350-1290\u00a0Nm<\/h4>\n<\/td>\n<td class=\"blurred\">\n<h4>260-950<\/h4>\n<\/td>\n<\/tr>\n<tr class=\"\">\n<td class=\"h\">\n<h4>Torque M\u00e1ximo (reverso)<\/h4>\n<\/td>\n<td>\n<h4>1630\u00a0Nm<\/h4>\n<\/td>\n<td class=\"blurred\">\n<h4>1200\u00a0p\u00e9s.lbs<\/h4>\n<\/td>\n<\/tr>\n<tr class=\"\">\n<td class=\"h\">\n<h4>Velocidade livre<\/h4>\n<\/td>\n<td colspan=\"2\">\n<h4>6300\u00a0rpm<\/h4>\n<\/td>\n<\/tr>\n<tr class=\"\">\n<td class=\"h\">\n<h4>Sopros por minuto<\/h4>\n<\/td>\n<td colspan=\"2\">\n<h4>900<\/h4>\n<\/td>\n<\/tr>\n<tr class=\"\">\n<td class=\"h\">\n<h4>Peso l\u00edquido<\/h4>\n<\/td>\n<td>\n<h4>5.5\u00a0kg<\/h4>\n<\/td>\n<td class=\"blurred\">\n<h4>12.1\u00a0lb<\/h4>\n<\/td>\n<\/tr>\n<tr class=\"\">\n<td class=\"h\">\n<h4>Rela\u00e7\u00e3o pot\u00eancia\/peso<\/h4>\n<\/td>\n<td>\n<h4>296.4\u00a0Nm\/kg<\/h4>\n<\/td>\n<td class=\"blurred\">\n<h4>99.2\u00a0p\u00e9s.lb\/lb<\/h4>\n<\/td>\n<\/tr>\n<tr class=\"\">\n<td class=\"h\">\n<h4>Comprimento<\/h4>\n<\/td>\n<td>\n<h4>222\u00a0mm<\/h4>\n<\/td>\n<td class=\"blurred\">\n<h4>8.74&#8243;<\/h4>\n<\/td>\n<\/tr>\n<tr>\n<td class=\"h\">\n<h4>Lado ao centro<\/h4>\n<\/td>\n<td>\n<h4>41\u00a0mm<\/h4>\n<\/td>\n<td class=\"blurred\">\n<h4>1.6&#8243;<\/h4>\n<\/td>\n<\/tr>\n<tr class=\"\">\n<td class=\"h\">\n<h4>Consumo real de ar<\/h4>\n<\/td>\n<td>\n<h4>14.2\u00a0l\/s<\/h4>\n<\/td>\n<td class=\"blurred\">\n<h4>30\u00a0cfm<\/h4>\n<\/td>\n<\/tr>\n<tr>\n<td class=\"h\">\n<h4>Tamanho da rosca da entrada de ar<\/h4>\n<\/td>\n<td colspan=\"2\">\n<h4>0.375\u00a0&#8220;<\/h4>\n<\/td>\n<\/tr>\n<tr>\n<td class=\"h\">\n<h4>Tamanho min. mangueira<\/h4>\n<\/td>\n<td>\n<h4>13\u00a0mm<\/h4>\n<\/td>\n<td class=\"blurred\">\n<h4>1\/2&#8243;<\/h4>\n<\/td>\n<\/tr>\n<tr class=\"\">\n<td class=\"h\">\n<h4>N\u00edvel de ru\u00eddo<\/h4>\n<\/td>\n<td colspan=\"2\">\n<h4>96\u00a0db(A)<\/h4>\n<\/td>\n<\/tr>\n<tr>\n<td class=\"h\">\n<h4>Pot\u00eancia de som<\/h4>\n<\/td>\n<td colspan=\"2\">\n<h4>107\u00a0db(A)<\/h4>\n<\/td>\n<\/tr>\n<tr class=\"\">\n<td class=\"h\">\n<h4>Vibra\u00e7\u00e3o \u03b1 (ISO-28927-2)<\/h4>\n<\/td>\n<td colspan=\"2\">\n<h4>9.4\u00a0m\/s\u00b2<\/h4>\n<\/td>\n<\/tr>\n<tr>\n<td class=\"h\">\n<h4>Vibra\u00e7\u00e3o K (ISO-28927-2)<\/h4>\n<\/td>\n<td colspan=\"2\">\n<h4>1.3\u00a0m\/s\u00b2<\/h4>\n<\/td>\n<\/tr>\n<tr class=\"\">\n<td class=\"h\">\n<h4>Retentor de soquete<\/h4>\n<\/td>\n<td colspan=\"2\">\n<h4>Ring<\/h4>\n<\/td>\n<\/tr>\n<tr class=\"\">\n<td class=\"h\">\n<h4>Tipo de embreagem<\/h4>\n<\/td>\n<td colspan=\"2\">\n<h4>Twin Hammer<\/h4>\n<\/td>\n<\/tr>\n<tr class=\"\">\n<td class=\"h\">\n<h4>Tamanho do parafuso<\/h4>\n<\/td>\n<td>\n<h4>M27<\/h4>\n<\/td>\n<td class=\"blurred\"><\/td>\n<\/tr>\n<tr class=\"over\">\n<td class=\"h\">\n<h4>Dimens\u00f5es da caixa<\/h4>\n<\/td>\n<td>\n<h4>224*90*232<\/h4>\n<\/td>\n<td class=\"blurred\"><\/td>\n<\/tr>\n<\/tbody>\n<\/table>\n","protected":false},"excerpt":{"rendered":"<h4><\/h4>\n<ul>\n<li>\n<h4>Compacta &amp; Vers\u00e1til para aplica\u00e7\u00f5es em manuten\u00e7\u00e3o industrial.<\/h4>\n<\/li>\n<li>\n<h4>Robusta para os ambientes mais rudes e usos dif\u00edceis.<\/h4>\n<\/li>\n<li>\n<h4>Realmente potente para desapertar virtualmente qualquer parafuso at\u00e9 M27 (ISO 10,9).<\/h4>\n<\/li>\n<\/ul>\n<p>&nbsp;<\/p>\n","protected":false},"featured_media":3261,"template":"","meta":{"_links_to":"","_links_to_target":""},"product_cat":[25],"product_tag":[],"_links":{"self":[{"href":"https:\/\/www.leus.com.br\/index.php?rest_route=\/wp\/v2\/product\/2346"}],"collection":[{"href":"https:\/\/www.leus.com.br\/index.php?rest_route=\/wp\/v2\/product"}],"about":[{"href":"https:\/\/www.leus.com.br\/index.php?rest_route=\/wp\/v2\/types\/product"}],"wp:featuredmedia":[{"embeddable":true,"href":"https:\/\/www.leus.com.br\/index.php?rest_route=\/wp\/v2\/media\/3261"}],"wp:attachment":[{"href":"https:\/\/www.leus.com.br\/index.php?rest_route=%2Fwp%2Fv2%2Fmedia&parent=2346"}],"wp:term":[{"taxonomy":"product_cat","embeddable":true,"href":"https:\/\/www.leus.com.br\/index.php?rest_route=%2Fwp%2Fv2%2Fproduct_cat&post=2346"},{"taxonomy":"product_tag","embeddable":true,"href":"https:\/\/www.leus.com.br\/index.php?rest_route=%2Fwp%2Fv2%2Fproduct_tag&post=2346"}],"curies":[{"name":"wp","href":"https:\/\/api.w.org\/{rel}","templated":true}]}}