{"id":2458,"date":"2016-02-02T20:07:57","date_gmt":"2016-02-02T20:07:57","guid":{"rendered":"http:\/\/leus.com.br\/site\/?post_type=product&#038;p=2458"},"modified":"2019-07-16T09:30:03","modified_gmt":"2019-07-16T12:30:03","slug":"sparco-23-palheta-metal","status":"publish","type":"product","link":"https:\/\/www.leus.com.br\/?product=sparco-23-palheta-metal","title":{"rendered":"Palheta Metal &#8211; 23&#8221;"},"content":{"rendered":"<p><a href=\"https:\/\/www.leus.com.br\/site\/wp-content\/uploads\/2016\/02\/Painel-Sparco.jpg\"><img loading=\"lazy\" class=\"alignnone size-large wp-image-5428\" src=\"https:\/\/www.leus.com.br\/site\/wp-content\/uploads\/2016\/02\/Painel-Sparco-1024x488.jpg\" alt=\"Painel Sparco\" width=\"1024\" height=\"488\" srcset=\"https:\/\/www.leus.com.br\/site\/wp-content\/uploads\/2016\/02\/Painel-Sparco-1024x488.jpg 1024w, https:\/\/www.leus.com.br\/site\/wp-content\/uploads\/2016\/02\/Painel-Sparco-scaled-600x286.jpg 600w, https:\/\/www.leus.com.br\/site\/wp-content\/uploads\/2016\/02\/Painel-Sparco-260x124.jpg 260w, https:\/\/www.leus.com.br\/site\/wp-content\/uploads\/2016\/02\/Painel-Sparco-300x143.jpg 300w, https:\/\/www.leus.com.br\/site\/wp-content\/uploads\/2016\/02\/Painel-Sparco-1080x514.jpg 1080w\" sizes=\"(max-width: 1024px) 100vw, 1024px\" \/><\/a><\/p>\n","protected":false},"excerpt":{"rendered":"<ul>\n<li>\n<h4>\u00d3tima performance em alta velocidade<\/h4>\n<\/li>\n<li>\n<h4>M\u00ednima Vibra\u00e7\u00e3o<\/h4>\n<\/li>\n<li>\n<h4>Desenho aerodin\u00e2mico<\/h4>\n<\/li>\n<li>\n<h4>Adaptador Universal<\/h4>\n<\/li>\n<\/ul>\n<h4><span style=\"color: #ff0000;\">Para saber o valor por caixa, por gentileza entre em contato conosco.<\/span><\/h4>\n<h4>Caixa com 10 unidades.<\/h4>\n","protected":false},"featured_media":5439,"template":"","meta":{"_links_to":"","_links_to_target":""},"product_cat":[80,76],"product_tag":[],"_links":{"self":[{"href":"https:\/\/www.leus.com.br\/index.php?rest_route=\/wp\/v2\/product\/2458"}],"collection":[{"href":"https:\/\/www.leus.com.br\/index.php?rest_route=\/wp\/v2\/product"}],"about":[{"href":"https:\/\/www.leus.com.br\/index.php?rest_route=\/wp\/v2\/types\/product"}],"wp:featuredmedia":[{"embeddable":true,"href":"https:\/\/www.leus.com.br\/index.php?rest_route=\/wp\/v2\/media\/5439"}],"wp:attachment":[{"href":"https:\/\/www.leus.com.br\/index.php?rest_route=%2Fwp%2Fv2%2Fmedia&parent=2458"}],"wp:term":[{"taxonomy":"product_cat","embeddable":true,"href":"https:\/\/www.leus.com.br\/index.php?rest_route=%2Fwp%2Fv2%2Fproduct_cat&post=2458"},{"taxonomy":"product_tag","embeddable":true,"href":"https:\/\/www.leus.com.br\/index.php?rest_route=%2Fwp%2Fv2%2Fproduct_tag&post=2458"}],"curies":[{"name":"wp","href":"https:\/\/api.w.org\/{rel}","templated":true}]}}