{"id":2489,"date":"2016-02-03T17:01:19","date_gmt":"2016-02-03T17:01:19","guid":{"rendered":"http:\/\/leus.com.br\/site\/?post_type=product&#038;p=2489"},"modified":"2019-07-16T10:16:42","modified_gmt":"2019-07-16T13:16:42","slug":"sparco-19-palheta-silicone","status":"publish","type":"product","link":"https:\/\/www.leus.com.br\/?product=sparco-19-palheta-silicone","title":{"rendered":"Palheta Silicone  &#8211; 19&#8221;"},"content":{"rendered":"<p><a href=\"https:\/\/www.leus.com.br\/site\/wp-content\/uploads\/2016\/02\/Painel-Sparco1.jpg\"><img loading=\"lazy\" class=\"alignnone size-large wp-image-5433\" src=\"https:\/\/www.leus.com.br\/site\/wp-content\/uploads\/2016\/02\/Painel-Sparco1-1024x488.jpg\" alt=\"Painel Sparco\" width=\"1024\" height=\"488\" srcset=\"https:\/\/www.leus.com.br\/site\/wp-content\/uploads\/2016\/02\/Painel-Sparco1-1024x488.jpg 1024w, https:\/\/www.leus.com.br\/site\/wp-content\/uploads\/2016\/02\/Painel-Sparco1-scaled-600x286.jpg 600w, https:\/\/www.leus.com.br\/site\/wp-content\/uploads\/2016\/02\/Painel-Sparco1-260x124.jpg 260w, https:\/\/www.leus.com.br\/site\/wp-content\/uploads\/2016\/02\/Painel-Sparco1-300x143.jpg 300w, https:\/\/www.leus.com.br\/site\/wp-content\/uploads\/2016\/02\/Painel-Sparco1-1080x514.jpg 1080w\" sizes=\"(max-width: 1024px) 100vw, 1024px\" \/><\/a><\/p>\n<h4>Caixa com 10 unidades.<\/h4>\n","protected":false},"excerpt":{"rendered":"<ul>\n<li>\n<h4>\u00d3tima performance em alta velocidade<\/h4>\n<\/li>\n<li>\n<h4>M\u00ednima Vibra\u00e7\u00e3o<\/h4>\n<\/li>\n<li>\n<h4>Desenho aerodin\u00e2mico<\/h4>\n<\/li>\n<li>\n<h4>Adaptador Universal<\/h4>\n<\/li>\n<\/ul>\n<h4><span style=\"color: #ff0000;\">Para saber o valor por caixa, por gentileza entre em contato conosco.<\/span><\/h4>\n<h4>Caixa com 10 unidades.<\/h4>\n","protected":false},"featured_media":5443,"template":"","meta":{"_links_to":"","_links_to_target":""},"product_cat":[80],"product_tag":[],"_links":{"self":[{"href":"https:\/\/www.leus.com.br\/index.php?rest_route=\/wp\/v2\/product\/2489"}],"collection":[{"href":"https:\/\/www.leus.com.br\/index.php?rest_route=\/wp\/v2\/product"}],"about":[{"href":"https:\/\/www.leus.com.br\/index.php?rest_route=\/wp\/v2\/types\/product"}],"wp:featuredmedia":[{"embeddable":true,"href":"https:\/\/www.leus.com.br\/index.php?rest_route=\/wp\/v2\/media\/5443"}],"wp:attachment":[{"href":"https:\/\/www.leus.com.br\/index.php?rest_route=%2Fwp%2Fv2%2Fmedia&parent=2489"}],"wp:term":[{"taxonomy":"product_cat","embeddable":true,"href":"https:\/\/www.leus.com.br\/index.php?rest_route=%2Fwp%2Fv2%2Fproduct_cat&post=2489"},{"taxonomy":"product_tag","embeddable":true,"href":"https:\/\/www.leus.com.br\/index.php?rest_route=%2Fwp%2Fv2%2Fproduct_tag&post=2489"}],"curies":[{"name":"wp","href":"https:\/\/api.w.org\/{rel}","templated":true}]}}