{"id":3760,"date":"2016-09-08T18:25:03","date_gmt":"2016-09-08T18:25:03","guid":{"rendered":"http:\/\/leus.com.br\/site\/?post_type=product&#038;p=3760"},"modified":"2019-02-21T16:00:02","modified_gmt":"2019-02-21T19:00:02","slug":"assento-infantil-f500i","status":"publish","type":"product","link":"https:\/\/www.leus.com.br\/?product=assento-infantil-f500i","title":{"rendered":"Assento Infantil &#8211; F500I"},"content":{"rendered":"<h4 class=\"default-text subtitle\">ASSENTO INFANTIL: 9 MESES A 4 ANOS (9-18 Kg)<\/h4>\n<h4>Com o sistema de cinco pontos de inclina\u00e7\u00e3o , alternados que possibilitam mais conforto e seguran\u00e7a<br \/>\nna viajem por conta do novo sistema isofix, garantindo mais estabilidade junto ao banco do passageiro.<\/h4>\n<h4>Com 5 op\u00e7\u00f5es de inclina\u00e7\u00e3o, adaptadores para cintos de seguran\u00e7a, encaixe isofix, perna suporte para fixa\u00e7\u00e3o no ch\u00e3o, al\u00e9m de assento acolchoado, a nova cadeira da Sparco resguarda a prote\u00e7\u00e3o necess\u00e1ria para o seu ve\u00edculo e para a crian\u00e7a. Um sistema tecnol\u00f3gico inovador, com design e qualidade inigual\u00e1veis.<\/h4>\n","protected":false},"excerpt":{"rendered":"<ul>\n<li>\n<h3 class=\"section-title black-title\">ESPECIFICA\u00c7\u00d5ES F500I<\/h3>\n<ul class=\"default-list\">\n<li class=\"list-item default-text\">\n<h4>Para Crian\u00e7as de 9-18kg\/9m-4anos (aprox.);<\/h4>\n<\/li>\n<li class=\"list-item default-text\">\n<h4>Linha de Design esportiva;<\/h4>\n<\/li>\n<li class=\"list-item default-text\">\n<h4>Sistema de 5 pontos de inclina\u00e7\u00e3o de f\u00e1cil ajuste;<\/h4>\n<\/li>\n<li class=\"list-item default-text\">\n<h4>4 adornos para crian\u00e7as de diferentes pesos;<\/h4>\n<\/li>\n<li class=\"list-item default-text\">\n<h4>Conector Isofix automaticamente extend\u00edvel;<\/h4>\n<\/li>\n<li class=\"list-item default-text\">\n<h4>Fechadura Isofix inteligente;<\/h4>\n<\/li>\n<li class=\"list-item default-text\">\n<h4>Suporte de pernas confortav\u00e9l;<\/h4>\n<\/li>\n<li class=\"list-item default-text\">\n<h4>Redutor de choques;<\/h4>\n<\/li>\n<\/ul>\n<\/li>\n<\/ul>\n","protected":false},"featured_media":5279,"template":"","meta":{"_links_to":"","_links_to_target":""},"product_cat":[81],"product_tag":[],"_links":{"self":[{"href":"https:\/\/www.leus.com.br\/index.php?rest_route=\/wp\/v2\/product\/3760"}],"collection":[{"href":"https:\/\/www.leus.com.br\/index.php?rest_route=\/wp\/v2\/product"}],"about":[{"href":"https:\/\/www.leus.com.br\/index.php?rest_route=\/wp\/v2\/types\/product"}],"wp:featuredmedia":[{"embeddable":true,"href":"https:\/\/www.leus.com.br\/index.php?rest_route=\/wp\/v2\/media\/5279"}],"wp:attachment":[{"href":"https:\/\/www.leus.com.br\/index.php?rest_route=%2Fwp%2Fv2%2Fmedia&parent=3760"}],"wp:term":[{"taxonomy":"product_cat","embeddable":true,"href":"https:\/\/www.leus.com.br\/index.php?rest_route=%2Fwp%2Fv2%2Fproduct_cat&post=3760"},{"taxonomy":"product_tag","embeddable":true,"href":"https:\/\/www.leus.com.br\/index.php?rest_route=%2Fwp%2Fv2%2Fproduct_tag&post=3760"}],"curies":[{"name":"wp","href":"https:\/\/api.w.org\/{rel}","templated":true}]}}