{"id":3767,"date":"2016-09-08T19:37:08","date_gmt":"2016-09-08T19:37:08","guid":{"rendered":"http:\/\/leus.com.br\/site\/?post_type=product&#038;p=3767"},"modified":"2019-02-21T15:45:51","modified_gmt":"2019-02-21T18:45:51","slug":"assento-infantil-f700i","status":"publish","type":"product","link":"https:\/\/www.leus.com.br\/?product=assento-infantil-f700i","title":{"rendered":"Assento Infantil &#8211; F700I"},"content":{"rendered":"<h4 class=\"default-text subtitle\">ASSENTO INFANTIL: 3 A 12 ANOS (15-36KG)<\/h4>\n<h4>Com o sistema de cinco pontos de inclina\u00e7\u00e3o , alternados que possibilitam mais conforto e seguran\u00e7a<br \/>\nna viajem por conta do novo sistema isofix, garantindo mais estabilidade junto ao banco do passageiro.<\/h4>\n<h4>Com 5 op\u00e7\u00f5es de inclina\u00e7\u00e3o, adaptadores para cintos de seguran\u00e7a, encaixe isofix, perna suporte para fixa\u00e7\u00e3o no ch\u00e3o, al\u00e9m de assento acolchoado, a nova cadeira da Sparco resguarda a prote\u00e7\u00e3o necess\u00e1ria para o seu ve\u00edculo e para a crian\u00e7a. Um sistema tecnol\u00f3gico inovador, com design e qualidade inigual\u00e1veis.<\/h4>\n","protected":false},"excerpt":{"rendered":"<h4>Especifica\u00e7\u00f5es F700 I:<\/h4>\n<ul>\n<li>\n<h4>Inclina\u00e7\u00e3o ajust\u00e1vel do encosto com prote\u00e7\u00e3o para o corpo da crian\u00e7a;<\/h4>\n<\/li>\n<li>\n<h4>Almofada confort\u00e1vel e ampla;<\/h4>\n<\/li>\n<li>\n<h4>Conectores Fix, r\u00e1pidos e f\u00e1ceis para a instala\u00e7\u00e3o do assento infantil no carro;<\/h4>\n<\/li>\n<li>\n<h4>Bra\u00e7os ergon\u00f4micos.<\/h4>\n<\/li>\n<\/ul>\n","protected":false},"featured_media":5276,"template":"","meta":{"_links_to":"","_links_to_target":""},"product_cat":[81],"product_tag":[],"_links":{"self":[{"href":"https:\/\/www.leus.com.br\/index.php?rest_route=\/wp\/v2\/product\/3767"}],"collection":[{"href":"https:\/\/www.leus.com.br\/index.php?rest_route=\/wp\/v2\/product"}],"about":[{"href":"https:\/\/www.leus.com.br\/index.php?rest_route=\/wp\/v2\/types\/product"}],"wp:featuredmedia":[{"embeddable":true,"href":"https:\/\/www.leus.com.br\/index.php?rest_route=\/wp\/v2\/media\/5276"}],"wp:attachment":[{"href":"https:\/\/www.leus.com.br\/index.php?rest_route=%2Fwp%2Fv2%2Fmedia&parent=3767"}],"wp:term":[{"taxonomy":"product_cat","embeddable":true,"href":"https:\/\/www.leus.com.br\/index.php?rest_route=%2Fwp%2Fv2%2Fproduct_cat&post=3767"},{"taxonomy":"product_tag","embeddable":true,"href":"https:\/\/www.leus.com.br\/index.php?rest_route=%2Fwp%2Fv2%2Fproduct_tag&post=3767"}],"curies":[{"name":"wp","href":"https:\/\/api.w.org\/{rel}","templated":true}]}}