{"id":3780,"date":"2016-09-09T12:00:12","date_gmt":"2016-09-09T12:00:12","guid":{"rendered":"http:\/\/leus.com.br\/site\/?post_type=product&#038;p=3780"},"modified":"2016-11-21T17:58:04","modified_gmt":"2016-11-21T17:58:04","slug":"chave-de-impacto-cp7721","status":"publish","type":"product","link":"https:\/\/www.leus.com.br\/?product=chave-de-impacto-cp7721","title":{"rendered":"Chave de Impacto CP7721"},"content":{"rendered":"<h4 id=\"tw-target-text\" class=\"tw-data-text tw-ta tw-text-small\" dir=\"ltr\" data-placeholder=\"Tradu\u00e7\u00e3o\"><\/h4>\n<div class='et_post_video'><iframe width=\"1080\" height=\"608\" src=\"https:\/\/www.youtube.com\/embed\/2W3nhf_mUEw?feature=oembed\" frameborder=\"0\" allowfullscreen><\/iframe><\/div>\n<h4 id=\"tw-target-text\" class=\"tw-data-text tw-ta tw-text-small\" dir=\"ltr\" data-placeholder=\"Tradu\u00e7\u00e3o\"><span lang=\"pt\">Caracter\u00edsticas:<\/span><\/h4>\n<h4 class=\"tw-data-text tw-ta tw-text-small\" dir=\"ltr\" data-placeholder=\"Tradu\u00e7\u00e3o\"><span lang=\"pt\">5,5 pol. \/ 140 mm de comprimento , fornece acesso mais f\u00e1cil aos locais de dif\u00edcil acesso 1,16 lbs . \/ 0,53 kg 80 ft.lbs . \/ 110 Nm em sentido inverso.<\/span><br \/>\n<span lang=\"pt\">Duplo mecanismo de balan\u00e7o c\u00e3o e carca\u00e7a de alum\u00ednio regulador de energia na parte de tr\u00e1s : 3 posi\u00e7\u00f5es de ambos os lados mudan\u00e7a da borboleta para avan\u00e7o \/ recuo Built-in de 180 \u00b0 de ar girat\u00f3ria de entrada ferramenta ideal para trabalhos de transmiss\u00e3o e repara\u00e7\u00e3o de motores , pain\u00e9is de carroceria , panelas de \u00f3leo , igni\u00e7\u00f5es , repara\u00e7\u00e3o de motor ciclo e assentos de ve\u00edculos.<\/span><\/h4>\n<table class=\"data sort_header\">\n<thead>\n<tr class=\"\">\n<th colspan=\"3\"><\/th>\n<\/tr>\n<\/thead>\n<tbody>\n<tr class=\"\">\n<td class=\"h\">\n<h4>N\u00famero da pe\u00e7a<\/h4>\n<\/td>\n<td colspan=\"2\">\n<h4>8941077210<\/h4>\n<\/td>\n<\/tr>\n<tr class=\"\">\n<td class=\"h\">\n<h4>Modelo<\/h4>\n<\/td>\n<td colspan=\"2\">\n<h4>CP7721<\/h4>\n<\/td>\n<\/tr>\n<tr class=\"\">\n<td class=\"h\">\n<h4>Tipo punho<\/h4>\n<\/td>\n<td colspan=\"2\">\n<h4>Butterfly<\/h4>\n<\/td>\n<\/tr>\n<tr class=\"\">\n<td class=\"h\">\n<h4>Impulsor Quadrado<\/h4>\n<\/td>\n<td>\n<h4>3\/8&#8243;<\/h4>\n<\/td>\n<td class=\"blurred\">\n<h4><\/h4>\n<\/td>\n<\/tr>\n<tr class=\"\">\n<td class=\"h\">\n<h4>Faixa de torque de trabalho (para frente)<\/h4>\n<\/td>\n<td>\n<h4>9-80\u00a0Nm<\/h4>\n<\/td>\n<td class=\"blurred\">\n<h4>6.6-59<\/h4>\n<\/td>\n<\/tr>\n<tr class=\"\">\n<td class=\"h\">\n<h4>Torque M\u00e1ximo (reverso)<\/h4>\n<\/td>\n<td>\n<h4>110\u00a0Nm<\/h4>\n<\/td>\n<td class=\"blurred\">\n<h4>81\u00a0p\u00e9s.lbs<\/h4>\n<\/td>\n<\/tr>\n<tr class=\"\">\n<td class=\"h\">\n<h4>Velocidade livre<\/h4>\n<\/td>\n<td colspan=\"2\">\n<h4>15000\u00a0rpm<\/h4>\n<\/td>\n<\/tr>\n<tr class=\"\">\n<td class=\"h\">\n<h4>Peso l\u00edquido<\/h4>\n<\/td>\n<td>\n<h4>0.53\u00a0kg<\/h4>\n<\/td>\n<td class=\"blurred\">\n<h4>1.1\u00a0lb<\/h4>\n<\/td>\n<\/tr>\n<tr class=\"\">\n<td class=\"h\">\n<h4>Rela\u00e7\u00e3o pot\u00eancia\/peso<\/h4>\n<\/td>\n<td>\n<h4>220\u00a0Nm\/kg<\/h4>\n<\/td>\n<td class=\"blurred\">\n<h4>73.6\u00a0p\u00e9s.lb\/lb<\/h4>\n<\/td>\n<\/tr>\n<tr class=\"\">\n<td class=\"h\">\n<h4>Comprimento<\/h4>\n<\/td>\n<td>\n<h4>140\u00a0mm<\/h4>\n<\/td>\n<td class=\"blurred\">\n<h4>5 1\/2&#8243;<\/h4>\n<\/td>\n<\/tr>\n<tr class=\"\">\n<td class=\"h\">\n<h4>Lado ao centro<\/h4>\n<\/td>\n<td>\n<h4>40\u00a0mm<\/h4>\n<\/td>\n<td class=\"blurred\">\n<h4>1.6&#8243;<\/h4>\n<\/td>\n<\/tr>\n<tr class=\"\">\n<td class=\"h\">\n<h4>Consumo m\u00e9dio de ar<\/h4>\n<\/td>\n<td>\n<h4>0.7\u00a0l\/s<\/h4>\n<\/td>\n<td class=\"blurred\">\n<h4>1 1\/2\u00a0cfm<\/h4>\n<\/td>\n<\/tr>\n<tr class=\"\">\n<td class=\"h\">\n<h4>Consumo real de ar<\/h4>\n<\/td>\n<td>\n<h4>2.9\u00a0l\/s<\/h4>\n<\/td>\n<td class=\"blurred\">\n<h4>6\u00a0cfm<\/h4>\n<\/td>\n<\/tr>\n<tr class=\"\">\n<td class=\"h\">\n<h4>Tamanho da rosca da entrada de ar<\/h4>\n<\/td>\n<td colspan=\"2\">\n<h4>0.25\u00a0&#8220;<\/h4>\n<\/td>\n<\/tr>\n<tr class=\"\">\n<td class=\"h\">\n<h4>Tamanho min. mangueira<\/h4>\n<\/td>\n<td>\n<h4>10\u00a0mm<\/h4>\n<\/td>\n<td class=\"blurred\">\n<h4>3\/8&#8243;<\/h4>\n<\/td>\n<\/tr>\n<tr class=\"\">\n<td class=\"h\">\n<h4>N\u00edvel de ru\u00eddo<\/h4>\n<\/td>\n<td colspan=\"2\">\n<h4>92\u00a0db(A)<\/h4>\n<\/td>\n<\/tr>\n<tr class=\"\">\n<td class=\"h\">\n<h4>Pot\u00eancia de som<\/h4>\n<\/td>\n<td colspan=\"2\">\n<h4>103\u00a0db(A)<\/h4>\n<\/td>\n<\/tr>\n<tr class=\"\">\n<td class=\"h\">\n<h4>Vibra\u00e7\u00e3o \u03b1 (ISO-28927-2)<\/h4>\n<\/td>\n<td colspan=\"2\">\n<h4>4\u00a0m\/s\u00b2<\/h4>\n<\/td>\n<\/tr>\n<tr class=\"\">\n<td class=\"h\">\n<h4>Vibra\u00e7\u00e3o K (ISO-28927-2)<\/h4>\n<\/td>\n<td colspan=\"2\">\n<h4>1\u00a0m\/s\u00b2<\/h4>\n<\/td>\n<\/tr>\n<tr class=\"\">\n<td class=\"h\">Retentor de soquete<\/td>\n<td colspan=\"2\">Anel de fric\u00e7\u00e3o<\/td>\n<\/tr>\n<tr class=\"\">\n<td class=\"h\">Tipo de embreagem<\/td>\n<td colspan=\"2\">Embreagem de garra oscilante<\/td>\n<\/tr>\n<\/tbody>\n<\/table>\n","protected":false},"excerpt":{"rendered":"<ul>\n<li>\n<h4>\u00a0Benef\u00edcios:<\/h4>\n<\/li>\n<li>\n<h4><span lang=\"pt\">CP7721 &#8211; 15% menor do que todos os outras chaves de \u00a0impacto<\/span><\/h4>\n<\/li>\n<li>\n<h4><span lang=\"pt\">Compactar leve <\/span><\/h4>\n<\/li>\n<li>\n<h4><span lang=\"pt\">Poderosoe de \u00a0f\u00e1cil opera\u00e7\u00e3o<\/span><\/h4>\n<\/li>\n<li>\n<h4><span lang=\"pt\">Dur\u00e1vel<\/span><\/h4>\n<\/li>\n<\/ul>\n","protected":false},"featured_media":3781,"template":"","meta":{"_links_to":"","_links_to_target":""},"product_cat":[9],"product_tag":[],"_links":{"self":[{"href":"https:\/\/www.leus.com.br\/index.php?rest_route=\/wp\/v2\/product\/3780"}],"collection":[{"href":"https:\/\/www.leus.com.br\/index.php?rest_route=\/wp\/v2\/product"}],"about":[{"href":"https:\/\/www.leus.com.br\/index.php?rest_route=\/wp\/v2\/types\/product"}],"wp:featuredmedia":[{"embeddable":true,"href":"https:\/\/www.leus.com.br\/index.php?rest_route=\/wp\/v2\/media\/3781"}],"wp:attachment":[{"href":"https:\/\/www.leus.com.br\/index.php?rest_route=%2Fwp%2Fv2%2Fmedia&parent=3780"}],"wp:term":[{"taxonomy":"product_cat","embeddable":true,"href":"https:\/\/www.leus.com.br\/index.php?rest_route=%2Fwp%2Fv2%2Fproduct_cat&post=3780"},{"taxonomy":"product_tag","embeddable":true,"href":"https:\/\/www.leus.com.br\/index.php?rest_route=%2Fwp%2Fv2%2Fproduct_tag&post=3780"}],"curies":[{"name":"wp","href":"https:\/\/api.w.org\/{rel}","templated":true}]}}