{"id":3791,"date":"2016-09-09T14:21:45","date_gmt":"2016-09-09T14:21:45","guid":{"rendered":"http:\/\/leus.com.br\/site\/?post_type=product&#038;p=3791"},"modified":"2016-11-21T17:53:01","modified_gmt":"2016-11-21T17:53:01","slug":"chave-de-impacto-cp-7736","status":"publish","type":"product","link":"https:\/\/www.leus.com.br\/?product=chave-de-impacto-cp-7736","title":{"rendered":"Chave de Impacto CP 7736"},"content":{"rendered":"<h4>O CP7736\u00a0 possui um mecanismo de martelo duplo que fornece um torque de trabalho de 51-568 ft.lbs. (69-770 Nm) e um bin\u00e1rio m\u00e1ximo de 670 ft.lbs. (900 nm). Embora a mec\u00e2nica de servi\u00e7o de ve\u00edculo vai encontrar muitos usos para esta ferramenta, a S\u00e9rie CP7736 tamb\u00e9m \u00e9 um excelente investimento para opera\u00e7\u00f5es gerais de repara\u00e7\u00e3o e manuten\u00e7\u00e3o.<\/h4>\n<table class=\"data sort_header\">\n<tbody>\n<tr class=\"\">\n<td class=\"h\">\n<h4>N\u00famero da pe\u00e7a<\/h4>\n<\/td>\n<td colspan=\"2\">\n<h4>8941077360<\/h4>\n<\/td>\n<\/tr>\n<tr class=\"\">\n<td class=\"h\">\n<h4>Modelo<\/h4>\n<\/td>\n<td colspan=\"2\">\n<h4>CP7736<\/h4>\n<\/td>\n<\/tr>\n<tr class=\"\">\n<td class=\"h\">\n<h4>Tipo punho<\/h4>\n<\/td>\n<td colspan=\"2\">\n<h4>Pistola<\/h4>\n<\/td>\n<\/tr>\n<tr class=\"\">\n<td class=\"h\">\n<h4>Impulsor Quadrado<\/h4>\n<\/td>\n<td>\n<h4>1\/2&#8243;<\/h4>\n<\/td>\n<td class=\"blurred\"><\/td>\n<\/tr>\n<tr class=\"\">\n<td class=\"h\">\n<h4>Faixa de torque de trabalho (para frente)<\/h4>\n<\/td>\n<td>\n<h4>69-770\u00a0Nm<\/h4>\n<\/td>\n<td class=\"blurred\">\n<h4>51-570<\/h4>\n<\/td>\n<\/tr>\n<tr class=\"\">\n<td class=\"h\">\n<h4>Torque M\u00e1ximo (reverso)<\/h4>\n<\/td>\n<td>\n<h4>900\u00a0Nm<\/h4>\n<\/td>\n<td class=\"blurred\">\n<h4>665\u00a0p\u00e9s.lbs<\/h4>\n<\/td>\n<\/tr>\n<tr class=\"\">\n<td class=\"h\">\n<h4>Velocidade livre<\/h4>\n<\/td>\n<td colspan=\"2\">\n<h4>10020\u00a0rpm<\/h4>\n<\/td>\n<\/tr>\n<tr class=\"\">\n<td class=\"h\">\n<h4>Peso l\u00edquido<\/h4>\n<\/td>\n<td>\n<h4>2.58\u00a0kg<\/h4>\n<\/td>\n<td class=\"blurred\">\n<h4>5.7\u00a0lb<\/h4>\n<\/td>\n<\/tr>\n<tr class=\"\">\n<td class=\"h\">\n<h4>Comprimento<\/h4>\n<\/td>\n<td>\n<h4>192\u00a0mm<\/h4>\n<\/td>\n<td class=\"blurred\">\n<h4>7.6&#8243;<\/h4>\n<\/td>\n<\/tr>\n<tr class=\"\">\n<td class=\"h\">\n<h4>Lado ao centro<\/h4>\n<\/td>\n<td>\n<h4>70\u00a0mm<\/h4>\n<\/td>\n<td class=\"blurred\">\n<h4>2.8&#8243;<\/h4>\n<\/td>\n<\/tr>\n<tr class=\"\">\n<td class=\"h\">\n<h4>Consumo m\u00e9dio de ar<\/h4>\n<\/td>\n<td>\n<h4>2.1\u00a0l\/s<\/h4>\n<\/td>\n<td class=\"blurred\">\n<h4>4.4\u00a0cfm<\/h4>\n<\/td>\n<\/tr>\n<tr class=\"\">\n<td class=\"h\">\n<h4>Consumo real de ar<\/h4>\n<\/td>\n<td>\n<h4>8.3\u00a0l\/s<\/h4>\n<\/td>\n<td class=\"blurred\">\n<h4>18\u00a0cfm<\/h4>\n<\/td>\n<\/tr>\n<tr class=\"\">\n<td class=\"h\">\n<h4>Tamanho da rosca da entrada de ar<\/h4>\n<\/td>\n<td colspan=\"2\">\n<h4>0.25\u00a0&#8220;<\/h4>\n<\/td>\n<\/tr>\n<tr class=\"\">\n<td class=\"h\">\n<h4>Tamanho min. mangueira<\/h4>\n<\/td>\n<td>\n<h4>10\u00a0mm<\/h4>\n<\/td>\n<td class=\"blurred\">\n<h4>3\/8&#8243;<\/h4>\n<\/td>\n<\/tr>\n<tr class=\"\">\n<td class=\"h\">\n<h4>N\u00edvel de ru\u00eddo<\/h4>\n<\/td>\n<td colspan=\"2\">\n<h4>93.8\u00a0db(A)<\/h4>\n<\/td>\n<\/tr>\n<tr class=\"\">\n<td class=\"h\">\n<h4>Pot\u00eancia de som<\/h4>\n<\/td>\n<td colspan=\"2\">\n<h4>107.8\u00a0db(A)<\/h4>\n<\/td>\n<\/tr>\n<tr class=\"\">\n<td class=\"h\">\n<h4>Vibra\u00e7\u00e3o \u03b1 (ISO-28927-2)<\/h4>\n<\/td>\n<td colspan=\"2\">\n<h4>9.5\u00a0m\/s\u00b2<\/h4>\n<\/td>\n<\/tr>\n<tr class=\"\">\n<td class=\"h\">\n<h4>Vibra\u00e7\u00e3o K (ISO-28927-2)<\/h4>\n<\/td>\n<td colspan=\"2\">\n<h4>2.2\u00a0m\/s\u00b2<\/h4>\n<\/td>\n<\/tr>\n<tr class=\"\">\n<td class=\"h\">\n<h4>Retentor de soquete<\/h4>\n<\/td>\n<td colspan=\"2\">\n<h4>Anel de fric\u00e7\u00e3o<\/h4>\n<\/td>\n<\/tr>\n<tr class=\"over\">\n<td class=\"h\">\n<h4>Tipo de embreagem<\/h4>\n<\/td>\n<td colspan=\"2\">\n<h4>Double-Dog<\/h4>\n<\/td>\n<\/tr>\n<\/tbody>\n<\/table>\n<p>&nbsp;<\/p>\n","protected":false},"excerpt":{"rendered":"<ul>\n<li>\n<h4>Benef\u00edcios:<\/h4>\n<\/li>\n<li>\n<h4>Poderosa<\/h4>\n<\/li>\n<li>\n<h4>Dur\u00e1vel<\/h4>\n<\/li>\n<li>\n<h4>Confort\u00e1vel e compacta<\/h4>\n<\/li>\n<li>\n<h4>Vers\u00e1til F\u00e1cil de usar<\/h4>\n<\/li>\n<li>\n<h4>Melhor desempenho rela\u00e7\u00e3o pre\u00e7o da sua classe<\/h4>\n<\/li>\n<li>\n<h4 id=\"tw-target-text\" class=\"tw-data-text tw-ta tw-text-small\" dir=\"ltr\" data-placeholder=\"Tradu\u00e7\u00e3o\"><span lang=\"pt\">Caracter\u00edsticas: <\/span><\/h4>\n<\/li>\n<li>\n<h4 id=\"tw-target-text\" class=\"tw-data-text tw-ta tw-text-small\" dir=\"ltr\" data-placeholder=\"Tradu\u00e7\u00e3o\"><span lang=\"pt\">670 ft . Lbs . &#8211; 900 Nm max no sentido inverso <\/span><\/h4>\n<\/li>\n<li>\n<h4 id=\"tw-target-text\" class=\"tw-data-text tw-ta tw-text-small\" dir=\"ltr\" data-placeholder=\"Tradu\u00e7\u00e3o\"><span lang=\"pt\">Mecanismo de percuss\u00e3o duplo e motor de a\u00e7o<\/span><\/h4>\n<\/li>\n<li>\n<h4 id=\"tw-target-text\" class=\"tw-data-text tw-ta tw-text-small\" dir=\"ltr\" data-placeholder=\"Tradu\u00e7\u00e3o\"><span lang=\"pt\">Bem tens\u00e3o do pulso minimiza\u00e7\u00e3o equilibrada pega ergon\u00f3mica se encaixa perfeitamente na m\u00e3o <\/span><\/h4>\n<\/li>\n<li>\n<h4 id=\"tw-target-text\" class=\"tw-data-text tw-ta tw-text-small\" dir=\"ltr\" data-placeholder=\"Tradu\u00e7\u00e3o\"><span lang=\"pt\">Adequado para todas as aplica\u00e7\u00f5es de manuten\u00e7\u00e3o <\/span><\/h4>\n<\/li>\n<li>\n<h4 id=\"tw-target-text\" class=\"tw-data-text tw-ta tw-text-small\" dir=\"ltr\" data-placeholder=\"Tradu\u00e7\u00e3o\"><span lang=\"pt\">\u00a0Ve\u00edculos leves pneu mudando opera\u00e7\u00f5es <\/span><\/h4>\n<\/li>\n<li>\n<h4 id=\"tw-target-text\" class=\"tw-data-text tw-ta tw-text-small\" dir=\"ltr\" data-placeholder=\"Tradu\u00e7\u00e3o\"><span lang=\"pt\">\u00a0Os ve\u00edculos ligeiros de repara\u00e7\u00e3o mec\u00e2nica <\/span><\/h4>\n<\/li>\n<li>\n<h4 id=\"tw-target-text\" class=\"tw-data-text tw-ta tw-text-small\" dir=\"ltr\" data-placeholder=\"Tradu\u00e7\u00e3o\"><span lang=\"pt\">\u00a0Aplica\u00e7\u00f5es de MRO 3 configura\u00e7\u00f5es de energia na frente e uma para tr\u00e1s.<\/span><\/h4>\n<\/li>\n<\/ul>\n<p>&nbsp;<\/p>\n","protected":false},"featured_media":3792,"template":"","meta":{"_links_to":"","_links_to_target":""},"product_cat":[9],"product_tag":[],"_links":{"self":[{"href":"https:\/\/www.leus.com.br\/index.php?rest_route=\/wp\/v2\/product\/3791"}],"collection":[{"href":"https:\/\/www.leus.com.br\/index.php?rest_route=\/wp\/v2\/product"}],"about":[{"href":"https:\/\/www.leus.com.br\/index.php?rest_route=\/wp\/v2\/types\/product"}],"wp:featuredmedia":[{"embeddable":true,"href":"https:\/\/www.leus.com.br\/index.php?rest_route=\/wp\/v2\/media\/3792"}],"wp:attachment":[{"href":"https:\/\/www.leus.com.br\/index.php?rest_route=%2Fwp%2Fv2%2Fmedia&parent=3791"}],"wp:term":[{"taxonomy":"product_cat","embeddable":true,"href":"https:\/\/www.leus.com.br\/index.php?rest_route=%2Fwp%2Fv2%2Fproduct_cat&post=3791"},{"taxonomy":"product_tag","embeddable":true,"href":"https:\/\/www.leus.com.br\/index.php?rest_route=%2Fwp%2Fv2%2Fproduct_tag&post=3791"}],"curies":[{"name":"wp","href":"https:\/\/api.w.org\/{rel}","templated":true}]}}