{"id":3794,"date":"2016-09-09T14:41:38","date_gmt":"2016-09-09T14:41:38","guid":{"rendered":"http:\/\/leus.com.br\/site\/?post_type=product&#038;p=3794"},"modified":"2016-09-09T14:41:45","modified_gmt":"2016-09-09T14:41:45","slug":"chave-de-impacto-cp-7630","status":"publish","type":"product","link":"https:\/\/www.leus.com.br\/?product=chave-de-impacto-cp-7630","title":{"rendered":"Chave de Impacto Cp 7630"},"content":{"rendered":"<table class=\"data sort_header\">\n<thead>\n<tr>\n<th colspan=\"3\"><\/th>\n<\/tr>\n<\/thead>\n<tbody>\n<tr class=\"\">\n<td class=\"h\">\n<h5>N\u00famero da pe\u00e7a<\/h5>\n<\/td>\n<td colspan=\"2\">\n<h5>8941076300<\/h5>\n<\/td>\n<\/tr>\n<tr class=\"\">\n<td class=\"h\">\n<h5>Modelo<\/h5>\n<\/td>\n<td colspan=\"2\">\n<h5>CP7630<\/h5>\n<\/td>\n<\/tr>\n<tr class=\"\">\n<td class=\"h\">\n<h5>Tipo punho<\/h5>\n<\/td>\n<td colspan=\"2\">\n<h5>Pistola<\/h5>\n<\/td>\n<\/tr>\n<tr class=\"\">\n<td class=\"h\">\n<h5>Impulsor Quadrado<\/h5>\n<\/td>\n<td>\n<h5>3\/4&#8243;<\/h5>\n<\/td>\n<td class=\"blurred\"><\/td>\n<\/tr>\n<tr class=\"\">\n<td class=\"h\">\n<h5>Faixa de torque de trabalho (para frente)<\/h5>\n<\/td>\n<td>\n<h5>177-1,097\u00a0Nm<\/h5>\n<\/td>\n<td class=\"blurred\">\n<h5>130-810<\/h5>\n<\/td>\n<\/tr>\n<tr class=\"\">\n<td class=\"h\">\n<h5>Torque M\u00e1ximo (reverso)<\/h5>\n<\/td>\n<td>\n<h5>1500\u00a0Nm<\/h5>\n<\/td>\n<td class=\"blurred\">\n<h5>1100\u00a0p\u00e9s.lbs<\/h5>\n<\/td>\n<\/tr>\n<tr class=\"\">\n<td class=\"h\">\n<h5>Velocidade livre<\/h5>\n<\/td>\n<td colspan=\"2\">\n<h5>6900\u00a0rpm<\/h5>\n<\/td>\n<\/tr>\n<tr class=\"\">\n<td class=\"h\">\n<h5>Peso l\u00edquido<\/h5>\n<\/td>\n<td>\n<h5>4.8\u00a0kg<\/h5>\n<\/td>\n<td class=\"blurred\">\n<h5>10,648\u00a0lb<\/h5>\n<\/td>\n<\/tr>\n<tr class=\"\">\n<td class=\"h\">\n<h5>Comprimento<\/h5>\n<\/td>\n<td>\n<h5>240\u00a0mm<\/h5>\n<\/td>\n<td class=\"blurred\">\n<h5>9.45&#8243;<\/h5>\n<\/td>\n<\/tr>\n<tr>\n<td class=\"h\">\n<h5>Consumo m\u00e9dio de ar<\/h5>\n<\/td>\n<td>\n<h5>2.4\u00a0l\/s<\/h5>\n<\/td>\n<td class=\"blurred\">\n<h5>5.1\u00a0cfm<\/h5>\n<\/td>\n<\/tr>\n<tr class=\"\">\n<td class=\"h\">\n<h5>Consumo real de ar<\/h5>\n<\/td>\n<td>\n<h5>9.7\u00a0l\/s<\/h5>\n<\/td>\n<td class=\"blurred\">\n<h5>21\u00a0cfm<\/h5>\n<\/td>\n<\/tr>\n<tr class=\"\">\n<td class=\"h\">\n<h5>Consumo de ar em velocidade livre<\/h5>\n<\/td>\n<td>\n<h5>22.5\u00a0l\/s<\/h5>\n<\/td>\n<td class=\"blurred\">\n<h5>47.66\u00a0cfm<\/h5>\n<\/td>\n<\/tr>\n<tr class=\"\">\n<td class=\"h\">\n<h5>Tamanho da rosca da entrada de ar<\/h5>\n<\/td>\n<td colspan=\"2\">\n<h5>0.375\u00a0&#8220;<\/h5>\n<\/td>\n<\/tr>\n<tr class=\"\">\n<td class=\"h\">\n<h5>Tamanho min. mangueira<\/h5>\n<\/td>\n<td>\n<h5>13\u00a0mm<\/h5>\n<\/td>\n<td class=\"blurred\">\n<h5>1\/2&#8243;<\/h5>\n<\/td>\n<\/tr>\n<tr class=\"\">\n<td class=\"h\">\n<h5>N\u00edvel de ru\u00eddo<\/h5>\n<\/td>\n<td colspan=\"2\">\n<h5>105.3\u00a0db(A)<\/h5>\n<\/td>\n<\/tr>\n<tr>\n<td class=\"h\">\n<h5>Pot\u00eancia de som<\/h5>\n<\/td>\n<td colspan=\"2\">\n<h5>116.3\u00a0db(A)<\/h5>\n<\/td>\n<\/tr>\n<tr class=\"\">\n<td class=\"h\">\n<h5>Vibra\u00e7\u00e3o \u03b1 (ISO-28927-2)<\/h5>\n<\/td>\n<td colspan=\"2\">\n<h5>9.8\u00a0m\/s\u00b2<\/h5>\n<\/td>\n<\/tr>\n<tr>\n<td class=\"h\">\n<h5>Vibra\u00e7\u00e3o K (ISO-28927-2)<\/h5>\n<\/td>\n<td colspan=\"2\">\n<h5>3\u00a0m\/s\u00b2<\/h5>\n<\/td>\n<\/tr>\n<tr class=\"\">\n<td class=\"h\">\n<h5>Retentor de soquete<\/h5>\n<\/td>\n<td colspan=\"2\">\n<h5>Friction ring + hole<\/h5>\n<\/td>\n<\/tr>\n<tr class=\"\">\n<td class=\"h\">\n<h5>Tipo de embreagem<\/h5>\n<\/td>\n<td colspan=\"2\">\n<h5>Twin hammer<\/h5>\n<\/td>\n<\/tr>\n<\/tbody>\n<\/table>\n","protected":false},"excerpt":{"rendered":"<h4>Uma das s\u00e9ries de chaves de impactos mais potentes de sua classe, com \u00a0mecanismo suave \u00a0de interruptor \u00a0de avan\u00e7o ou r\u00e9 na parte de tr\u00e1s e com design \u00a0arrojado para melhor posicionamento de m\u00e3o. Oferece , bom desempenho e durabilidade para seus operadores a CP7630 \u00a0\u00e9 a solu\u00e7\u00e3o ideal para reparo e manuten\u00e7\u00e3o geral.<\/h4>\n","protected":false},"featured_media":3795,"template":"","meta":{"_links_to":"","_links_to_target":""},"product_cat":[9],"product_tag":[],"_links":{"self":[{"href":"https:\/\/www.leus.com.br\/index.php?rest_route=\/wp\/v2\/product\/3794"}],"collection":[{"href":"https:\/\/www.leus.com.br\/index.php?rest_route=\/wp\/v2\/product"}],"about":[{"href":"https:\/\/www.leus.com.br\/index.php?rest_route=\/wp\/v2\/types\/product"}],"wp:featuredmedia":[{"embeddable":true,"href":"https:\/\/www.leus.com.br\/index.php?rest_route=\/wp\/v2\/media\/3795"}],"wp:attachment":[{"href":"https:\/\/www.leus.com.br\/index.php?rest_route=%2Fwp%2Fv2%2Fmedia&parent=3794"}],"wp:term":[{"taxonomy":"product_cat","embeddable":true,"href":"https:\/\/www.leus.com.br\/index.php?rest_route=%2Fwp%2Fv2%2Fproduct_cat&post=3794"},{"taxonomy":"product_tag","embeddable":true,"href":"https:\/\/www.leus.com.br\/index.php?rest_route=%2Fwp%2Fv2%2Fproduct_tag&post=3794"}],"curies":[{"name":"wp","href":"https:\/\/api.w.org\/{rel}","templated":true}]}}