{"id":3821,"date":"2016-09-12T18:59:48","date_gmt":"2016-09-12T18:59:48","guid":{"rendered":"http:\/\/leus.com.br\/site\/?post_type=product&#038;p=3821"},"modified":"2019-07-16T17:16:50","modified_gmt":"2019-07-16T20:16:50","slug":"epoxy-steel-es-506","status":"publish","type":"product","link":"https:\/\/www.leus.com.br\/?product=epoxy-steel-es-506","title":{"rendered":"Epoxy Steel ES- 506"},"content":{"rendered":"<p><strong>Instru\u00e7\u00f5es:<\/strong><\/p>\n<h4>Modo de usar<\/h4>\n<h4>1- A superf\u00edcie deve estar limpa e seca , livre de \u00f3leo, graxa ou cera.<\/h4>\n<h4>2- Retire a tampa e perfure a resina e endurecedor .<\/h4>\n<h4>3- PRESSIONE quantidade igual de conte\u00fado dos tubos e misture at\u00e9 obter uma mistura homog\u00eanea, voc\u00ea deve usar a mistura sobre n\u00e3o mais de 4 minutos por per\u00edodo.<\/h4>\n<h4>4- Aplicada em ambos os lados a serem coladas . Pressione suavemente as partes.<\/h4>\n<h4>5- A mistura de secagem a quente ser\u00e1 colocado . N\u00e3o \u00e9 recomendado para uso em temperaturas abaixo de 45\u00b0 F (7\u00b0 C)<\/h4>\n<div class='et_post_video'><iframe width=\"1080\" height=\"608\" src=\"https:\/\/www.youtube.com\/embed\/spLrZAMU7GM?feature=oembed\" frameborder=\"0\" allow=\"accelerometer; autoplay; encrypted-media; gyroscope; picture-in-picture\" allowfullscreen><\/iframe><\/div>\n","protected":false},"excerpt":{"rendered":"<h4>Para todos os tipos de trabalhos de alto rendimento, resiste a \u00e1gua e a solventes .<br \/>\nSeca em 60 minutos, por\u00e9m a cura completa somente em 24 horas.<\/h4>\n<h4><span style=\"color: #ff0000;\">Para saber o valor por caixa, por gentileza entre em contato conosco.<\/span><\/h4>\n","protected":false},"featured_media":5452,"template":"","meta":{"_links_to":"","_links_to_target":""},"product_cat":[11],"product_tag":[],"_links":{"self":[{"href":"https:\/\/www.leus.com.br\/index.php?rest_route=\/wp\/v2\/product\/3821"}],"collection":[{"href":"https:\/\/www.leus.com.br\/index.php?rest_route=\/wp\/v2\/product"}],"about":[{"href":"https:\/\/www.leus.com.br\/index.php?rest_route=\/wp\/v2\/types\/product"}],"wp:featuredmedia":[{"embeddable":true,"href":"https:\/\/www.leus.com.br\/index.php?rest_route=\/wp\/v2\/media\/5452"}],"wp:attachment":[{"href":"https:\/\/www.leus.com.br\/index.php?rest_route=%2Fwp%2Fv2%2Fmedia&parent=3821"}],"wp:term":[{"taxonomy":"product_cat","embeddable":true,"href":"https:\/\/www.leus.com.br\/index.php?rest_route=%2Fwp%2Fv2%2Fproduct_cat&post=3821"},{"taxonomy":"product_tag","embeddable":true,"href":"https:\/\/www.leus.com.br\/index.php?rest_route=%2Fwp%2Fv2%2Fproduct_tag&post=3821"}],"curies":[{"name":"wp","href":"https:\/\/api.w.org\/{rel}","templated":true}]}}