{"id":3823,"date":"2016-09-12T19:11:56","date_gmt":"2016-09-12T19:11:56","guid":{"rendered":"http:\/\/leus.com.br\/site\/?post_type=product&#038;p=3823"},"modified":"2020-06-02T15:08:48","modified_gmt":"2020-06-02T18:08:48","slug":"adesivo-epoxico-transparente-ec-520","status":"publish","type":"product","link":"https:\/\/www.leus.com.br\/?product=adesivo-epoxico-transparente-ec-520","title":{"rendered":"Adesivo Ep\u00f3xico Transparente &#8211; EC- 520"},"content":{"rendered":"<p>&nbsp;<\/p>\n<h4>Resistente a \u00e1gua e a maioria dos solventes , ideal para uso em autom\u00f3veis e dom\u00e9stico.<\/h4>\n<h4>Modo de usar:<\/h4>\n<h4>1- A superf\u00edcie deve estar limpa e seca , livre de \u00f3leo, graxa ou cera.<\/h4>\n<h4>2- Retire a tampa e perfure a resina e o endurecedor .<\/h4>\n<h4>3- PRESSIONE quantidade igual de conte\u00fado dos tubos e misture at\u00e9 a mistura ficar homog\u00eanea, voc\u00ea deve usar na mistura sobre n\u00e3o mais de 4 minutos por per\u00edodo.<\/h4>\n<h4>4- Aplicada em ambos os lados a serem coladas . Pressione suavemente as partes.<\/h4>\n<h4>5- A mistura de secagem a quente ser\u00e1 colocado . N\u00e3o \u00e9 recomendado para uso em temperaturas abaixo de 50 \u00b0 F (10 \u00b0 C)<\/h4>\n","protected":false},"excerpt":{"rendered":"<p>&nbsp;<\/p>\n<h4>Resistente a \u00e1gua e a maioria dos solventes , ideal para uso em autom\u00f3veis e dom\u00e9stico.<\/h4>\n<h4>Concerta:<\/h4>\n<h4>Plastico<\/h4>\n<h4>Vidro<\/h4>\n<h4>Porcelana<\/h4>\n<h4><span style=\"color: #ff0000;\">Para saber o valor por caixa, por gentileza entre em contato conosco.<\/span><\/h4>\n","protected":false},"featured_media":5142,"template":"","meta":{"_links_to":"","_links_to_target":""},"product_cat":[11],"product_tag":[],"_links":{"self":[{"href":"https:\/\/www.leus.com.br\/index.php?rest_route=\/wp\/v2\/product\/3823"}],"collection":[{"href":"https:\/\/www.leus.com.br\/index.php?rest_route=\/wp\/v2\/product"}],"about":[{"href":"https:\/\/www.leus.com.br\/index.php?rest_route=\/wp\/v2\/types\/product"}],"wp:featuredmedia":[{"embeddable":true,"href":"https:\/\/www.leus.com.br\/index.php?rest_route=\/wp\/v2\/media\/5142"}],"wp:attachment":[{"href":"https:\/\/www.leus.com.br\/index.php?rest_route=%2Fwp%2Fv2%2Fmedia&parent=3823"}],"wp:term":[{"taxonomy":"product_cat","embeddable":true,"href":"https:\/\/www.leus.com.br\/index.php?rest_route=%2Fwp%2Fv2%2Fproduct_cat&post=3823"},{"taxonomy":"product_tag","embeddable":true,"href":"https:\/\/www.leus.com.br\/index.php?rest_route=%2Fwp%2Fv2%2Fproduct_tag&post=3823"}],"curies":[{"name":"wp","href":"https:\/\/api.w.org\/{rel}","templated":true}]}}