{"id":3843,"date":"2016-10-13T20:54:44","date_gmt":"2016-10-13T20:54:44","guid":{"rendered":"http:\/\/leus.com.br\/site\/?post_type=product&#038;p=3843"},"modified":"2017-02-08T16:36:43","modified_gmt":"2017-02-08T16:36:43","slug":"cp-7550-a-b-c","status":"publish","type":"product","link":"https:\/\/www.leus.com.br\/?product=cp-7550-a-b-c","title":{"rendered":"ESMERILHADEIRA  &#8211; CP 7550 &#8211; A -B -C"},"content":{"rendered":"<h4>Caracter\u00edsticas:<\/h4>\n<ul>\n<li>\n<h4>Alta qualidade engrenagens e um motor rigido<\/h4>\n<\/li>\n<li>\n<h4>A\u00e7o robusto, keyless protec\u00e7\u00e3o da roda rotativa<\/h4>\n<\/li>\n<li>\n<h4>360 \u00b0 entrada de ar girat\u00f3rio<\/h4>\n<\/li>\n<li>\n<h4>1.000 horas de servi\u00e7o interno<\/h4>\n<\/li>\n<li>\n<h4>Escape traseiro (com mangueira de exaust\u00e3o inclu\u00eddo)<\/h4>\n<\/li>\n<li>\n<h4>CP Seguran\u00e7a Lever<\/h4>\n<\/li>\n<li>\n<h4>Al\u00e7a para destro ou canhoto<\/h4>\n<\/li>\n<li>\n<h4>Aperto composto protege a m\u00e3o do operador do frio<\/h4>\n<\/li>\n<li>\n<h4>Projetado para uma ampla gama de aplica\u00e7\u00f5es, tais como lixar com discos de aba, moagem e corte.<\/h4>\n<\/li>\n<\/ul>\n<table width=\"465\">\n<tbody>\n<tr>\n<td><strong>N\u00famero da pe\u00e7a<\/strong><\/td>\n<td colspan=\"2\">8941075503<\/td>\n<\/tr>\n<tr>\n<td><strong>Modelo<\/strong><\/td>\n<td colspan=\"2\">CP7550-A<\/td>\n<\/tr>\n<tr>\n<td><strong>Rosca da Haste<\/strong><\/td>\n<td colspan=\"2\">M14<\/td>\n<\/tr>\n<tr>\n<td><strong>Tamanho do disco<\/strong><\/td>\n<td>125\u00a0mm<\/td>\n<td><em>5&#8243;<\/em><\/td>\n<\/tr>\n<tr>\n<td><strong>Velocidade livre<\/strong><\/td>\n<td colspan=\"2\">12000\u00a0rpm<\/td>\n<\/tr>\n<tr>\n<td><strong>Energia<\/strong><\/td>\n<td>840\u00a0W<\/td>\n<td><em>1.1\u00a0hp<\/em><\/td>\n<\/tr>\n<tr>\n<td><strong>Comprimento<\/strong><\/td>\n<td>270\u00a0mm<\/td>\n<td><em>10.6&#8243;<\/em><\/td>\n<\/tr>\n<tr>\n<td><strong>Peso l\u00edquido<\/strong><\/td>\n<td>1.6\u00a0kg<\/td>\n<td><em>3.5\u00a0lb<\/em><\/td>\n<\/tr>\n<tr>\n<td><strong>Altura sobre a haste<\/strong><\/td>\n<td>93\u00a0mm<\/td>\n<td><em>3.6&#8243;<\/em><\/td>\n<\/tr>\n<tr>\n<td><strong>Exaust\u00e3o traseira<\/strong><\/td>\n<td colspan=\"2\">Exaust\u00e3o traseira<\/td>\n<\/tr>\n<tr>\n<td><strong>N\u00edvel de ru\u00eddo<\/strong><\/td>\n<td colspan=\"2\">85\u00a0db(A)<\/td>\n<\/tr>\n<tr>\n<td><strong>Pot\u00eancia de som<\/strong><\/td>\n<td colspan=\"2\">96\u00a0db(A)<\/td>\n<\/tr>\n<tr>\n<td><strong>Vibra\u00e7\u00e3o \u03b1 (ISO-28927-1)<\/strong><\/td>\n<td colspan=\"2\">7\u00a0m\/s\u00b2<\/td>\n<\/tr>\n<tr>\n<td><strong>Vibra\u00e7\u00e3o K (ISO-28927-1)<\/strong><\/td>\n<td colspan=\"2\">2.1\u00a0m\/s\u00b2<\/td>\n<\/tr>\n<tr>\n<td><strong>Consumo real de ar<\/strong><\/td>\n<td>18.9\u00a0l\/s<\/td>\n<td><em>40\u00a0cfm<\/em><\/td>\n<\/tr>\n<tr>\n<td><strong>Consumo de ar em velocidade livre<\/strong><\/td>\n<td>9.3\u00a0l\/s<\/td>\n<td><em>20\u00a0cfm<\/em><\/td>\n<\/tr>\n<tr>\n<td><strong>Tamanho min. mangueira<\/strong><\/td>\n<td>10\u00a0mm<\/td>\n<td><em>3\/8&#8243;<\/em><\/td>\n<\/tr>\n<tr>\n<td><strong>Tamanho da rosca da entrada de ar<\/strong><\/td>\n<td colspan=\"2\">0.25\u00a0&#8220;<\/td>\n<\/tr>\n<\/tbody>\n<\/table>\n<p>&nbsp;<\/p>\n","protected":false},"excerpt":{"rendered":"<p><strong>Benef\u00edcios:<\/strong><\/p>\n<ul>\n<li><strong>Poderoso<\/strong><\/li>\n<li><strong>Eficiente<\/strong><\/li>\n<li><strong>Alta durabilidade<\/strong><\/li>\n<li><strong>Conforto<\/strong><\/li>\n<li><strong>Ergonomic<\/strong><\/li>\n<li><strong>Vers\u00e1til<\/strong><\/li>\n<\/ul>\n","protected":false},"featured_media":3844,"template":"","meta":{"_links_to":"","_links_to_target":""},"product_cat":[33],"product_tag":[],"_links":{"self":[{"href":"https:\/\/www.leus.com.br\/index.php?rest_route=\/wp\/v2\/product\/3843"}],"collection":[{"href":"https:\/\/www.leus.com.br\/index.php?rest_route=\/wp\/v2\/product"}],"about":[{"href":"https:\/\/www.leus.com.br\/index.php?rest_route=\/wp\/v2\/types\/product"}],"wp:featuredmedia":[{"embeddable":true,"href":"https:\/\/www.leus.com.br\/index.php?rest_route=\/wp\/v2\/media\/3844"}],"wp:attachment":[{"href":"https:\/\/www.leus.com.br\/index.php?rest_route=%2Fwp%2Fv2%2Fmedia&parent=3843"}],"wp:term":[{"taxonomy":"product_cat","embeddable":true,"href":"https:\/\/www.leus.com.br\/index.php?rest_route=%2Fwp%2Fv2%2Fproduct_cat&post=3843"},{"taxonomy":"product_tag","embeddable":true,"href":"https:\/\/www.leus.com.br\/index.php?rest_route=%2Fwp%2Fv2%2Fproduct_tag&post=3843"}],"curies":[{"name":"wp","href":"https:\/\/api.w.org\/{rel}","templated":true}]}}