{"id":3881,"date":"2016-10-17T15:55:32","date_gmt":"2016-10-17T15:55:32","guid":{"rendered":"http:\/\/leus.com.br\/site\/?post_type=product&#038;p=3881"},"modified":"2016-10-18T15:44:38","modified_gmt":"2016-10-18T15:44:38","slug":"chave-de-impacto-cp7776","status":"publish","type":"product","link":"https:\/\/www.leus.com.br\/?product=chave-de-impacto-cp7776","title":{"rendered":"CHAVE DE IMPACTO CP7776"},"content":{"rendered":"<p>&nbsp;<\/p>\n<table class=\"data sort_header\">\n<thead>\n<tr class=\"\">\n<th colspan=\"3\"><\/th>\n<\/tr>\n<\/thead>\n<tbody>\n<tr class=\"\">\n<td class=\"h\">\n<h4>N\u00famero da pe\u00e7a<\/h4>\n<\/td>\n<td colspan=\"2\">\n<h4>8941077760<\/h4>\n<\/td>\n<\/tr>\n<tr class=\"\">\n<td class=\"h\">\n<h4>Modelo<\/h4>\n<\/td>\n<td colspan=\"2\">\n<h4>CP7776<\/h4>\n<\/td>\n<\/tr>\n<tr class=\"\">\n<td class=\"h\">\n<h4>Tipo punho<\/h4>\n<\/td>\n<td colspan=\"2\">\n<h4>Pistola<\/h4>\n<\/td>\n<\/tr>\n<tr class=\"\">\n<td class=\"h\">\n<h4>Impulsor Quadrado<\/h4>\n<\/td>\n<td>\n<h4>1&#8243;<\/h4>\n<\/td>\n<td class=\"blurred\"><\/td>\n<\/tr>\n<tr class=\"\">\n<td class=\"h\">\n<h4>Faixa de torque de trabalho (para frente)<\/h4>\n<\/td>\n<td>\n<h4>955 &#8211; 2073 \u00a0Nm<\/h4>\n<\/td>\n<td class=\"blurred\">\n<h4>704 \u2013 1530<\/h4>\n<\/td>\n<\/tr>\n<tr class=\"\">\n<td class=\"h\">\n<h4>Torque M\u00e1ximo (reverso)<\/h4>\n<\/td>\n<td>\n<h4>2400\u00a0Nm<\/h4>\n<\/td>\n<td class=\"blurred\">\n<h4>1770\u00a0p\u00e9s.lbs<\/h4>\n<\/td>\n<\/tr>\n<tr class=\"\">\n<td class=\"h\">\n<h4>Velocidade livre<\/h4>\n<\/td>\n<td colspan=\"2\">\n<h4>5000\u00a0rpm<\/h4>\n<\/td>\n<\/tr>\n<tr class=\"\">\n<td class=\"h\">\n<h4>Peso l\u00edquido<\/h4>\n<\/td>\n<td>\n<h4>11.2\u00a0kg<\/h4>\n<\/td>\n<td class=\"blurred\">\n<h4>24.7\u00a0lb<\/h4>\n<\/td>\n<\/tr>\n<tr class=\"\">\n<td class=\"h\">\n<h4>Rela\u00e7\u00e3o pot\u00eancia\/peso<\/h4>\n<\/td>\n<td>\n<h4>214.3\u00a0Nm\/kg<\/h4>\n<\/td>\n<td class=\"blurred\">\n<h4>71.7\u00a0p\u00e9s.lb\/lb<\/h4>\n<\/td>\n<\/tr>\n<tr class=\"\">\n<td class=\"h\">\n<h4>Comprimento<\/h4>\n<\/td>\n<td>\n<h4>289\u00a0mm<\/h4>\n<\/td>\n<td class=\"blurred\">\n<h4>11.4&#8243;<\/h4>\n<\/td>\n<\/tr>\n<tr class=\"\">\n<td class=\"h\">\n<h4>Lado ao centro<\/h4>\n<\/td>\n<td>\n<h4>109\u00a0mm<\/h4>\n<\/td>\n<td class=\"blurred\">\n<h4>4.3&#8243;<\/h4>\n<\/td>\n<\/tr>\n<tr class=\"\">\n<td class=\"h\">\n<h4>Consumo m\u00e9dio de ar<\/h4>\n<\/td>\n<td>\n<h4>3.9\u00a0l\/s<\/h4>\n<\/td>\n<td class=\"blurred\">\n<h4>8.2\u00a0cfm<\/h4>\n<\/td>\n<\/tr>\n<tr class=\"\">\n<td class=\"h\">\n<h4>Consumo real de ar<\/h4>\n<\/td>\n<td>\n<h4>15.6\u00a0l\/s<\/h4>\n<\/td>\n<td class=\"blurred\">\n<h4>33\u00a0cfm<\/h4>\n<\/td>\n<\/tr>\n<tr class=\"\">\n<td class=\"h\">\n<h4>VST2<\/h4>\n<\/td>\n<td colspan=\"2\">\n<h4>271<\/h4>\n<\/td>\n<\/tr>\n<tr class=\"\">\n<td class=\"h\">\n<h4>Tamanho da rosca da entrada de ar<\/h4>\n<\/td>\n<td colspan=\"2\">\n<h4>0.5\u00a0&#8220;<\/h4>\n<\/td>\n<\/tr>\n<tr class=\"\">\n<td class=\"h\">\n<h4>Tamanho min. mangueira<\/h4>\n<\/td>\n<td>\n<h4>13\u00a0mm<\/h4>\n<\/td>\n<td class=\"blurred\">\n<h4>1\/2&#8243;<\/h4>\n<\/td>\n<\/tr>\n<tr class=\"\">\n<td class=\"h\">\n<h4>N\u00edvel de ru\u00eddo<\/h4>\n<\/td>\n<td colspan=\"2\">\n<h4>93\u00a0db(A)<\/h4>\n<\/td>\n<\/tr>\n<tr class=\"\">\n<td class=\"h\">\n<h4>Pot\u00eancia de som<\/h4>\n<\/td>\n<td colspan=\"2\">\n<h4>104\u00a0db(A)<\/h4>\n<\/td>\n<\/tr>\n<tr class=\"\">\n<td class=\"h\">\n<h4>Vibra\u00e7\u00e3o \u03b1 (ISO-28927-2)<\/h4>\n<\/td>\n<td colspan=\"2\">\n<h4>8.7\u00a0m\/s\u00b2<\/h4>\n<\/td>\n<\/tr>\n<tr class=\"\">\n<td class=\"h\">\n<h4>Vibra\u00e7\u00e3o K (ISO-28927-2)<\/h4>\n<\/td>\n<td colspan=\"2\">\n<h4>2.8\u00a0m\/s\u00b2<\/h4>\n<\/td>\n<\/tr>\n<tr>\n<td class=\"h\">\n<h4>Retentor de soquete<\/h4>\n<\/td>\n<td colspan=\"2\">\n<h4>Dual (hole+friction)<\/h4>\n<\/td>\n<\/tr>\n<tr class=\"\">\n<td class=\"h\">\n<h4>Tipo de embreagem<\/h4>\n<\/td>\n<td colspan=\"2\">\n<h4>Pin less closed rocking dog<\/h4>\n<\/td>\n<\/tr>\n<tr class=\"\">\n<td class=\"h\">\n<h4>Tamanho do parafuso<\/h4>\n<\/td>\n<td>\n<h4>M32<\/h4>\n<\/td>\n<\/tr>\n<\/tbody>\n<\/table>\n","protected":false},"excerpt":{"rendered":"<div class=\"ui-widget-header\">\n<h4>CP7776 &#8211; Torque e durabilidade extremos.<\/h4>\n<h4>Benef\u00edcios<\/h4>\n<ul class=\"features_list\">\n<li>\n<h4>Alto Torque &amp; Pot\u00eancia<\/h4>\n<\/li>\n<li>\n<h4>Dur\u00e1vel<\/h4>\n<\/li>\n<li>\n<h4>Conforto e \u00d3timo Manuseio<\/h4>\n<\/li>\n<li>\n<h4>\u00datil<\/h4>\n<\/li>\n<li>\n<h4>Segura<\/h4>\n<\/li>\n<\/ul>\n<h4>Caracter\u00edsticas<\/h4>\n<ul class=\"features_list\">\n<li>\n<h4>2400 Nm \u2013 1770 ft.lbs maximum torque in reverse &#8211; Torque m\u00e1ximo de 2400Nm em modo reverso<\/h4>\n<\/li>\n<li>\n<h4>Mecanismo da embreagem rocking dog com pino menos fechado refor\u00e7ado<\/h4>\n<\/li>\n<li>\n<h4>Al\u00e7a TPR &amp; al\u00e7a lateral &#8211; sendo poss\u00edvel a rota\u00e7\u00e3o em 4 posi\u00e7\u00f5es<\/h4>\n<\/li>\n<li>\n<h4>Bot\u00e3o regulador integrado em modo de avan\u00e7o \/ modo reverso com ajuste de 3 posi\u00e7\u00f5es de pot\u00eancia em ambas as dire\u00e7\u00f5es<\/h4>\n<\/li>\n<li>\n<h4>Capa de borracha protegendo aplica\u00e7\u00f5es &amp; ferramenta (inclu\u00eddo)<\/h4>\n<\/li>\n<li>\n<h4>Retentor de soquete tipo anel combinado com retentor tipo furo<\/h4>\n<\/li>\n<li>\n<h4>Empunhadura capaz de fazer rota\u00e7\u00e3o em 4 posi\u00e7\u00f5es para o m\u00e1ximo conforto do operador<\/h4>\n<\/li>\n<li>\n<h4>Exaust\u00e3o inclinada para baixo sopra o ar para longe do local de trabalho<\/h4>\n<\/li>\n<\/ul>\n<\/div>\n<p>&nbsp;<\/p>\n","protected":false},"featured_media":3882,"template":"","meta":{"_links_to":"","_links_to_target":""},"product_cat":[9],"product_tag":[],"_links":{"self":[{"href":"https:\/\/www.leus.com.br\/index.php?rest_route=\/wp\/v2\/product\/3881"}],"collection":[{"href":"https:\/\/www.leus.com.br\/index.php?rest_route=\/wp\/v2\/product"}],"about":[{"href":"https:\/\/www.leus.com.br\/index.php?rest_route=\/wp\/v2\/types\/product"}],"wp:featuredmedia":[{"embeddable":true,"href":"https:\/\/www.leus.com.br\/index.php?rest_route=\/wp\/v2\/media\/3882"}],"wp:attachment":[{"href":"https:\/\/www.leus.com.br\/index.php?rest_route=%2Fwp%2Fv2%2Fmedia&parent=3881"}],"wp:term":[{"taxonomy":"product_cat","embeddable":true,"href":"https:\/\/www.leus.com.br\/index.php?rest_route=%2Fwp%2Fv2%2Fproduct_cat&post=3881"},{"taxonomy":"product_tag","embeddable":true,"href":"https:\/\/www.leus.com.br\/index.php?rest_route=%2Fwp%2Fv2%2Fproduct_tag&post=3881"}],"curies":[{"name":"wp","href":"https:\/\/api.w.org\/{rel}","templated":true}]}}