{"id":3923,"date":"2016-10-18T12:57:33","date_gmt":"2016-10-18T12:57:33","guid":{"rendered":"http:\/\/leus.com.br\/site\/?post_type=product&#038;p=3923"},"modified":"2016-10-18T13:00:23","modified_gmt":"2016-10-18T13:00:23","slug":"cp6763-d18-chave-de-impacto-34","status":"publish","type":"product","link":"https:\/\/www.leus.com.br\/?product=cp6763-d18-chave-de-impacto-34","title":{"rendered":"CP6763 &#8211; D18 &#8211; CHAVE DE IMPACTO 3\/4"},"content":{"rendered":"<table class=\"data sort_header\">\n<thead>\n<tr class=\"\">\n<th colspan=\"3\"><\/th>\n<\/tr>\n<\/thead>\n<tbody>\n<tr class=\"\">\n<td class=\"h\">\n<h4>N\u00famero da pe\u00e7a<\/h4>\n<\/td>\n<td colspan=\"2\">\n<h4>6151590640<\/h4>\n<\/td>\n<\/tr>\n<tr class=\"\">\n<td class=\"h\">\n<h4>Modelo<\/h4>\n<\/td>\n<td colspan=\"2\">\n<h4>CP6763-D18D<\/h4>\n<\/td>\n<\/tr>\n<tr class=\"\">\n<td class=\"h\">\n<h4>Tipo punho<\/h4>\n<\/td>\n<td colspan=\"2\">\n<h4>D-Handle Inside Trigger<\/h4>\n<\/td>\n<\/tr>\n<tr class=\"\">\n<td class=\"h\">\n<h4>Impulsor Quadrado<\/h4>\n<\/td>\n<td>\n<h4>3\/4&#8243;<\/h4>\n<\/td>\n<td class=\"blurred\"><\/td>\n<\/tr>\n<tr class=\"\">\n<td class=\"h\">\n<h4>Faixa de torque de trabalho (para frente)<\/h4>\n<\/td>\n<td>\n<h4>340-1450\u00a0Nm<\/h4>\n<\/td>\n<td class=\"blurred\">\n<h4>250-1070<\/h4>\n<\/td>\n<\/tr>\n<tr class=\"\">\n<td class=\"h\">\n<h4>Torque M\u00e1ximo (reverso)<\/h4>\n<\/td>\n<td>\n<h4>1760\u00a0Nm<\/h4>\n<\/td>\n<td class=\"blurred\">\n<h4>1300\u00a0p\u00e9s.lbs<\/h4>\n<\/td>\n<\/tr>\n<tr class=\"\">\n<td class=\"h\">\n<h4>Velocidade livre<\/h4>\n<\/td>\n<td colspan=\"2\">\n<h4>6600\u00a0rpm<\/h4>\n<\/td>\n<\/tr>\n<tr class=\"\">\n<td class=\"h\">\n<h4>Sopros por minuto<\/h4>\n<\/td>\n<td colspan=\"2\">\n<h4>730<\/h4>\n<\/td>\n<\/tr>\n<tr class=\"\">\n<td class=\"h\">\n<h4>Peso l\u00edquido<\/h4>\n<\/td>\n<td>\n<h4>6.6\u00a0kg<\/h4>\n<\/td>\n<td class=\"blurred\">\n<h4>14.5\u00a0lb<\/h4>\n<\/td>\n<\/tr>\n<tr class=\"\">\n<td class=\"h\">\n<h4>Comprimento<\/h4>\n<\/td>\n<td>\n<h4>290\u00a0mm<\/h4>\n<\/td>\n<td class=\"blurred\">\n<h4>11.4&#8243;<\/h4>\n<\/td>\n<\/tr>\n<tr class=\"\">\n<td class=\"h\">\n<h4>Lado ao centro<\/h4>\n<\/td>\n<td>\n<h4>41\u00a0mm<\/h4>\n<\/td>\n<td class=\"blurred\">\n<h4>1.6&#8243;<\/h4>\n<\/td>\n<\/tr>\n<tr class=\"\">\n<td class=\"h\">\n<h4>Consumo real de ar<\/h4>\n<\/td>\n<td>\n<h4>19.3\u00a0l\/s<\/h4>\n<\/td>\n<td class=\"blurred\">\n<h4>41\u00a0cfm<\/h4>\n<\/td>\n<\/tr>\n<tr class=\"\">\n<td class=\"h\">\n<h4>Consumo de ar em velocidade livre<\/h4>\n<\/td>\n<td>\n<h4>26.3\u00a0l\/s<\/h4>\n<\/td>\n<td class=\"blurred\"><\/td>\n<\/tr>\n<tr class=\"\">\n<td class=\"h\">\n<h4>Tamanho da rosca da entrada de ar<\/h4>\n<\/td>\n<td colspan=\"2\">\n<h4>0.5\u00a0&#8220;<\/h4>\n<\/td>\n<\/tr>\n<tr class=\"\">\n<td class=\"h\">\n<h4>Tamanho min. mangueira<\/h4>\n<\/td>\n<td>\n<h4>13\u00a0mm<\/h4>\n<\/td>\n<td class=\"blurred\">\n<h4>3\/8&#8243;<\/h4>\n<\/td>\n<\/tr>\n<tr class=\"\">\n<td class=\"h\">\n<h4>N\u00edvel de ru\u00eddo<\/h4>\n<\/td>\n<td colspan=\"2\">\n<h4>98\u00a0db(A)<\/h4>\n<\/td>\n<\/tr>\n<tr class=\"\">\n<td class=\"h\">\n<h4>Pot\u00eancia de som<\/h4>\n<\/td>\n<td colspan=\"2\">\n<h4>109\u00a0db(A)<\/h4>\n<\/td>\n<\/tr>\n<tr class=\"\">\n<td class=\"h\">\n<h4>Vibra\u00e7\u00e3o \u03b1 (ISO-28927-2)<\/h4>\n<\/td>\n<td colspan=\"2\">\n<h4>11.4\u00a0m\/s\u00b2<\/h4>\n<\/td>\n<\/tr>\n<tr class=\"\">\n<td class=\"h\">\n<h4>Vibra\u00e7\u00e3o K (ISO-28927-2)<\/h4>\n<\/td>\n<td colspan=\"2\">\n<h4>2.9\u00a0m\/s\u00b2<\/h4>\n<\/td>\n<\/tr>\n<tr class=\"\">\n<td class=\"h\">\n<h4>Retentor de soquete<\/h4>\n<\/td>\n<td colspan=\"2\">\n<h4>Dual (hole+friction)<\/h4>\n<\/td>\n<\/tr>\n<tr class=\"\">\n<td class=\"h\">\n<h4>Tipo de embreagem<\/h4>\n<\/td>\n<td colspan=\"2\">\n<h4>Twin hammer<\/h4>\n<\/td>\n<\/tr>\n<tr class=\"\">\n<td class=\"h\">\n<h4>Dimens\u00f5es da caixa<\/h4>\n<\/td>\n<td>\n<h4>325*190*130<\/h4>\n<\/td>\n<td class=\"blurred\">\n<h4>12,8*7,5*5,1<\/h4>\n<\/td>\n<\/tr>\n<tr class=\"\">\n<td class=\"h\">\n<h4>Caixa de papel\u00e3o<\/h4>\n<\/td>\n<td>\n<h4>350*210*290<\/h4>\n<\/td>\n<td class=\"blurred\">\n<h4>13,8*8,3*11,4<\/h4>\n<\/td>\n<\/tr>\n<\/tbody>\n<\/table>\n","protected":false},"excerpt":{"rendered":"<h4>Caracter\u00edsticas:<\/h4>\n<h4>Cabo ajust\u00e1vel em D &#8211; f\u00e1cil de transportar e usar<\/h4>\n<h4>Robusto com a\u00e7o carca\u00e7a da embreagem e caixa do motor de alum\u00ednio<\/h4>\n<h4>Potente, torque desaperto 1300 ft.lb (1760 Nm)<\/h4>\n","protected":false},"featured_media":3924,"template":"","meta":{"_links_to":"","_links_to_target":""},"product_cat":[9],"product_tag":[],"_links":{"self":[{"href":"https:\/\/www.leus.com.br\/index.php?rest_route=\/wp\/v2\/product\/3923"}],"collection":[{"href":"https:\/\/www.leus.com.br\/index.php?rest_route=\/wp\/v2\/product"}],"about":[{"href":"https:\/\/www.leus.com.br\/index.php?rest_route=\/wp\/v2\/types\/product"}],"wp:featuredmedia":[{"embeddable":true,"href":"https:\/\/www.leus.com.br\/index.php?rest_route=\/wp\/v2\/media\/3924"}],"wp:attachment":[{"href":"https:\/\/www.leus.com.br\/index.php?rest_route=%2Fwp%2Fv2%2Fmedia&parent=3923"}],"wp:term":[{"taxonomy":"product_cat","embeddable":true,"href":"https:\/\/www.leus.com.br\/index.php?rest_route=%2Fwp%2Fv2%2Fproduct_cat&post=3923"},{"taxonomy":"product_tag","embeddable":true,"href":"https:\/\/www.leus.com.br\/index.php?rest_route=%2Fwp%2Fv2%2Fproduct_tag&post=3923"}],"curies":[{"name":"wp","href":"https:\/\/api.w.org\/{rel}","templated":true}]}}