{"id":3961,"date":"2016-10-31T11:00:22","date_gmt":"2016-10-31T11:00:22","guid":{"rendered":"http:\/\/leus.com.br\/site\/?post_type=product&#038;p=3961"},"modified":"2016-10-31T11:06:38","modified_gmt":"2016-10-31T11:06:38","slug":"chave-de-impacto-cp7642","status":"publish","type":"product","link":"https:\/\/www.leus.com.br\/?product=chave-de-impacto-cp7642","title":{"rendered":"Chave de Impacto CP7642"},"content":{"rendered":"<table>\n<tbody>\n<tr>\n<td width=\"142\">\n<h4>MODEL NAME:<\/h4>\n<\/td>\n<td width=\"113\">\n<h4>CP7642<\/h4>\n<\/td>\n<\/tr>\n<tr>\n<td width=\"142\">\n<h4>FREE SPEED<\/h4>\n<\/td>\n<td width=\"113\">\n<h4>4600 RPM<\/h4>\n<\/td>\n<\/tr>\n<tr>\n<td width=\"142\">\n<h4>WEIGHT<\/h4>\n<\/td>\n<td width=\"113\">\n<h4>11,9 -KG<\/h4>\n<\/td>\n<\/tr>\n<tr>\n<td width=\"142\">\n<h4>MAX TORQUE<\/h4>\n<\/td>\n<td width=\"113\">\n<h4>2200 Nm<\/h4>\n<\/td>\n<\/tr>\n<tr>\n<td width=\"142\">\n<h4>VIBRATION<\/h4>\n<\/td>\n<td width=\"113\">\n<h4>11,3 \u2013 M\/S\u00b2 -K<\/h4>\n<\/td>\n<\/tr>\n<tr>\n<td width=\"142\">\n<h4>SOUND POWER<\/h4>\n<\/td>\n<td width=\"113\">\n<h4>114.3 &#8211; DBA<\/h4>\n<\/td>\n<\/tr>\n<\/tbody>\n<\/table>\n","protected":false},"excerpt":{"rendered":"<h4>A chave de impacto CP 7642 \u00e9 uma ferramenta para servi\u00e7o pesado, com seu mecanismo de embreagem refor\u00e7ado, que proporciona maior conforto e comodidade na hora do trabalho, a CP7642 \u00e9 uma ferramenta utilizada para \u00a0difundir o m\u00e1ximo de energia de impacto para o trabalho em que \u00e9 \u00a0proposta.<\/h4>\n","protected":false},"featured_media":3962,"template":"","meta":{"_links_to":"","_links_to_target":""},"product_cat":[9],"product_tag":[],"_links":{"self":[{"href":"https:\/\/www.leus.com.br\/index.php?rest_route=\/wp\/v2\/product\/3961"}],"collection":[{"href":"https:\/\/www.leus.com.br\/index.php?rest_route=\/wp\/v2\/product"}],"about":[{"href":"https:\/\/www.leus.com.br\/index.php?rest_route=\/wp\/v2\/types\/product"}],"wp:featuredmedia":[{"embeddable":true,"href":"https:\/\/www.leus.com.br\/index.php?rest_route=\/wp\/v2\/media\/3962"}],"wp:attachment":[{"href":"https:\/\/www.leus.com.br\/index.php?rest_route=%2Fwp%2Fv2%2Fmedia&parent=3961"}],"wp:term":[{"taxonomy":"product_cat","embeddable":true,"href":"https:\/\/www.leus.com.br\/index.php?rest_route=%2Fwp%2Fv2%2Fproduct_cat&post=3961"},{"taxonomy":"product_tag","embeddable":true,"href":"https:\/\/www.leus.com.br\/index.php?rest_route=%2Fwp%2Fv2%2Fproduct_tag&post=3961"}],"curies":[{"name":"wp","href":"https:\/\/api.w.org\/{rel}","templated":true}]}}