{"id":3963,"date":"2016-10-31T12:31:44","date_gmt":"2016-10-31T12:31:44","guid":{"rendered":"http:\/\/leus.com.br\/site\/?post_type=product&#038;p=3963"},"modified":"2016-10-31T12:46:17","modified_gmt":"2016-10-31T12:46:17","slug":"esmerilhadeira-cp-3850-65ab9ve","status":"publish","type":"product","link":"https:\/\/www.leus.com.br\/?product=esmerilhadeira-cp-3850-65ab9ve","title":{"rendered":"ESMERILHADEIRA CP 3850-65AB9VE"},"content":{"rendered":"<table class=\"data sort_header\">\n<thead>\n<tr class=\"\">\n<th colspan=\"3\">\n<h4><\/h4>\n<\/th>\n<\/tr>\n<\/thead>\n<tbody>\n<tr class=\"\">\n<td class=\"h\">\n<h4>N\u00famero da pe\u00e7a<\/h4>\n<\/td>\n<td colspan=\"2\">\n<h4>6151704940<\/h4>\n<\/td>\n<\/tr>\n<tr class=\"\">\n<td class=\"h\">\n<h4>Modelo<\/h4>\n<\/td>\n<td colspan=\"2\">\n<h4>CP3850-65AB9VE<\/h4>\n<\/td>\n<\/tr>\n<tr class=\"\">\n<td class=\"h\">\n<h4>Rosca da Haste<\/h4>\n<\/td>\n<td colspan=\"2\">\n<h4>5\/8-11<\/h4>\n<\/td>\n<\/tr>\n<tr class=\"\">\n<td class=\"h\">\n<h4>Tamanho do disco<\/h4>\n<\/td>\n<td>\n<h4>230\u00a0mm<\/h4>\n<\/td>\n<td class=\"blurred\">\n<h4>9&#8243;<\/h4>\n<\/td>\n<\/tr>\n<tr class=\"\">\n<td class=\"h\">\n<h4>Velocidade livre<\/h4>\n<\/td>\n<td colspan=\"2\">\n<h4>6500\u00a0rpm<\/h4>\n<\/td>\n<\/tr>\n<tr class=\"\">\n<td class=\"h\">\n<h4>Energia<\/h4>\n<\/td>\n<td>\n<h4>2100\u00a0W<\/h4>\n<\/td>\n<td class=\"blurred\">\n<h4>2.8\u00a0hp<\/h4>\n<\/td>\n<\/tr>\n<tr class=\"\">\n<td class=\"h\">\n<h4>Comprimento<\/h4>\n<\/td>\n<td>\n<h4>340\u00a0mm<\/h4>\n<\/td>\n<td class=\"blurred\">\n<h4>13.4&#8243;<\/h4>\n<\/td>\n<\/tr>\n<tr class=\"\">\n<td class=\"h\">\n<h4>Peso l\u00edquido<\/h4>\n<\/td>\n<td>\n<h4>2.7\u00a0kg<\/h4>\n<\/td>\n<td class=\"blurred\">\n<h4>5.9\u00a0lb<\/h4>\n<\/td>\n<\/tr>\n<tr class=\"\">\n<td class=\"h\">\n<h4>Lado ao centro<\/h4>\n<\/td>\n<td>\n<h4>29\u00a0mm<\/h4>\n<\/td>\n<td class=\"blurred\">\n<h4>1.14&#8243;<\/h4>\n<\/td>\n<\/tr>\n<tr class=\"\">\n<td class=\"h\">\n<h4>Altura sobre a haste<\/h4>\n<\/td>\n<td>\n<h4>107\u00a0mm<\/h4>\n<\/td>\n<td class=\"blurred\">\n<h4>4.21&#8243;<\/h4>\n<\/td>\n<\/tr>\n<tr class=\"\">\n<td class=\"h\">\n<h4>N\u00edvel de ru\u00eddo<\/h4>\n<\/td>\n<td colspan=\"2\">\n<h4>93\u00a0db(A)<\/h4>\n<\/td>\n<\/tr>\n<tr class=\"\">\n<td class=\"h\">\n<h4>Pot\u00eancia de som<\/h4>\n<\/td>\n<td colspan=\"2\">\n<h4>104\u00a0db(A)<\/h4>\n<\/td>\n<\/tr>\n<tr class=\"\">\n<td class=\"h\">\n<h4>Vibra\u00e7\u00e3o \u03b1 (ISO-28927-1)<\/h4>\n<\/td>\n<td colspan=\"2\">\n<h4>5.7\u00a0m\/s\u00b2<\/h4>\n<\/td>\n<\/tr>\n<tr class=\"\">\n<td class=\"h\">\n<h4>Vibra\u00e7\u00e3o K (ISO-28927-1)<\/h4>\n<\/td>\n<td colspan=\"2\">\n<h4>1.1\u00a0m\/s\u00b2<\/h4>\n<\/td>\n<\/tr>\n<tr class=\"\">\n<td class=\"h\">\n<h4>Consumo m\u00e9dio de ar<\/h4>\n<\/td>\n<td>\n<h4>0<\/h4>\n<\/td>\n<td class=\"blurred\">\n<h4><\/h4>\n<\/td>\n<\/tr>\n<tr class=\"\">\n<td class=\"h\">\n<h4>Consumo real de ar<\/h4>\n<\/td>\n<td>\n<h4>38\u00a0l\/s<\/h4>\n<\/td>\n<td class=\"blurred\">\n<h4>80\u00a0cfm<\/h4>\n<\/td>\n<\/tr>\n<tr class=\"\">\n<td class=\"h\">\n<h4>Consumo de ar em velocidade livre<\/h4>\n<\/td>\n<td>\n<h4>21\u00a0l\/s<\/h4>\n<\/td>\n<td class=\"blurred\">\n<h4>44\u00a0cfm<\/h4>\n<\/td>\n<\/tr>\n<tr class=\"\">\n<td class=\"h\">\n<h4>Tamanho da rosca da entrada de ar<\/h4>\n<\/td>\n<td colspan=\"2\">\n<h4>1\/2<\/h4>\n<\/td>\n<\/tr>\n<tr class=\"over\">\n<td class=\"h\">\n<h4>Dimens\u00f5es da caixa<\/h4>\n<\/td>\n<td>\n<h4>390X295X135<\/h4>\n<\/td>\n<\/tr>\n<\/tbody>\n<\/table>\n<div class='et_post_video'><iframe width=\"1080\" height=\"608\" src=\"https:\/\/www.youtube.com\/embed\/3EiO9I57svY?feature=oembed\" frameborder=\"0\" allowfullscreen><\/iframe><\/div>\n","protected":false},"excerpt":{"rendered":"<div class=\"ui-widget-header\">\n<h4>\u00a0CP3850-65AB9VE &#8211; O mais alto desempenho e ergonomia.<\/h4>\n<h4>A esmerilhadeira CP3850-65AB9VE, garante a melhor produtividade e ergonomia, com sua alavanca de seguran\u00e7a de dupla a\u00e7\u00e3o e balanceador integrado garante a maior efici\u00eancia na hora de esmerilhar; todo o tipo de superf\u00edcie e de pe\u00e7as em geral.<\/h4>\n<p>&nbsp;<\/p>\n<\/div>\n<p>&nbsp;<\/p>\n","protected":false},"featured_media":3964,"template":"","meta":{"_links_to":"","_links_to_target":""},"product_cat":[33],"product_tag":[],"_links":{"self":[{"href":"https:\/\/www.leus.com.br\/index.php?rest_route=\/wp\/v2\/product\/3963"}],"collection":[{"href":"https:\/\/www.leus.com.br\/index.php?rest_route=\/wp\/v2\/product"}],"about":[{"href":"https:\/\/www.leus.com.br\/index.php?rest_route=\/wp\/v2\/types\/product"}],"wp:featuredmedia":[{"embeddable":true,"href":"https:\/\/www.leus.com.br\/index.php?rest_route=\/wp\/v2\/media\/3964"}],"wp:attachment":[{"href":"https:\/\/www.leus.com.br\/index.php?rest_route=%2Fwp%2Fv2%2Fmedia&parent=3963"}],"wp:term":[{"taxonomy":"product_cat","embeddable":true,"href":"https:\/\/www.leus.com.br\/index.php?rest_route=%2Fwp%2Fv2%2Fproduct_cat&post=3963"},{"taxonomy":"product_tag","embeddable":true,"href":"https:\/\/www.leus.com.br\/index.php?rest_route=%2Fwp%2Fv2%2Fproduct_tag&post=3963"}],"curies":[{"name":"wp","href":"https:\/\/api.w.org\/{rel}","templated":true}]}}