{"id":4174,"date":"2017-02-10T18:42:44","date_gmt":"2017-02-10T18:42:44","guid":{"rendered":"http:\/\/leus.com.br\/site\/?post_type=product&#038;p=4174"},"modified":"2019-02-13T14:06:04","modified_gmt":"2019-02-13T16:06:04","slug":"silicone-carbonpro-lavanda-autoshine-300-ml","status":"publish","type":"product","link":"https:\/\/www.leus.com.br\/?product=silicone-carbonpro-lavanda-autoshine-300-ml","title":{"rendered":"Silicone Carbonpro Lavanda &#8211; 300 ml"},"content":{"rendered":"<h4>O Silicone Carbonopro protege contra a a\u00e7\u00e3o do tempo contra a ferrugem e \u00a0efeitos da maresia, retardando a perda de cor e o envelhecimento das superf\u00edcies aplicadas; prolongando a vida \u00fatil do plastico, vinil ,couro e de todo o tipo de ferramentas. Lubrifica tamb\u00e9m dobradi\u00e7as, trilhos de cortinas persianas e \u00a0corredi\u00e7as met\u00e1licas das gavetas. Indicado para restaurar o brilho, limpar, lubrificar e repelir a umidade e proteger dos demais tipos de materiais podendo ser aplicado tamb\u00e9m em equipamentos fitness, todos os tipos de motores e para uso dom\u00e9stico.<\/h4>\n","protected":false},"excerpt":{"rendered":"<h4>O Silicone carbonpro Lavanda \u00e9 ideal para quem \u00a0necessita de um lubrificante de alto desempenho e com lubricidade superior.<\/h4>\n<h4><span style=\"color: #ff0000;\">Para saber o valor por caixa, por gentileza entre em contato conosco.<\/span><\/h4>\n","protected":false},"featured_media":5242,"template":"","meta":{"_links_to":"","_links_to_target":""},"product_cat":[69],"product_tag":[],"_links":{"self":[{"href":"https:\/\/www.leus.com.br\/index.php?rest_route=\/wp\/v2\/product\/4174"}],"collection":[{"href":"https:\/\/www.leus.com.br\/index.php?rest_route=\/wp\/v2\/product"}],"about":[{"href":"https:\/\/www.leus.com.br\/index.php?rest_route=\/wp\/v2\/types\/product"}],"wp:featuredmedia":[{"embeddable":true,"href":"https:\/\/www.leus.com.br\/index.php?rest_route=\/wp\/v2\/media\/5242"}],"wp:attachment":[{"href":"https:\/\/www.leus.com.br\/index.php?rest_route=%2Fwp%2Fv2%2Fmedia&parent=4174"}],"wp:term":[{"taxonomy":"product_cat","embeddable":true,"href":"https:\/\/www.leus.com.br\/index.php?rest_route=%2Fwp%2Fv2%2Fproduct_cat&post=4174"},{"taxonomy":"product_tag","embeddable":true,"href":"https:\/\/www.leus.com.br\/index.php?rest_route=%2Fwp%2Fv2%2Fproduct_tag&post=4174"}],"curies":[{"name":"wp","href":"https:\/\/api.w.org\/{rel}","templated":true}]}}