{"id":4207,"date":"2017-03-21T13:01:08","date_gmt":"2017-03-21T13:01:08","guid":{"rendered":"http:\/\/leus.com.br\/site\/?post_type=product&#038;p=4207"},"modified":"2019-02-05T15:43:07","modified_gmt":"2019-02-05T17:43:07","slug":"cera-restauradora-para-plasticos","status":"publish","type":"product","link":"https:\/\/www.leus.com.br\/?product=cera-restauradora-para-plasticos","title":{"rendered":"Cera Restauradora Para Pl\u00e1sticos &#8211; Autoshine"},"content":{"rendered":"","protected":false},"excerpt":{"rendered":"<h4>A Cera Restauradora Para Pl\u00e1sticos Autoshine foi especialmente desenvolvida para a plica\u00e7\u00e3o nas partes pl\u00e1ticas do seu autom\u00f3vel, proporcionando brilho,hidrata\u00e7\u00e3o e prote\u00e7\u00e3o. Retira manchas de ceras e massa de polir dos pl\u00e1sticos em geral, revitaliza a apar\u00eancia principalmente em pl\u00e1sticos,tais como para-choques, frisos em geral principalmente em plasticos de colora\u00e7\u00e3o preta ou cinza.<\/h4>\n<h4><span style=\"color: #ff0000;\">Para saber o valor por caixa, por gentileza entre em contato conosco.<\/span><\/h4>\n","protected":false},"featured_media":5234,"template":"","meta":{"_links_to":"","_links_to_target":""},"product_cat":[69],"product_tag":[],"_links":{"self":[{"href":"https:\/\/www.leus.com.br\/index.php?rest_route=\/wp\/v2\/product\/4207"}],"collection":[{"href":"https:\/\/www.leus.com.br\/index.php?rest_route=\/wp\/v2\/product"}],"about":[{"href":"https:\/\/www.leus.com.br\/index.php?rest_route=\/wp\/v2\/types\/product"}],"wp:featuredmedia":[{"embeddable":true,"href":"https:\/\/www.leus.com.br\/index.php?rest_route=\/wp\/v2\/media\/5234"}],"wp:attachment":[{"href":"https:\/\/www.leus.com.br\/index.php?rest_route=%2Fwp%2Fv2%2Fmedia&parent=4207"}],"wp:term":[{"taxonomy":"product_cat","embeddable":true,"href":"https:\/\/www.leus.com.br\/index.php?rest_route=%2Fwp%2Fv2%2Fproduct_cat&post=4207"},{"taxonomy":"product_tag","embeddable":true,"href":"https:\/\/www.leus.com.br\/index.php?rest_route=%2Fwp%2Fv2%2Fproduct_tag&post=4207"}],"curies":[{"name":"wp","href":"https:\/\/api.w.org\/{rel}","templated":true}]}}