{"id":4219,"date":"2017-04-05T18:22:15","date_gmt":"2017-04-05T18:22:15","guid":{"rendered":"http:\/\/leus.com.br\/site\/?post_type=product&#038;p=4219"},"modified":"2017-04-05T18:23:31","modified_gmt":"2017-04-05T18:23:31","slug":"jogo-de-soquetes-ss413wp","status":"publish","type":"product","link":"https:\/\/www.leus.com.br\/?product=jogo-de-soquetes-ss413wp","title":{"rendered":"SS413WP- Jogo de Soquetes  Enc.1\/2"},"content":{"rendered":"<table class=\"data sort_header\">\n<thead>\n<tr>\n<th colspan=\"3\"><\/th>\n<\/tr>\n<\/thead>\n<tbody>\n<tr class=\"\">\n<td class=\"h\">\n<h4>N\u00famero da pe\u00e7a<\/h4>\n<\/td>\n<td colspan=\"2\">\n<h4>8940164464<\/h4>\n<\/td>\n<\/tr>\n<tr class=\"\">\n<td class=\"h\">\n<h4>Modelo<\/h4>\n<\/td>\n<td colspan=\"2\">\n<h4>SS413WP<\/h4>\n<\/td>\n<\/tr>\n<tr class=\"\">\n<td class=\"h\">\n<h4>Unidade<\/h4>\n<\/td>\n<td colspan=\"2\">\n<h4>M\u00e9trico<\/h4>\n<\/td>\n<\/tr>\n<tr class=\"\">\n<td class=\"h\">\n<h4>Impulsor Quadrado<\/h4>\n<\/td>\n<td>\n<h4>1\/2&#8243;<\/h4>\n<\/td>\n<td class=\"blurred\"><\/td>\n<\/tr>\n<tr class=\"\">\n<td class=\"h\">\n<h4>\u00danico ou conjunto<\/h4>\n<\/td>\n<td colspan=\"2\">\n<h4>Set<\/h4>\n<\/td>\n<\/tr>\n<tr class=\"\">\n<td class=\"h\">\n<h4>Tipo de Soquete<\/h4>\n<\/td>\n<td colspan=\"2\">\n<h4>Protetor de disco<\/h4>\n<\/td>\n<\/tr>\n<tr class=\"\">\n<td class=\"h\">\n<h4>Tamanho do soquete<\/h4>\n<\/td>\n<td>\n<h4>Conjuntos de soquetes<\/h4>\n<\/td>\n<td class=\"blurred\">\n<h4>Socket Sets<\/h4>\n<\/td>\n<\/tr>\n<\/tbody>\n<\/table>\n","protected":false},"excerpt":{"rendered":"<p>N\u00famero da pe\u00e7a 8940164464 Modelo SS413WP Unidade M\u00e9trico Impulsor Quadrado 1\/2&#8243; \u00danico ou conjunto Set Tipo de Soquete Protetor de disco Tamanho do soquete Conjuntos de soquetes Socket Sets<\/p>\n","protected":false},"featured_media":4220,"template":"","meta":{"_links_to":"","_links_to_target":""},"product_cat":[74],"product_tag":[],"_links":{"self":[{"href":"https:\/\/www.leus.com.br\/index.php?rest_route=\/wp\/v2\/product\/4219"}],"collection":[{"href":"https:\/\/www.leus.com.br\/index.php?rest_route=\/wp\/v2\/product"}],"about":[{"href":"https:\/\/www.leus.com.br\/index.php?rest_route=\/wp\/v2\/types\/product"}],"wp:featuredmedia":[{"embeddable":true,"href":"https:\/\/www.leus.com.br\/index.php?rest_route=\/wp\/v2\/media\/4220"}],"wp:attachment":[{"href":"https:\/\/www.leus.com.br\/index.php?rest_route=%2Fwp%2Fv2%2Fmedia&parent=4219"}],"wp:term":[{"taxonomy":"product_cat","embeddable":true,"href":"https:\/\/www.leus.com.br\/index.php?rest_route=%2Fwp%2Fv2%2Fproduct_cat&post=4219"},{"taxonomy":"product_tag","embeddable":true,"href":"https:\/\/www.leus.com.br\/index.php?rest_route=%2Fwp%2Fv2%2Fproduct_tag&post=4219"}],"curies":[{"name":"wp","href":"https:\/\/api.w.org\/{rel}","templated":true}]}}