{"id":4241,"date":"2017-05-15T17:19:35","date_gmt":"2017-05-15T17:19:35","guid":{"rendered":"http:\/\/leus.com.br\/site\/?post_type=product&#038;p=4241"},"modified":"2020-05-06T14:36:26","modified_gmt":"2020-05-06T17:36:26","slug":"ds-900-diesel-system-cleaner","status":"publish","type":"product","link":"https:\/\/www.leus.com.br\/?product=ds-900-diesel-system-cleaner","title":{"rendered":"DS-900 &#8211; Diesel System Cleaner &#8211; 473 ml"},"content":{"rendered":"<h4>O LIMPADOR DE SISTEMA DE COMBUST\u00cdVEL DIESEL ABRO foi formulado para melhorar a acelera\u00e7\u00e3o.<\/h4>\n<h4>Reduzindo as emiss\u00f5es de fuma\u00e7a preta, reduzindo as \u00a0emiss\u00f5es de escape elimina a \u00e1gua, aumenta a economia de combust\u00edvel e restaura a potencia m\u00e1xima. Utiliza uma forma sint\u00e9tica, misturando com todos combust\u00edveis diesel, incluindo os de baixo teor de enxofre.<\/h4>\n<ul>\n<li>\n<h4>Economiza Combust\u00edvel<\/h4>\n<\/li>\n<li>\n<h4>Reduz a Fuma\u00e7a<\/h4>\n<\/li>\n<li>\n<h4>Sem \u00c1lcool<\/h4>\n<\/li>\n<li>\n<h4>Reduz a Emiss\u00e3o de Gases<\/h4>\n<\/li>\n<li>\n<h4>Remove \u00c1gua<\/h4>\n<\/li>\n<li>\n<h4>Reduz a Emiss\u00e3o de Poluentes<\/h4>\n<\/li>\n<li>\n<h4>Inibe a Corros\u00e3o<\/h4>\n<\/li>\n<li>\n<h4>Prote\u00e7\u00e3o Contra Desgaste<\/h4>\n<\/li>\n<li><strong>Limpa filtro DPF<\/strong><\/li>\n<\/ul>\n","protected":false},"excerpt":{"rendered":"<h4>Limpador concentrado para limpar todo o sistema de inje\u00e7\u00e3o eletr\u00f4nica tanto em ve\u00edculos leves diesel como em caminh\u00f5es. Este produto \u00a0tem forte a\u00e7\u00e3o detergente \u00a0dissolvendo gomas e vernizes e res\u00edduos formados na c\u00e2mara de combust\u00e3o sem deixar res\u00edduos podendo tratar at\u00e9 200 litros.<\/h4>\n<h4>Este produto elimina fungos, \u00a0bact\u00e9rias e quebra a mol\u00e9cula de \u00e1gua existente no tanque de combust\u00edvel, seu uso a cada 6.800 km reduz significamente os custos de manuten\u00e7\u00e3o aumentando a economia do veiculo. \u00a0Baixo teor de enxofre menor que 10 ppm. Pode ser misturado com qualquer diesel brasileiro.<\/h4>\n<h4><span style=\"color: #ff0000\">\u00a0Para saber o valor por caixa, por gentileza entre em contato conosco.<\/span><\/h4>\n","protected":false},"featured_media":5169,"template":"","meta":{"_links_to":"","_links_to_target":""},"product_cat":[13],"product_tag":[],"_links":{"self":[{"href":"https:\/\/www.leus.com.br\/index.php?rest_route=\/wp\/v2\/product\/4241"}],"collection":[{"href":"https:\/\/www.leus.com.br\/index.php?rest_route=\/wp\/v2\/product"}],"about":[{"href":"https:\/\/www.leus.com.br\/index.php?rest_route=\/wp\/v2\/types\/product"}],"wp:featuredmedia":[{"embeddable":true,"href":"https:\/\/www.leus.com.br\/index.php?rest_route=\/wp\/v2\/media\/5169"}],"wp:attachment":[{"href":"https:\/\/www.leus.com.br\/index.php?rest_route=%2Fwp%2Fv2%2Fmedia&parent=4241"}],"wp:term":[{"taxonomy":"product_cat","embeddable":true,"href":"https:\/\/www.leus.com.br\/index.php?rest_route=%2Fwp%2Fv2%2Fproduct_cat&post=4241"},{"taxonomy":"product_tag","embeddable":true,"href":"https:\/\/www.leus.com.br\/index.php?rest_route=%2Fwp%2Fv2%2Fproduct_tag&post=4241"}],"curies":[{"name":"wp","href":"https:\/\/api.w.org\/{rel}","templated":true}]}}