{"id":4255,"date":"2017-05-16T11:34:34","date_gmt":"2017-05-16T11:34:34","guid":{"rendered":"http:\/\/leus.com.br\/site\/?post_type=product&#038;p=4255"},"modified":"2019-07-17T08:45:53","modified_gmt":"2019-07-17T11:45:53","slug":"abro-rear-view-mirror-auto-trim-adhesive","status":"publish","type":"product","link":"https:\/\/www.leus.com.br\/?product=abro-rear-view-mirror-auto-trim-adhesive","title":{"rendered":"Abro &#8211; Rear View Mirror &#038; Auto Trim Adhesive RV-495"},"content":{"rendered":"<h4 style=\"text-align: justify;\">INSTRU\u00c7\u00d5ES: limpe bem o vidro e o espelho retrovisor interior. Marque o lugar de coloca\u00e7\u00e3o na parte interior do para-brisa com um marcador. Remova a embalagem branca que se encontra no tubo pl\u00e1stico (PRIMER) e coloque no lado oposto do tubo; pressione at\u00e9 que o lacre interior se rompa. Permita que o liquido seja absorvido pelo aplicador felpudo. Aplique o l\u00edquido na parte marcada no interior do para-brisa. Abra o adesivo e aplique uma pequena quantidade no espelho retrovisor. N\u00c3O ESPALHAR. Pressione fortemente durante um minuto e deixe secar.<\/h4>\n<h4 style=\"text-align: justify;\">CUIDADO: o adesivo cont\u00e9m ACR\u00cdLICO e derivados. O (PRIMER) cont\u00e9m ISOPROPANOL\u00a0 e AMINA ALDEMYNE. Evite respirar os vapores. Irrita a pele e os olhos. Em caso de contato com os olhos, lave com agua por 15 minutos. Consulte um medico. Em caso de contato com a pele, vale com agua e sab\u00e3o. USE EM AREA VENTILADA. MANTENHA LONGE DE CRIAN\u00c7AS.<\/h4>\n<h4>Ficha FSQ &#8211;<a href=\"http:\/\/leus.com.br\/site\/wp-content\/uploads\/2017\/05\/RV-495.pdf\">RV-495<\/a><\/h4>\n<div class='et_post_video'><iframe width=\"1080\" height=\"608\" src=\"https:\/\/www.youtube.com\/embed\/P4ywAC-HvlA?feature=oembed\" frameborder=\"0\" allow=\"accelerometer; autoplay; encrypted-media; gyroscope; picture-in-picture\" allowfullscreen><\/iframe><\/div>\n","protected":false},"excerpt":{"rendered":"<ul>\n<li>\n<h4 style=\"text-align: justify;\">Cola ultra forte<\/h4>\n<\/li>\n<li style=\"text-align: justify;\">\n<h4>Cola em 1 a 2 minutos<\/h4>\n<\/li>\n<li style=\"text-align: justify;\">\n<h4>Pode anexar Espelhos, Guarni\u00e7\u00f5es e Molduras<\/h4>\n<\/li>\n<\/ul>\n<h4 style=\"text-align: justify;\"><span style=\"color: #ff0000;\">Para saber o valor por caixa, por gentileza entre em contato conosco.<\/span><\/h4>\n","protected":false},"featured_media":5460,"template":"","meta":{"_links_to":"","_links_to_target":""},"product_cat":[11],"product_tag":[],"_links":{"self":[{"href":"https:\/\/www.leus.com.br\/index.php?rest_route=\/wp\/v2\/product\/4255"}],"collection":[{"href":"https:\/\/www.leus.com.br\/index.php?rest_route=\/wp\/v2\/product"}],"about":[{"href":"https:\/\/www.leus.com.br\/index.php?rest_route=\/wp\/v2\/types\/product"}],"wp:featuredmedia":[{"embeddable":true,"href":"https:\/\/www.leus.com.br\/index.php?rest_route=\/wp\/v2\/media\/5460"}],"wp:attachment":[{"href":"https:\/\/www.leus.com.br\/index.php?rest_route=%2Fwp%2Fv2%2Fmedia&parent=4255"}],"wp:term":[{"taxonomy":"product_cat","embeddable":true,"href":"https:\/\/www.leus.com.br\/index.php?rest_route=%2Fwp%2Fv2%2Fproduct_cat&post=4255"},{"taxonomy":"product_tag","embeddable":true,"href":"https:\/\/www.leus.com.br\/index.php?rest_route=%2Fwp%2Fv2%2Fproduct_tag&post=4255"}],"curies":[{"name":"wp","href":"https:\/\/api.w.org\/{rel}","templated":true}]}}