{"id":4261,"date":"2017-05-26T19:19:57","date_gmt":"2017-05-26T19:19:57","guid":{"rendered":"http:\/\/leus.com.br\/site\/?post_type=product&#038;p=4261"},"modified":"2019-01-25T11:22:45","modified_gmt":"2019-01-25T13:22:45","slug":"anti-freeze-coolant-af504-1l","status":"publish","type":"product","link":"https:\/\/www.leus.com.br\/?product=anti-freeze-coolant-af504-1l","title":{"rendered":"Anti- Freeze &#038; Coolant &#8211; AF -504-1L"},"content":{"rendered":"<h4>O ABRO AF-504 proteger\u00e1 os componentes do motor do congelamento no inverno e da ebuli\u00e7\u00e3o no ver\u00e3o. ABRO AF-504 cont\u00e9m um aditivo antiespumante de alta qualidade e um pacote anticorrosivo para proporcionar uma prote\u00e7\u00e3o completa a todos os metais que formam a maior parte do sistema de esfriamento do motor, incluindo o alum\u00ednio.<\/h4>\n<h4>A tabela seguinte contem informa\u00e7\u00f5es da mistura e dilui\u00e7\u00e3o: um intervalo de concentra\u00e7\u00e3o de 40% \u00e0 70% que sugere uma prote\u00e7\u00e3o \u00f3tima. ABRO AF-504 \u00e9 compat\u00edvel com a maioria das marcas de refrigerantes geralmente dispon\u00edveis, n\u00e3o danifica as mangueiras, pl\u00e1sticos, nem cabos originais do veiculo.<\/h4>\n<h4>**Para obter melhores resultados dilua com aditivo de radiador ABRO no lugar da agua. A agua pode conter impurezas prejudiciais que diminuir\u00e3o a prote\u00e7\u00e3o contra a corros\u00e3o e o sistema de refrigera\u00e7\u00e3o do seu veiculo.<\/h4>\n<h4>MANTER FORA DO ALCANCE DAS CRIAN\u00c7AS. Evite o contato prolongado com a pele. N\u00e3o ingira. Se ingerido procure um m\u00e9dico imediatamente. N\u00e3o deposite este flu\u00eddo em um recipiente n\u00e3o rotulado. Tenha precau\u00e7\u00e3o em remover a tampa do radiador, especialmente se o sistema estiver superaquecido.<\/h4>\n","protected":false},"excerpt":{"rendered":"<h4>ABRO ORIGINAL GREEN ANTIFREEZE COOLANT \u00e9 um refrigerante anticongelante com uma formula\u00e7\u00e3o a base de etilenoglicol que cumpre os requisitos de prote\u00e7\u00e3o \u00e0 maioria dos ve\u00edculos de passageiros, camionetes e caminh\u00f5es.<\/h4>\n<h4><span style=\"color: #ff0000;\">Para saber o valor, por gentileza entre em contato conosco.<\/span><\/h4>\n","protected":false},"featured_media":5179,"template":"","meta":{"_links_to":"","_links_to_target":""},"product_cat":[15],"product_tag":[],"_links":{"self":[{"href":"https:\/\/www.leus.com.br\/index.php?rest_route=\/wp\/v2\/product\/4261"}],"collection":[{"href":"https:\/\/www.leus.com.br\/index.php?rest_route=\/wp\/v2\/product"}],"about":[{"href":"https:\/\/www.leus.com.br\/index.php?rest_route=\/wp\/v2\/types\/product"}],"wp:featuredmedia":[{"embeddable":true,"href":"https:\/\/www.leus.com.br\/index.php?rest_route=\/wp\/v2\/media\/5179"}],"wp:attachment":[{"href":"https:\/\/www.leus.com.br\/index.php?rest_route=%2Fwp%2Fv2%2Fmedia&parent=4261"}],"wp:term":[{"taxonomy":"product_cat","embeddable":true,"href":"https:\/\/www.leus.com.br\/index.php?rest_route=%2Fwp%2Fv2%2Fproduct_cat&post=4261"},{"taxonomy":"product_tag","embeddable":true,"href":"https:\/\/www.leus.com.br\/index.php?rest_route=%2Fwp%2Fv2%2Fproduct_tag&post=4261"}],"curies":[{"name":"wp","href":"https:\/\/api.w.org\/{rel}","templated":true}]}}