{"id":4288,"date":"2017-08-29T19:18:37","date_gmt":"2017-08-29T19:18:37","guid":{"rendered":"http:\/\/leus.com.br\/site\/?post_type=product&#038;p=4288"},"modified":"2020-06-15T08:51:53","modified_gmt":"2020-06-15T11:51:53","slug":"desengripante-multi-proposito-premium-ab-800","status":"publish","type":"product","link":"https:\/\/www.leus.com.br\/?product=desengripante-multi-proposito-premium-ab-800","title":{"rendered":"Desengripante Multi Prop\u00f3sito Premium AB &#8211; 800-10R"},"content":{"rendered":"<h4>O Desengripante AB-800 tem um spray lubrificante poderoso de alta qualidade especialmente desenvolvido para as mais extremas necessidades de manuten\u00e7\u00e3o (F\u00f3rmula Russa).<\/h4>\n<h4><\/h4>\n<p><strong>Aplica\u00e7\u00e3o:<\/strong><\/p>\n<p><strong>Repara\u00e7\u00e3o e manuten\u00e7\u00e3o de equipamentos automotivos, industriais, mar\u00edtimos e outros; <\/strong><br \/>\n<strong> Libera\u00e7\u00e3o de pe\u00e7as corro\u00eddas, tais como parafusos com porcas e outras conex\u00f5es roscadas, ranhuradas e similares; <\/strong><br \/>\n<strong>Processamento de mecanismos ap\u00f3s a conclus\u00e3o do trabalho, limpeza alcalina, repara\u00e7\u00e3o.<\/strong><\/p>\n<p><strong>Propriedades:<\/strong><br \/>\n<strong>\u2022 Efetivamente desloca a umidade: seca e restaura o isolamento el\u00e9trico do sistema de igni\u00e7\u00e3o de motores e equipamentos el\u00e9tricos, protege contra curto-circuitos;<\/strong><br \/>\n<strong>\u2022 Penetra profundamente e liberta pe\u00e7as enferrujadas e encravadas;<\/strong><br \/>\n<strong>\u2022 Protege os metais ferrosos da corros\u00e3o e oxida\u00e7\u00e3o, mesmo em condi\u00e7\u00f5es de alta umidade;<\/strong><br \/>\n<strong>\u2022 Garante a lubrifica\u00e7\u00e3o confi\u00e1vel dos mecanismos, o movimento suave das travas e quaisquer partes friccionadas, elimina os rangidos, melhora o deslizamento das superf\u00edcies de metal, pl\u00e1stico, borracha e madeira;<\/strong><br \/>\n<strong>\u2022 Limpa superf\u00edcies de sujeira, alcatr\u00e3o, graxa, betume;<\/strong><br \/>\n<strong>\u2022 Devido ao conte\u00fado de PTFE previne o desgaste de pe\u00e7as mesmo nas condi\u00e7\u00f5es mais extremas;<\/strong><br \/>\n<strong>\u2022 Alta resist\u00eancia a meios agressivos;<\/strong><br \/>\n<strong>\u2022 Cria uma pel\u00edcula protetora de longo prazo ultrafina na superf\u00edcie;<\/strong><br \/>\n<strong>\u2022 Possui alta ades\u00e3o aos mecanismos processados;<\/strong><br \/>\n<strong>\u2022 Consumo econ\u00f4mico ;<\/strong><br \/>\n<strong>\u2022 Pulverizador com tubo integrado e dois sprays de lubrifica\u00e7\u00e3o;<\/strong><br \/>\n<strong>\u2022 Ajuda a prolongar a vida dos mecanismos.<\/strong><\/p>\n<h4>Peso l\u00edquido 400 ml<\/h4>\n<div class='et_post_video'><iframe title=\"Desengripante Premium ABRO - AB 800\" width=\"1080\" height=\"608\" src=\"https:\/\/www.youtube.com\/embed\/ZOSQx2R77ik?feature=oembed\" frameborder=\"0\" allow=\"accelerometer; autoplay; encrypted-media; gyroscope; picture-in-picture\" allowfullscreen><\/iframe><\/div>\n","protected":false},"excerpt":{"rendered":"<h4>O Desengripante premium ABRO AB-800 com aditivos de\u00a0 PTFE (Politetrafluoretileno) \u2013 teflon\u00a0 tem um spray lubrificante e penetrante de alta qualidade, especialmente desenvolvido para o uso na repara\u00e7\u00e3o e manuten\u00e7\u00e3o de equipamentos multiprop\u00f3sito.<\/h4>\n","protected":false},"featured_media":5446,"template":"","meta":{"_links_to":"","_links_to_target":""},"product_cat":[11],"product_tag":[],"_links":{"self":[{"href":"https:\/\/www.leus.com.br\/index.php?rest_route=\/wp\/v2\/product\/4288"}],"collection":[{"href":"https:\/\/www.leus.com.br\/index.php?rest_route=\/wp\/v2\/product"}],"about":[{"href":"https:\/\/www.leus.com.br\/index.php?rest_route=\/wp\/v2\/types\/product"}],"wp:featuredmedia":[{"embeddable":true,"href":"https:\/\/www.leus.com.br\/index.php?rest_route=\/wp\/v2\/media\/5446"}],"wp:attachment":[{"href":"https:\/\/www.leus.com.br\/index.php?rest_route=%2Fwp%2Fv2%2Fmedia&parent=4288"}],"wp:term":[{"taxonomy":"product_cat","embeddable":true,"href":"https:\/\/www.leus.com.br\/index.php?rest_route=%2Fwp%2Fv2%2Fproduct_cat&post=4288"},{"taxonomy":"product_tag","embeddable":true,"href":"https:\/\/www.leus.com.br\/index.php?rest_route=%2Fwp%2Fv2%2Fproduct_tag&post=4288"}],"curies":[{"name":"wp","href":"https:\/\/api.w.org\/{rel}","templated":true}]}}