{"id":4293,"date":"2017-08-30T17:23:42","date_gmt":"2017-08-30T17:23:42","guid":{"rendered":"http:\/\/leus.com.br\/site\/?post_type=product&#038;p=4293"},"modified":"2019-01-22T18:04:42","modified_gmt":"2019-01-22T20:04:42","slug":"fita-de-aluminio-premium-abro-2290","status":"publish","type":"product","link":"https:\/\/www.leus.com.br\/?product=fita-de-aluminio-premium-abro-2290","title":{"rendered":"Fita de Alum\u00ednio Premium ABRO- 2290"},"content":{"rendered":"","protected":false},"excerpt":{"rendered":"<h4>A prova de enrrugamentos.<\/h4>\n<h4>Se desenha com as irregularidades da Superf\u00edcie.<\/h4>\n<h4>A Fita de Alum\u00ednio premium ABRO possui tecnologia de veda\u00e7\u00e3o HVAC contra vazamentos de ar.<\/h4>\n<h4>Aguenta temperaturas de at\u00e9 -12\u00b0C e de at\u00e9 82\u00b0C.<\/h4>\n<h4><span style=\"color: #ff0000;\">Para saber o valor por caixa, por gentileza entre em contato conosco.<\/span><\/h4>\n","protected":false},"featured_media":5127,"template":"","meta":{"_links_to":"","_links_to_target":""},"product_cat":[11],"product_tag":[],"_links":{"self":[{"href":"https:\/\/www.leus.com.br\/index.php?rest_route=\/wp\/v2\/product\/4293"}],"collection":[{"href":"https:\/\/www.leus.com.br\/index.php?rest_route=\/wp\/v2\/product"}],"about":[{"href":"https:\/\/www.leus.com.br\/index.php?rest_route=\/wp\/v2\/types\/product"}],"wp:featuredmedia":[{"embeddable":true,"href":"https:\/\/www.leus.com.br\/index.php?rest_route=\/wp\/v2\/media\/5127"}],"wp:attachment":[{"href":"https:\/\/www.leus.com.br\/index.php?rest_route=%2Fwp%2Fv2%2Fmedia&parent=4293"}],"wp:term":[{"taxonomy":"product_cat","embeddable":true,"href":"https:\/\/www.leus.com.br\/index.php?rest_route=%2Fwp%2Fv2%2Fproduct_cat&post=4293"},{"taxonomy":"product_tag","embeddable":true,"href":"https:\/\/www.leus.com.br\/index.php?rest_route=%2Fwp%2Fv2%2Fproduct_tag&post=4293"}],"curies":[{"name":"wp","href":"https:\/\/api.w.org\/{rel}","templated":true}]}}