{"id":4313,"date":"2017-09-29T19:10:12","date_gmt":"2017-09-29T19:10:12","guid":{"rendered":"http:\/\/leus.com.br\/site\/?post_type=product&#038;p=4313"},"modified":"2020-06-15T10:53:29","modified_gmt":"2020-06-15T13:53:29","slug":"graxa-sintetica-para-freios-bg-200-r","status":"publish","type":"product","link":"https:\/\/www.leus.com.br\/?product=graxa-sintetica-para-freios-bg-200-r","title":{"rendered":"Graxa Sint\u00e9tica Para Freios &#8211; BG-200-R &#8211; 227gr"},"content":{"rendered":"<h4>De acordo com uma f\u00f3rmula patenteada \u00e9 composta por aditivos anti desgaste de molibd\u00eanio teflon e grafite.<\/h4>\n<h4>Garantindo uma maior prote\u00e7\u00e3o para borrachas do sistema de freios, podendo trabalhar em temperaturas de at\u00e9 -46\u00b0C\u00a0 at\u00e9 233\u00b0C.<\/h4>\n<h4>Adequado tamb\u00e9m para a usinagem de discos de freios e lubrifica\u00e7\u00e3o da superf\u00edcie n\u00e3o ativa dos discos de freio e an\u00e9is de veda\u00e7\u00e3o e calipers, facilitando a lubrifica\u00e7\u00e3o do sistema de freio ap\u00f3s a sua limpeza com o limpa freios.<\/h4>\n<p><strong>Aplica\u00e7\u00e3o: Destina \u00a0se ao processamento de pe\u00e7as de sistemas de freio a disco e a tambor, como: juntas e O-rings, pastilhas de freio, pe\u00e7as de pin\u00e7as, guias de pin\u00e7as e guias de anteras.<\/strong><\/p>\n<ul>\n<li>\n<h1><strong>N\u00e3o use em superf\u00edcies de trabalho de pastilhas e discos de freio, n\u00e3o use em pist\u00f5es de cilindros de freio.<\/strong><\/h1>\n<\/li>\n<\/ul>\n<h4>Segue Ficha FSPQ em anexo:\u00a0<a href=\"http:\/\/leus.com.br\/site\/wp-content\/uploads\/2017\/09\/BG-200-R.pdf\">BG-200-R<\/a>.<\/h4>\n<div class='et_post_video'><iframe title=\"Graxa BG 200 R\" width=\"1080\" height=\"608\" src=\"https:\/\/www.youtube.com\/embed\/uItVLeN3_pE?feature=oembed\" frameborder=\"0\" allow=\"accelerometer; autoplay; encrypted-media; gyroscope; picture-in-picture\" allowfullscreen><\/iframe><\/div>\n","protected":false},"excerpt":{"rendered":"<ul>\n<li>\n<h4>Proporciona excelente lubrifica\u00e7\u00e3o mesmo em\u00a0 altas temperaturas.<\/h4>\n<\/li>\n<li>\n<h4>Reduz o ru\u00eddo do freio entre as partes m\u00f3veis do freio.<\/h4>\n<\/li>\n<li>\n<h4>De f\u00e1cil aplica\u00e7\u00e3o com\u00a0 pincel aplicador.<\/h4>\n<\/li>\n<li>\n<h4>Resistente a \u00e1gua e a sujeira.<\/h4>\n<\/li>\n<\/ul>\n<h4><span style=\"color: #ff0000\">Para saber o valor por caixa, por gentileza entre em contato conosco.<\/span><\/h4>\n","protected":false},"featured_media":5164,"template":"","meta":{"_links_to":"","_links_to_target":""},"product_cat":[12],"product_tag":[],"_links":{"self":[{"href":"https:\/\/www.leus.com.br\/index.php?rest_route=\/wp\/v2\/product\/4313"}],"collection":[{"href":"https:\/\/www.leus.com.br\/index.php?rest_route=\/wp\/v2\/product"}],"about":[{"href":"https:\/\/www.leus.com.br\/index.php?rest_route=\/wp\/v2\/types\/product"}],"wp:featuredmedia":[{"embeddable":true,"href":"https:\/\/www.leus.com.br\/index.php?rest_route=\/wp\/v2\/media\/5164"}],"wp:attachment":[{"href":"https:\/\/www.leus.com.br\/index.php?rest_route=%2Fwp%2Fv2%2Fmedia&parent=4313"}],"wp:term":[{"taxonomy":"product_cat","embeddable":true,"href":"https:\/\/www.leus.com.br\/index.php?rest_route=%2Fwp%2Fv2%2Fproduct_cat&post=4313"},{"taxonomy":"product_tag","embeddable":true,"href":"https:\/\/www.leus.com.br\/index.php?rest_route=%2Fwp%2Fv2%2Fproduct_tag&post=4313"}],"curies":[{"name":"wp","href":"https:\/\/api.w.org\/{rel}","templated":true}]}}