{"id":4318,"date":"2017-09-29T20:52:05","date_gmt":"2017-09-29T20:52:05","guid":{"rendered":"http:\/\/leus.com.br\/site\/?post_type=product&#038;p=4318"},"modified":"2019-07-16T16:46:42","modified_gmt":"2019-07-16T19:46:42","slug":"epoxi-transparente-ep-300-25ml","status":"publish","type":"product","link":"https:\/\/www.leus.com.br\/?product=epoxi-transparente-ep-300-25ml","title":{"rendered":"Ep\u00f3xi Transparente ABRO &#8211;    EP 300 -25ml"},"content":{"rendered":"<h4>Instru\u00e7\u00f5es\u00a0 de uso:<\/h4>\n<h4>1. Para melhores resultados: Enxaguar, limpar e secar todas as superf\u00edcies a serem ligadas e reparadas.<\/h4>\n<h4>2. Remova a p\u00e1 de mistura de pl\u00e1stico do centro do \u00eambolo preto. Gire o bocal para cima e puxe o \u00eambolo para tr\u00e1s um pouco (1\/8 &#8220;). Deixe as bolhas de ar subirem para parar. Feche o recipiente e armazene em um local apropriado sem luz solar.<\/h4>\n<h4>3. Puxe e aplique uniformemente para dispensar quantidades iguais de endurecedor e resina sobre uma superf\u00edcie descart\u00e1vel tal como um peda\u00e7o de papel\u00e3o ou o recipiente de pl\u00e1stico da frente desta embalagem. 4. Mantenha o bocal limpo. Coloque a tampa.<\/h4>\n<h4>5. Misture completamente com a p\u00e1 fornecida e aplique na superf\u00edcie.<\/h4>\n<h4>A fixa\u00e7\u00e3o deste produto ocorre em at\u00e9\u00a0 5 minutos e o item pode ser manuseado em at\u00e9 15 minutos.<\/h4>\n<div class='et_post_video'><iframe width=\"1080\" height=\"608\" src=\"https:\/\/www.youtube.com\/embed\/spLrZAMU7GM?feature=oembed\" frameborder=\"0\" allow=\"accelerometer; autoplay; encrypted-media; gyroscope; picture-in-picture\" allowfullscreen><\/iframe><\/div>\n","protected":false},"excerpt":{"rendered":"<h4 style=\"text-align: justify;\">O Ep\u00f3xi transparente ABRO atua na fixa\u00e7\u00e3o de metais, fibra de vidro, concreto, cer\u00e2mica, porcelana, borracha e a maioria dos pl\u00e1sticos.<\/h4>\n<ul>\n<li>\n<h4 style=\"text-align: justify;\">Claro como Cristal<\/h4>\n<\/li>\n<li>\n<h4>Com Formula Super Forte<\/h4>\n<\/li>\n<li>\n<h4>A Prova D&#8217;\u00c1gua.<\/h4>\n<\/li>\n<\/ul>\n<h4><span style=\"color: #ff0000;\">Para saber o valor por caixa, por gentileza entre em contato conosco.<\/span><\/h4>\n<p>&nbsp;<\/p>\n","protected":false},"featured_media":5447,"template":"","meta":{"_links_to":"","_links_to_target":""},"product_cat":[11],"product_tag":[],"_links":{"self":[{"href":"https:\/\/www.leus.com.br\/index.php?rest_route=\/wp\/v2\/product\/4318"}],"collection":[{"href":"https:\/\/www.leus.com.br\/index.php?rest_route=\/wp\/v2\/product"}],"about":[{"href":"https:\/\/www.leus.com.br\/index.php?rest_route=\/wp\/v2\/types\/product"}],"wp:featuredmedia":[{"embeddable":true,"href":"https:\/\/www.leus.com.br\/index.php?rest_route=\/wp\/v2\/media\/5447"}],"wp:attachment":[{"href":"https:\/\/www.leus.com.br\/index.php?rest_route=%2Fwp%2Fv2%2Fmedia&parent=4318"}],"wp:term":[{"taxonomy":"product_cat","embeddable":true,"href":"https:\/\/www.leus.com.br\/index.php?rest_route=%2Fwp%2Fv2%2Fproduct_cat&post=4318"},{"taxonomy":"product_tag","embeddable":true,"href":"https:\/\/www.leus.com.br\/index.php?rest_route=%2Fwp%2Fv2%2Fproduct_tag&post=4318"}],"curies":[{"name":"wp","href":"https:\/\/api.w.org\/{rel}","templated":true}]}}