{"id":4344,"date":"2017-11-13T11:24:34","date_gmt":"2017-11-13T11:24:34","guid":{"rendered":"http:\/\/leus.com.br\/site\/?post_type=product&#038;p=4344"},"modified":"2017-11-13T11:24:34","modified_gmt":"2017-11-13T11:24:34","slug":"chave-de-impacto-cp-7762","status":"publish","type":"product","link":"https:\/\/www.leus.com.br\/?product=chave-de-impacto-cp-7762","title":{"rendered":"Chave de Impacto CP 7762"},"content":{"rendered":"<table class=\"c-table s-editor s-editor--table\" data-nodename=\"table\">\n<tbody>\n<tr>\n<td>\n<h4><\/h4>\n<\/td>\n<td>\n<h4>M\u00e9trica<\/h4>\n<\/td>\n<td>\n<h4><\/h4>\n<\/td>\n<\/tr>\n<tr>\n<td>\n<h4>Modelo<\/h4>\n<\/td>\n<td>\n<h4>CP7762<\/h4>\n<\/td>\n<td>\n<h4><\/h4>\n<\/td>\n<\/tr>\n<tr>\n<td>\n<h4>N\u00famero da pe\u00e7a<\/h4>\n<\/td>\n<td>\n<h4>8941077620<\/h4>\n<\/td>\n<td>\n<h4><\/h4>\n<\/td>\n<\/tr>\n<tr>\n<td>\n<h4>Consumo real de ar<\/h4>\n<\/td>\n<td>\n<h4>16,4 l \/ s<\/h4>\n<\/td>\n<td>\n<h4>57 cfm<\/h4>\n<\/td>\n<\/tr>\n<tr>\n<td>\n<h4>Tamanho da linha de entrada de ar<\/h4>\n<\/td>\n<td>\n<h4>3\/8 &#8220;<\/h4>\n<\/td>\n<td>\n<h4><\/h4>\n<\/td>\n<\/tr>\n<tr>\n<td>\n<h4>Consumo m\u00e9dio de ar<\/h4>\n<\/td>\n<td>\n<h4>4.1 l \/ s<\/h4>\n<\/td>\n<td>\n<h4>8,78 cfm<\/h4>\n<\/td>\n<\/tr>\n<tr>\n<td>\n<h4>Sopros por minuto<\/h4>\n<\/td>\n<td>\n<h4>960<\/h4>\n<\/td>\n<td>\n<h4><\/h4>\n<\/td>\n<\/tr>\n<tr>\n<td>\n<h4>Tipo de embreagem<\/h4>\n<\/td>\n<td>\n<h4>Martelo duplo<\/h4>\n<\/td>\n<td>\n<h4><\/h4>\n<\/td>\n<\/tr>\n<tr>\n<td>\n<h4>Velocidade livre<\/h4>\n<\/td>\n<td>\n<h4>4850 rpm<\/h4>\n<\/td>\n<td>\n<h4><\/h4>\n<\/td>\n<\/tr>\n<tr>\n<td>\n<h4>Tipo de identificador<\/h4>\n<\/td>\n<td>\n<h4>Pistola<\/h4>\n<\/td>\n<td>\n<h4><\/h4>\n<\/td>\n<\/tr>\n<tr>\n<td>\n<h4>comprimento<\/h4>\n<\/td>\n<td>\n<h4>158 mm<\/h4>\n<\/td>\n<td>\n<h4>6.2 &#8220;<\/h4>\n<\/td>\n<\/tr>\n<tr>\n<td>\n<h4>Torque m\u00e1ximo (reverso)<\/h4>\n<\/td>\n<td>\n<h4>1420 Nm<\/h4>\n<\/td>\n<td>\n<h4>1050 ft.lbs<\/h4>\n<\/td>\n<\/tr>\n<tr>\n<td>\n<h4>Min.\u00a0tamanho da mangueira<\/h4>\n<\/td>\n<td>\n<h4>13 mm<\/h4>\n<\/td>\n<td>\n<h4>1\/2 &#8220;<\/h4>\n<\/td>\n<\/tr>\n<tr>\n<td>\n<h4>Peso l\u00edquido<\/h4>\n<\/td>\n<td>\n<h4>2,9 kg<\/h4>\n<\/td>\n<td>\n<h4>6.38 lb<\/h4>\n<\/td>\n<\/tr>\n<tr>\n<td>\n<h4>Rela\u00e7\u00e3o pot\u00eancia \/ peso<\/h4>\n<\/td>\n<td>\n<h4>489,7 Nm \/ kg<\/h4>\n<\/td>\n<td>\n<h4>160 ft.lb \/ lb<\/h4>\n<\/td>\n<\/tr>\n<tr>\n<td>\n<h4>Lado a centro<\/h4>\n<\/td>\n<td>\n<h4>42 mm<\/h4>\n<\/td>\n<td>\n<h4>1,65 &#8220;<\/h4>\n<\/td>\n<\/tr>\n<tr>\n<td>\n<h4>Retentor de soquete<\/h4>\n<\/td>\n<td>\n<h4>Anel de fric\u00e7\u00e3o<\/h4>\n<\/td>\n<td>\n<h4><\/h4>\n<\/td>\n<\/tr>\n<tr>\n<td>\n<h4>Poder sonoro<\/h4>\n<\/td>\n<td>\n<h4>103,8 db (A)<\/h4>\n<\/td>\n<td>\n<h4><\/h4>\n<\/td>\n<\/tr>\n<tr>\n<td>\n<h4>Press\u00e3o sonora<\/h4>\n<\/td>\n<td>\n<h4>92,8 db (A)<\/h4>\n<\/td>\n<td>\n<h4><\/h4>\n<\/td>\n<\/tr>\n<tr>\n<td>\n<h4>Drive quadrado<\/h4>\n<\/td>\n<td>\n<h4>3\/4 &#8220;<\/h4>\n<\/td>\n<td>\n<h4><\/h4>\n<\/td>\n<\/tr>\n<tr>\n<td>\n<h4>Vibra\u00e7\u00e3o<\/h4>\n<\/td>\n<td>\n<h4>10.7 m \/ s\u00b2<\/h4>\n<\/td>\n<td>\n<h4><\/h4>\n<\/td>\n<\/tr>\n<tr>\n<td>\n<h4>Incerteza de vibra\u00e7\u00e3o (K)<\/h4>\n<\/td>\n<td>\n<h4>2,8 m \/ s\u00b2<\/h4>\n<\/td>\n<td>\n<h4><\/h4>\n<\/td>\n<\/tr>\n<tr>\n<td>\n<h4>Vibra\u00e7\u00e3o-ISO<\/h4>\n<\/td>\n<td>\n<h4>ISO-28927-2<\/h4>\n<\/td>\n<td>\n<h4><\/h4>\n<\/td>\n<\/tr>\n<tr>\n<td>\n<h4>Faixa de torque de trabalho (fwd)<\/h4>\n<\/td>\n<td>\n<h4>200 &#8211; 900 Nm<\/h4>\n<\/td>\n<td>\n<h4>150 &#8211; 670 ft.lbs<\/h4>\n<\/td>\n<\/tr>\n<\/tbody>\n<\/table>\n<p>&nbsp;<\/p>\n<div class='et_post_video'><iframe width=\"1080\" height=\"608\" src=\"https:\/\/www.youtube.com\/embed\/1F4dxURfZes?feature=oembed\" frameborder=\"0\" gesture=\"media\" allowfullscreen><\/iframe><\/div>\n","protected":false},"excerpt":{"rendered":"<h4>Ultra compacta, leve e poderosa com \u00f3timo desempenho e alta durabilidade com apenas 3 kg para o melhor conforto para o operador, mecanismo side 2 side\u00a0 sistema de avan\u00e7o e reverso e distribui\u00e7\u00e3o de peso perfeita.<\/h4>\n<p>&nbsp;<\/p>\n","protected":false},"featured_media":4345,"template":"","meta":{"_links_to":"","_links_to_target":""},"product_cat":[9],"product_tag":[],"_links":{"self":[{"href":"https:\/\/www.leus.com.br\/index.php?rest_route=\/wp\/v2\/product\/4344"}],"collection":[{"href":"https:\/\/www.leus.com.br\/index.php?rest_route=\/wp\/v2\/product"}],"about":[{"href":"https:\/\/www.leus.com.br\/index.php?rest_route=\/wp\/v2\/types\/product"}],"wp:featuredmedia":[{"embeddable":true,"href":"https:\/\/www.leus.com.br\/index.php?rest_route=\/wp\/v2\/media\/4345"}],"wp:attachment":[{"href":"https:\/\/www.leus.com.br\/index.php?rest_route=%2Fwp%2Fv2%2Fmedia&parent=4344"}],"wp:term":[{"taxonomy":"product_cat","embeddable":true,"href":"https:\/\/www.leus.com.br\/index.php?rest_route=%2Fwp%2Fv2%2Fproduct_cat&post=4344"},{"taxonomy":"product_tag","embeddable":true,"href":"https:\/\/www.leus.com.br\/index.php?rest_route=%2Fwp%2Fv2%2Fproduct_tag&post=4344"}],"curies":[{"name":"wp","href":"https:\/\/api.w.org\/{rel}","templated":true}]}}