{"id":4350,"date":"2017-11-13T13:41:56","date_gmt":"2017-11-13T13:41:56","guid":{"rendered":"http:\/\/leus.com.br\/site\/?post_type=product&#038;p=4350"},"modified":"2020-06-02T15:08:11","modified_gmt":"2020-06-02T18:08:11","slug":"fita-eletrica-de-pvc-abro-et-914","status":"publish","type":"product","link":"https:\/\/www.leus.com.br\/?product=fita-eletrica-de-pvc-abro-et-914","title":{"rendered":"Fita El\u00e9trica de PVC Abro ET-914"},"content":{"rendered":"","protected":false},"excerpt":{"rendered":"<h4>A fita isolante \u00e9 profissional, projetada para uso em redes com tens\u00f5es at\u00e9 600V e a temperaturas at\u00e9 80 \u00b0 C.\u00a0Se as condi\u00e7\u00f5es de armazenamento forem atendidas, a data de validade \u00e9 ilimitada.<\/h4>\n<h4><span style=\"color: #ff0000;\">Para saber o valor por caixa, por gentileza entre em contato conosco.<\/span><\/h4>\n","protected":false},"featured_media":5131,"template":"","meta":{"_links_to":"","_links_to_target":""},"product_cat":[11],"product_tag":[],"_links":{"self":[{"href":"https:\/\/www.leus.com.br\/index.php?rest_route=\/wp\/v2\/product\/4350"}],"collection":[{"href":"https:\/\/www.leus.com.br\/index.php?rest_route=\/wp\/v2\/product"}],"about":[{"href":"https:\/\/www.leus.com.br\/index.php?rest_route=\/wp\/v2\/types\/product"}],"wp:featuredmedia":[{"embeddable":true,"href":"https:\/\/www.leus.com.br\/index.php?rest_route=\/wp\/v2\/media\/5131"}],"wp:attachment":[{"href":"https:\/\/www.leus.com.br\/index.php?rest_route=%2Fwp%2Fv2%2Fmedia&parent=4350"}],"wp:term":[{"taxonomy":"product_cat","embeddable":true,"href":"https:\/\/www.leus.com.br\/index.php?rest_route=%2Fwp%2Fv2%2Fproduct_cat&post=4350"},{"taxonomy":"product_tag","embeddable":true,"href":"https:\/\/www.leus.com.br\/index.php?rest_route=%2Fwp%2Fv2%2Fproduct_tag&post=4350"}],"curies":[{"name":"wp","href":"https:\/\/api.w.org\/{rel}","templated":true}]}}