{"id":4399,"date":"2017-12-13T18:46:37","date_gmt":"2017-12-13T18:46:37","guid":{"rendered":"http:\/\/leus.com.br\/site\/?post_type=product&#038;p=4399"},"modified":"2020-06-02T15:08:34","modified_gmt":"2020-06-02T18:08:34","slug":"abro-gear-treatment-abro-gt-409","status":"publish","type":"product","link":"https:\/\/www.leus.com.br\/?product=abro-gear-treatment-abro-gt-409","title":{"rendered":"Abro Gear Treatment Abro- GT 409"},"content":{"rendered":"","protected":false},"excerpt":{"rendered":"<h4 style=\"text-align: left;\"><\/h4>\n<p>&nbsp;<\/p>\n<h4 style=\"text-align: left;\">Para diferenciais de deslizamento limitado (diferenciais auto brocantes), transmiss\u00f5es manuais e caixas de engrenagens adicione um tubo de tratamento de abro gear para qualquer tipo de\u00a0 \u00f3leo lubrificante. Para transmiss\u00f5es de caminh\u00f5es e caminhonetes adicione 10% do volume.<\/h4>\n<h4 style=\"text-align: justify;\">Produto n\u00e3o aconselhado para ser utilizado em transmiss\u00f5es autom\u00e1ticas.<\/h4>\n<h4 style=\"text-align: justify;\">Mantenha longe das crian\u00e7as!<\/h4>\n<h4 style=\"text-align: justify;\"><span style=\"color: #ff0000;\">Para saber o valor por caixa, por gentileza entre em contato conosco.<\/span><\/h4>\n","protected":false},"featured_media":5461,"template":"","meta":{"_links_to":"","_links_to_target":""},"product_cat":[11],"product_tag":[],"_links":{"self":[{"href":"https:\/\/www.leus.com.br\/index.php?rest_route=\/wp\/v2\/product\/4399"}],"collection":[{"href":"https:\/\/www.leus.com.br\/index.php?rest_route=\/wp\/v2\/product"}],"about":[{"href":"https:\/\/www.leus.com.br\/index.php?rest_route=\/wp\/v2\/types\/product"}],"wp:featuredmedia":[{"embeddable":true,"href":"https:\/\/www.leus.com.br\/index.php?rest_route=\/wp\/v2\/media\/5461"}],"wp:attachment":[{"href":"https:\/\/www.leus.com.br\/index.php?rest_route=%2Fwp%2Fv2%2Fmedia&parent=4399"}],"wp:term":[{"taxonomy":"product_cat","embeddable":true,"href":"https:\/\/www.leus.com.br\/index.php?rest_route=%2Fwp%2Fv2%2Fproduct_cat&post=4399"},{"taxonomy":"product_tag","embeddable":true,"href":"https:\/\/www.leus.com.br\/index.php?rest_route=%2Fwp%2Fv2%2Fproduct_tag&post=4399"}],"curies":[{"name":"wp","href":"https:\/\/api.w.org\/{rel}","templated":true}]}}