{"id":4406,"date":"2017-12-13T19:02:47","date_gmt":"2017-12-13T19:02:47","guid":{"rendered":"http:\/\/leus.com.br\/site\/?post_type=product&#038;p=4406"},"modified":"2019-01-28T09:04:37","modified_gmt":"2019-01-28T11:04:37","slug":"radiador-coolant-red-ec-502-16-500-ml","status":"publish","type":"product","link":"https:\/\/www.leus.com.br\/?product=radiador-coolant-red-ec-502-16-500-ml","title":{"rendered":"RADIADOR COOLANT RED \u2013 EC 502 \u201316 500 ml"},"content":{"rendered":"<h4>Siga recomenda\u00e7\u00f5es dos fabricantes na propor\u00e7\u00e3o ideal para cada veiculo. Aplicar diretamente no reservat\u00f3rio do radiador para completar o n\u00edvel ou para trocar total. N\u00c3O REMOVER A TAMPA DO RADIADOR OU DO RESERVAT\u00d3RIO COM O MOTOR QUENTE.<\/h4>\n","protected":false},"excerpt":{"rendered":"<h4 class=\"tw-swapa\"><span lang=\"pt\">\u2022 F\u00f3rmula pr\u00eamium com baixo teor de silicato, apropriado tamb\u00e9m para carros importados.<\/span><\/h4>\n<h4 class=\"tw-swapa\"><span lang=\"pt\">\u2022 Ajuda a manter est\u00e1vel a temperatura operacional.<\/span><\/h4>\n<h4 class=\"tw-swapa\"><span lang=\"pt\">\u2022 Protege o sistema de resfriamento contra ferrugem e corros\u00e3o.<\/span><\/h4>\n<h4><span style=\"color: #ff0000;\">Para saber o valor por caixa, por gentileza entre em contato conosco.<\/span><\/h4>\n","protected":false},"featured_media":5189,"template":"","meta":{"_links_to":"","_links_to_target":""},"product_cat":[15],"product_tag":[],"_links":{"self":[{"href":"https:\/\/www.leus.com.br\/index.php?rest_route=\/wp\/v2\/product\/4406"}],"collection":[{"href":"https:\/\/www.leus.com.br\/index.php?rest_route=\/wp\/v2\/product"}],"about":[{"href":"https:\/\/www.leus.com.br\/index.php?rest_route=\/wp\/v2\/types\/product"}],"wp:featuredmedia":[{"embeddable":true,"href":"https:\/\/www.leus.com.br\/index.php?rest_route=\/wp\/v2\/media\/5189"}],"wp:attachment":[{"href":"https:\/\/www.leus.com.br\/index.php?rest_route=%2Fwp%2Fv2%2Fmedia&parent=4406"}],"wp:term":[{"taxonomy":"product_cat","embeddable":true,"href":"https:\/\/www.leus.com.br\/index.php?rest_route=%2Fwp%2Fv2%2Fproduct_cat&post=4406"},{"taxonomy":"product_tag","embeddable":true,"href":"https:\/\/www.leus.com.br\/index.php?rest_route=%2Fwp%2Fv2%2Fproduct_tag&post=4406"}],"curies":[{"name":"wp","href":"https:\/\/api.w.org\/{rel}","templated":true}]}}