{"id":4426,"date":"2017-12-21T11:52:52","date_gmt":"2017-12-21T11:52:52","guid":{"rendered":"http:\/\/leus.com.br\/site\/?post_type=product&#038;p=4426"},"modified":"2019-01-25T11:20:02","modified_gmt":"2019-01-25T13:20:02","slug":"af-533-anticongelante-abro","status":"publish","type":"product","link":"https:\/\/www.leus.com.br\/?product=af-533-anticongelante-abro","title":{"rendered":"Anticongelante ABRO &#8211; AF &#8211; 533"},"content":{"rendered":"<p>Segue abaixo FSPQ do produto:<\/p>\n<p><a href=\"http:\/\/leus.com.br\/site\/wp-content\/uploads\/2017\/12\/FSPQ-AF-533-1L-P.pdf\">FSPQ- AF -533 -1L-P<\/a><\/p>\n","protected":false},"excerpt":{"rendered":"<h4>Projetado para o uso em sistemas de resfriamento para todos os tipos de motores a gasolina, flex e a diesel de qualquer desing e temperatura. Baseia-se em uma f\u00f3rmula de etilenoglicol 33% de concentra\u00e7\u00e3o com a mais alta qualidade, com uma embalagem unica e aditivos org\u00e2nicos.<\/h4>\n<h4>Fornece prote\u00e7\u00e3o anti cavita\u00e7\u00e3o e corros\u00e3o, prevenindo a forma\u00e7\u00e3o de escala. Fornece uma opera\u00e7\u00e3o confi\u00e1vel do sistema de arrefecimento do motor a uma temperatura ambiente.<\/h4>\n<h4><span style=\"color: #ff0000;\">Para saber o valor por caixa, por gentileza entre em contato conosco.<\/span><\/h4>\n","protected":false},"featured_media":5178,"template":"","meta":{"_links_to":"","_links_to_target":""},"product_cat":[15],"product_tag":[],"_links":{"self":[{"href":"https:\/\/www.leus.com.br\/index.php?rest_route=\/wp\/v2\/product\/4426"}],"collection":[{"href":"https:\/\/www.leus.com.br\/index.php?rest_route=\/wp\/v2\/product"}],"about":[{"href":"https:\/\/www.leus.com.br\/index.php?rest_route=\/wp\/v2\/types\/product"}],"wp:featuredmedia":[{"embeddable":true,"href":"https:\/\/www.leus.com.br\/index.php?rest_route=\/wp\/v2\/media\/5178"}],"wp:attachment":[{"href":"https:\/\/www.leus.com.br\/index.php?rest_route=%2Fwp%2Fv2%2Fmedia&parent=4426"}],"wp:term":[{"taxonomy":"product_cat","embeddable":true,"href":"https:\/\/www.leus.com.br\/index.php?rest_route=%2Fwp%2Fv2%2Fproduct_cat&post=4426"},{"taxonomy":"product_tag","embeddable":true,"href":"https:\/\/www.leus.com.br\/index.php?rest_route=%2Fwp%2Fv2%2Fproduct_tag&post=4426"}],"curies":[{"name":"wp","href":"https:\/\/api.w.org\/{rel}","templated":true}]}}