{"id":457,"date":"2015-10-05T16:43:00","date_gmt":"2015-10-05T16:43:00","guid":{"rendered":"http:\/\/leus.com.br\/site\/?post_type=product&#038;p=457"},"modified":"2019-01-23T09:16:26","modified_gmt":"2019-01-23T11:16:26","slug":"pano-de-limpeza","status":"publish","type":"product","link":"https:\/\/www.leus.com.br\/?product=pano-de-limpeza","title":{"rendered":"Flanela Azul e Vermelha de Microfibra   CT-210 &#8211; (40cm x 40cm)"},"content":{"rendered":"<ul>\n<li>\n<h4>Textura ultra absorvente.<\/h4>\n<\/li>\n<li>\n<h4>Remove a sujeira sem produtos qu\u00edmicos.<\/h4>\n<\/li>\n<\/ul>\n<h4>Dispon\u00edvel nas cores Azul, Vermelho\u00a0 e Rosa.<\/h4>\n<h4>Un: (40cm x 40cm)<\/h4>\n<h4><\/h4>\n","protected":false},"excerpt":{"rendered":"<h4>\u00a0A flanela de Microfibra ABRO \u00e9 uma flanela de alta qualidade que \u00e9 ideal para uso em geral.<\/h4>\n<h4>Constitu\u00edda de \u00faltima gera\u00e7\u00e3o de microfibra tem 3 vezes mais absor\u00e7\u00e3o que a microfibra convencional, pois possui 80% poli\u00e9ster e 20% em poliamida.<\/h4>\n<ul>\n<li>\n<h4>Dispon\u00edvel nas cores rosa e azul.<\/h4>\n<h4>Un: (40cm x 40cm)<\/h4>\n<\/li>\n<\/ul>\n<h4><\/h4>\n<p>&nbsp;<\/p>\n","protected":false},"featured_media":5134,"template":"","meta":{"_links_to":"","_links_to_target":""},"product_cat":[11],"product_tag":[],"_links":{"self":[{"href":"https:\/\/www.leus.com.br\/index.php?rest_route=\/wp\/v2\/product\/457"}],"collection":[{"href":"https:\/\/www.leus.com.br\/index.php?rest_route=\/wp\/v2\/product"}],"about":[{"href":"https:\/\/www.leus.com.br\/index.php?rest_route=\/wp\/v2\/types\/product"}],"wp:featuredmedia":[{"embeddable":true,"href":"https:\/\/www.leus.com.br\/index.php?rest_route=\/wp\/v2\/media\/5134"}],"wp:attachment":[{"href":"https:\/\/www.leus.com.br\/index.php?rest_route=%2Fwp%2Fv2%2Fmedia&parent=457"}],"wp:term":[{"taxonomy":"product_cat","embeddable":true,"href":"https:\/\/www.leus.com.br\/index.php?rest_route=%2Fwp%2Fv2%2Fproduct_cat&post=457"},{"taxonomy":"product_tag","embeddable":true,"href":"https:\/\/www.leus.com.br\/index.php?rest_route=%2Fwp%2Fv2%2Fproduct_tag&post=457"}],"curies":[{"name":"wp","href":"https:\/\/api.w.org\/{rel}","templated":true}]}}