{"id":4668,"date":"2018-02-22T11:56:07","date_gmt":"2018-02-22T11:56:07","guid":{"rendered":"http:\/\/leus.com.br\/site\/?post_type=product&#038;p=4668"},"modified":"2020-06-05T14:50:44","modified_gmt":"2020-06-05T17:50:44","slug":"fuel-injector-cleaner-abro","status":"publish","type":"product","link":"https:\/\/www.leus.com.br\/?product=fuel-injector-cleaner-abro","title":{"rendered":"Fuel Injector Cleaner ABRO IC-509 -354 ml"},"content":{"rendered":"","protected":false},"excerpt":{"rendered":"<h4>Fuel Injector Cleaner \u00e9 um produto concentrado que limpa rapidamente todo o sistema de inje\u00e7\u00e3o eletr\u00f4nica dissolvendo os dep\u00f3sitos acumulados nos componentes da\u00a0 inje\u00e7\u00e3o melhorando o seu desempenho e aumentando a economia do combust\u00edvel.<\/h4>\n<h4>Produto com benzeno, que limpa at\u00e9 mesmo\u00a0 ve\u00edculos com inje\u00e7\u00e3o direta.<\/h4>\n<h4>Evita a pr\u00e9-igni\u00e7\u00e3o das v\u00e1lvulas aproveitando ao m\u00e1ximo a pot\u00eancia do motor.<\/h4>\n<h4><b>Trata at\u00e9 80 Litros.<\/b><\/h4>\n<h4><b>Caixa com 12 unidades. <\/b><\/h4>\n","protected":false},"featured_media":5170,"template":"","meta":{"_links_to":"","_links_to_target":""},"product_cat":[13],"product_tag":[],"_links":{"self":[{"href":"https:\/\/www.leus.com.br\/index.php?rest_route=\/wp\/v2\/product\/4668"}],"collection":[{"href":"https:\/\/www.leus.com.br\/index.php?rest_route=\/wp\/v2\/product"}],"about":[{"href":"https:\/\/www.leus.com.br\/index.php?rest_route=\/wp\/v2\/types\/product"}],"wp:featuredmedia":[{"embeddable":true,"href":"https:\/\/www.leus.com.br\/index.php?rest_route=\/wp\/v2\/media\/5170"}],"wp:attachment":[{"href":"https:\/\/www.leus.com.br\/index.php?rest_route=%2Fwp%2Fv2%2Fmedia&parent=4668"}],"wp:term":[{"taxonomy":"product_cat","embeddable":true,"href":"https:\/\/www.leus.com.br\/index.php?rest_route=%2Fwp%2Fv2%2Fproduct_cat&post=4668"},{"taxonomy":"product_tag","embeddable":true,"href":"https:\/\/www.leus.com.br\/index.php?rest_route=%2Fwp%2Fv2%2Fproduct_tag&post=4668"}],"curies":[{"name":"wp","href":"https:\/\/api.w.org\/{rel}","templated":true}]}}