{"id":4671,"date":"2018-02-22T12:04:04","date_gmt":"2018-02-22T12:04:04","guid":{"rendered":"http:\/\/leus.com.br\/site\/?post_type=product&#038;p=4671"},"modified":"2019-02-20T11:09:25","modified_gmt":"2019-02-20T14:09:25","slug":"octane-booster-abro-ob-506-354-ml","status":"publish","type":"product","link":"https:\/\/www.leus.com.br\/?product=octane-booster-abro-ob-506-354-ml","title":{"rendered":"Octane Booster Abro OB-506 &#8211; 354 ml"},"content":{"rendered":"<div class='et_post_video'><iframe width=\"1080\" height=\"608\" src=\"https:\/\/www.youtube.com\/embed\/JRdBEBeXT4k?start=12&#038;feature=oembed\" frameborder=\"0\" allow=\"accelerometer; autoplay; encrypted-media; gyroscope; picture-in-picture\" allowfullscreen><\/iframe><\/div>\n","protected":false},"excerpt":{"rendered":"<h4>Aumenta a Octanagem do combust\u00edvel evitando a pr\u00e9 igni\u00e7\u00e3o das v\u00e1lvulas (batidas de pino) e aproveitando ao m\u00e1ximo a pot\u00eancia do motor.<\/h4>\n<h4>Por limpar a c\u00e2mara de combust\u00edvel proporciona\u00a0\u00a0 uma \u00f3tima economia de combust\u00edvel.<\/h4>\n<h4>Facilita a partida , possibilitando uma combust\u00e3o homogenia n\u00e3o deixando res\u00edduos.<\/h4>\n<p><b>Trata at\u00e9 80 Litros.<\/b><\/p>\n<p><b>Caixa com 12 unidades. <\/b><\/p>\n","protected":false},"featured_media":5173,"template":"","meta":{"_links_to":"","_links_to_target":""},"product_cat":[13],"product_tag":[],"_links":{"self":[{"href":"https:\/\/www.leus.com.br\/index.php?rest_route=\/wp\/v2\/product\/4671"}],"collection":[{"href":"https:\/\/www.leus.com.br\/index.php?rest_route=\/wp\/v2\/product"}],"about":[{"href":"https:\/\/www.leus.com.br\/index.php?rest_route=\/wp\/v2\/types\/product"}],"wp:featuredmedia":[{"embeddable":true,"href":"https:\/\/www.leus.com.br\/index.php?rest_route=\/wp\/v2\/media\/5173"}],"wp:attachment":[{"href":"https:\/\/www.leus.com.br\/index.php?rest_route=%2Fwp%2Fv2%2Fmedia&parent=4671"}],"wp:term":[{"taxonomy":"product_cat","embeddable":true,"href":"https:\/\/www.leus.com.br\/index.php?rest_route=%2Fwp%2Fv2%2Fproduct_cat&post=4671"},{"taxonomy":"product_tag","embeddable":true,"href":"https:\/\/www.leus.com.br\/index.php?rest_route=%2Fwp%2Fv2%2Fproduct_tag&post=4671"}],"curies":[{"name":"wp","href":"https:\/\/api.w.org\/{rel}","templated":true}]}}