{"id":4700,"date":"2018-03-26T11:47:16","date_gmt":"2018-03-26T11:47:16","guid":{"rendered":"http:\/\/leus.com.br\/site\/?post_type=product&#038;p=4700"},"modified":"2019-03-28T08:53:29","modified_gmt":"2019-03-28T11:53:29","slug":"desengripante-multi-proposito-ab-800-5r","status":"publish","type":"product","link":"https:\/\/www.leus.com.br\/?product=desengripante-multi-proposito-ab-800-5r","title":{"rendered":"Desengripante Multi Prop\u00f3sito AB 800 &#8211; 5R"},"content":{"rendered":"<h4>O Desengripante AB-800 tem um spray lubrificante poderoso de alta qualidade especialmente desenvolvido para as mais extremas necessidades de manuten\u00e7\u00e3o (F\u00f3rmula Russa).<\/h4>\n<h4><\/h4>\n<p><strong>Aplica\u00e7\u00e3o:<\/strong><\/p>\n<ul>\n<li><strong> Repara\u00e7\u00e3o e manuten\u00e7\u00e3o de equipamentos automotivos, industriais, mar\u00edtimos e outros;\u00a0<\/strong><\/li>\n<li><strong>\u00a0Libera\u00e7\u00e3o de pe\u00e7as corro\u00eddas, tais como parafusos com porcas e outras conex\u00f5es roscadas, ranhuradas e similares;\u00a0<\/strong><\/li>\n<li><strong>Processamento de mecanismos ap\u00f3s a conclus\u00e3o do trabalho, limpeza alcalina, repara\u00e7\u00e3o.<\/strong><\/li>\n<\/ul>\n<h4><b>Propriedades:<\/b><br \/>\n\u2022 Efetivamente desloca a umidade: seca e restaura o isolamento el\u00e9trico do sistema de igni\u00e7\u00e3o de motores e equipamentos el\u00e9tricos, protege contra curto-circuitos;<br \/>\n\u2022 Penetra profundamente e liberta pe\u00e7as enferrujadas e encravadas;<br \/>\n\u2022 Protege os metais ferrosos da corros\u00e3o e oxida\u00e7\u00e3o, mesmo em condi\u00e7\u00f5es de alta umidade;<br \/>\n\u2022 Garante a lubrifica\u00e7\u00e3o confi\u00e1vel dos mecanismos, o movimento suave das travas e quaisquer partes friccionadas, elimina os rangidos, melhora o deslizamento das superf\u00edcies de metal, pl\u00e1stico, borracha e madeira;<br \/>\n\u2022 Limpa superf\u00edcies de sujeira, alcatr\u00e3o, graxa, betume;<br \/>\n\u2022 Devido ao conte\u00fado de PTFE previne o desgaste de pe\u00e7as mesmo nas condi\u00e7\u00f5es mais extremas;<br \/>\n\u2022 Alta resist\u00eancia a meios agressivos;<br \/>\n\u2022 Cria uma pel\u00edcula protetora de longo prazo ultrafina na superf\u00edcie;<br \/>\n\u2022 Possui alta ades\u00e3o aos mecanismos processados;<br \/>\n\u2022 Consumo econ\u00f4mico\u00a0;<br \/>\n\u2022 Pulverizador com tubo integrado e dois sprays de lubrifica\u00e7\u00e3o;<br \/>\n\u2022 Ajuda a prolongar a vida dos mecanismos.<\/h4>\n<h4>\u00a0Esta embalagem cont\u00e9m 210 ml.<\/h4>\n<div class='et_post_video'><iframe width=\"1080\" height=\"608\" src=\"https:\/\/www.youtube.com\/embed\/ZOSQx2R77ik?feature=oembed\" frameborder=\"0\" allow=\"accelerometer; autoplay; encrypted-media; gyroscope; picture-in-picture\" allowfullscreen><\/iframe><\/div>\n","protected":false},"excerpt":{"rendered":"<h4>O Desengripante premium ABRO AB-800 com aditivos de\u00a0 PTFE (Politetrafluoretileno) &#8211; teflon\u00a0 tem um spray lubrificante e penetrante de alta qualidade, especialmente desenvolvido para o uso na repara\u00e7\u00e3o e manuten\u00e7\u00e3o de equipamentos multiprop\u00f3sito.<\/h4>\n","protected":false},"featured_media":5300,"template":"","meta":{"_links_to":"","_links_to_target":""},"product_cat":[11],"product_tag":[],"_links":{"self":[{"href":"https:\/\/www.leus.com.br\/index.php?rest_route=\/wp\/v2\/product\/4700"}],"collection":[{"href":"https:\/\/www.leus.com.br\/index.php?rest_route=\/wp\/v2\/product"}],"about":[{"href":"https:\/\/www.leus.com.br\/index.php?rest_route=\/wp\/v2\/types\/product"}],"wp:featuredmedia":[{"embeddable":true,"href":"https:\/\/www.leus.com.br\/index.php?rest_route=\/wp\/v2\/media\/5300"}],"wp:attachment":[{"href":"https:\/\/www.leus.com.br\/index.php?rest_route=%2Fwp%2Fv2%2Fmedia&parent=4700"}],"wp:term":[{"taxonomy":"product_cat","embeddable":true,"href":"https:\/\/www.leus.com.br\/index.php?rest_route=%2Fwp%2Fv2%2Fproduct_cat&post=4700"},{"taxonomy":"product_tag","embeddable":true,"href":"https:\/\/www.leus.com.br\/index.php?rest_route=%2Fwp%2Fv2%2Fproduct_tag&post=4700"}],"curies":[{"name":"wp","href":"https:\/\/api.w.org\/{rel}","templated":true}]}}