{"id":4929,"date":"2018-09-12T16:37:17","date_gmt":"2018-09-12T19:37:17","guid":{"rendered":"http:\/\/leus.com.br\/site\/?post_type=product&#038;p=4929"},"modified":"2019-01-31T10:06:18","modified_gmt":"2019-01-31T12:06:18","slug":"oleo-de-motor-abro-100-sintetico-10w-30","status":"publish","type":"product","link":"https:\/\/www.leus.com.br\/?product=oleo-de-motor-abro-100-sintetico-10w-30","title":{"rendered":"\u00d3leo de Motor ABRO &#8211; 100% Sint\u00e9tico  10W-30"},"content":{"rendered":"<h4>O \u00d3leo 100% Sint\u00e9tico 10W-30 SN GF-5 ABRO atende ou excede os requerimentos mais rigorosos da ind\u00fastria de \u00f3leos. Atende a mais moderna categoria de servi\u00e7o do American Petroleum Institute, a categoria API SN. Tamb\u00e9m atende ou excede o exigente padr\u00e3o ILSAC GF-5, o mais moderno padr\u00e3o para carros, camionetes, vans e SUVs do mercado. \u00c9 tamb\u00e9m recomendado para motores mais velhos, podendo ser usado em ve\u00edculos onde o manual recomende \u00f3leos API SM ou SL, assim como ILSAC GF-4 ou anteriores. Consulte o manual e siga sempre as recomenda\u00e7\u00f5es do fabricante do ve\u00edculo.<\/h4>\n","protected":false},"excerpt":{"rendered":"<h4>Protege motores sob as mais diversas condi\u00e7\u00f5es de uso<\/h4>\n<h4>\u2022Melhora a economia de combust\u00edvel<\/h4>\n<h4>\u2022Protege contra ferrugem, corros\u00e3o e dep\u00f3sitos de sujeira\u2022Mant\u00e9m a estabilidade t\u00e9rmica e reduz o desgaste e a fric\u00e7\u00e3o<\/h4>\n<h4>\u2022Prolonga a vida \u00fatil e melhora a performance do motor<\/h4>\n<h4>\u2022Padr\u00e3o GF-5: Garante o bom funcionamento do sistema de controle de emiss\u00f5es<\/h4>\n","protected":false},"featured_media":5220,"template":"","meta":{"_links_to":"","_links_to_target":""},"product_cat":[87],"product_tag":[],"_links":{"self":[{"href":"https:\/\/www.leus.com.br\/index.php?rest_route=\/wp\/v2\/product\/4929"}],"collection":[{"href":"https:\/\/www.leus.com.br\/index.php?rest_route=\/wp\/v2\/product"}],"about":[{"href":"https:\/\/www.leus.com.br\/index.php?rest_route=\/wp\/v2\/types\/product"}],"wp:featuredmedia":[{"embeddable":true,"href":"https:\/\/www.leus.com.br\/index.php?rest_route=\/wp\/v2\/media\/5220"}],"wp:attachment":[{"href":"https:\/\/www.leus.com.br\/index.php?rest_route=%2Fwp%2Fv2%2Fmedia&parent=4929"}],"wp:term":[{"taxonomy":"product_cat","embeddable":true,"href":"https:\/\/www.leus.com.br\/index.php?rest_route=%2Fwp%2Fv2%2Fproduct_cat&post=4929"},{"taxonomy":"product_tag","embeddable":true,"href":"https:\/\/www.leus.com.br\/index.php?rest_route=%2Fwp%2Fv2%2Fproduct_tag&post=4929"}],"curies":[{"name":"wp","href":"https:\/\/api.w.org\/{rel}","templated":true}]}}