{"id":4931,"date":"2018-09-13T08:55:59","date_gmt":"2018-09-13T11:55:59","guid":{"rendered":"http:\/\/leus.com.br\/site\/?post_type=product&#038;p=4931"},"modified":"2020-02-17T17:54:48","modified_gmt":"2020-02-17T20:54:48","slug":"oleo-de-motor-abro-100-sintetico-5w-40","status":"publish","type":"product","link":"https:\/\/www.leus.com.br\/?product=oleo-de-motor-abro-100-sintetico-5w-40","title":{"rendered":"\u00d3leo de Motor ABRO &#8211; 100% Sint\u00e9tico 5W-40"},"content":{"rendered":"<h4><strong>Formulado com \u00f3leos 100% sint\u00e9ticos de alta qualidade e refor\u00e7ado com uma combina\u00e7\u00e3o de aditivos de \u00faltima gera\u00e7\u00e3o, o \u00d3leo Sint\u00e9tico 5W40 SN ABRO proporciona ao motor uma \u00f3tima lubrifica\u00e7\u00e3o sob as mais diversas condi\u00e7\u00f5es operacionais.\u00a0 Sua f\u00f3rmula de baixa fric\u00e7\u00e3o e alta fluidez ajuda tamb\u00e9m a melhorar a economia de combust\u00edvel e protege motor contra ferrugem, corros\u00e3o e forma\u00e7\u00e3o de borras no motor.\u00a0\u00a0 \u00a0Para Motores a Gasolina, Etanol, Flex e GNV.\u00a0Este Produto N\u00c3O Cont\u00e9m \u00d3leos Reciclados.<\/strong><\/h4>\n<p><strong><u>APLICA\u00c7\u00d5ES: API SN\/CF (SM, SL) -ILSAC GF-5 (GF-4, GF-3, GF-2)<\/u><\/strong><\/p>\n<p><strong><u>Atende as especifica\u00e7\u00f5es: ACEA A5\/B5-08; CHRYSLER MS6395, GM 6094; MB 229.31; MB 229.5; VW502.00\/505.01; FORD M2C913-C; FORD WSS-M2C-946A ; BMW LL-01; RN 710\/700; PORSCHE A40; PSA B71-2296; HONDA; TOYOTA; NISSAN.<\/u><\/strong><\/p>\n","protected":false},"excerpt":{"rendered":"<h4>\u2022Protege motores sob as mais diversas condi\u00e7\u00f5es de uso<\/h4>\n<h4>\u2022Melhora a economia de combust\u00edvel<\/h4>\n<h4>\u2022Protege contra ferrugem, corros\u00e3o e dep\u00f3sitos de sujeira<\/h4>\n<h4>\u2022Mant\u00e9m a estabilidade t\u00e9rmica e reduz o desgaste e a fric\u00e7\u00e3o<\/h4>\n<h4>\u2022Prolonga a vida \u00fatil e melhora a performance do motor<\/h4>\n","protected":false},"featured_media":5219,"template":"","meta":{"_links_to":"","_links_to_target":""},"product_cat":[87],"product_tag":[],"_links":{"self":[{"href":"https:\/\/www.leus.com.br\/index.php?rest_route=\/wp\/v2\/product\/4931"}],"collection":[{"href":"https:\/\/www.leus.com.br\/index.php?rest_route=\/wp\/v2\/product"}],"about":[{"href":"https:\/\/www.leus.com.br\/index.php?rest_route=\/wp\/v2\/types\/product"}],"wp:featuredmedia":[{"embeddable":true,"href":"https:\/\/www.leus.com.br\/index.php?rest_route=\/wp\/v2\/media\/5219"}],"wp:attachment":[{"href":"https:\/\/www.leus.com.br\/index.php?rest_route=%2Fwp%2Fv2%2Fmedia&parent=4931"}],"wp:term":[{"taxonomy":"product_cat","embeddable":true,"href":"https:\/\/www.leus.com.br\/index.php?rest_route=%2Fwp%2Fv2%2Fproduct_cat&post=4931"},{"taxonomy":"product_tag","embeddable":true,"href":"https:\/\/www.leus.com.br\/index.php?rest_route=%2Fwp%2Fv2%2Fproduct_tag&post=4931"}],"curies":[{"name":"wp","href":"https:\/\/api.w.org\/{rel}","templated":true}]}}