{"id":4934,"date":"2018-09-14T09:28:22","date_gmt":"2018-09-14T12:28:22","guid":{"rendered":"http:\/\/leus.com.br\/site\/?post_type=product&#038;p=4934"},"modified":"2020-06-02T15:08:48","modified_gmt":"2020-06-02T18:08:48","slug":"4934","status":"publish","type":"product","link":"https:\/\/www.leus.com.br\/?product=4934","title":{"rendered":"\u00d3leo de Motor ABRO &#8211; 100% Sint\u00e9tico 5W-30"},"content":{"rendered":"<h4><strong>Formulado com \u00f3leos 100% sint\u00e9ticos de alta qualidade e refor\u00e7ado com uma combina\u00e7\u00e3o de aditivos de \u00faltima gera\u00e7\u00e3o, o \u00d3leo Sint\u00e9tico 5W30 SN GF-5 ABRO proporciona ao motor uma \u00f3tima lubrifica\u00e7\u00e3o sob as mais diversas condi\u00e7\u00f5es operacionais. Sua f\u00f3rmula de baixa fric\u00e7\u00e3o e alta fluidez ajuda tamb\u00e9m a melhorar a economia de combust\u00edvel e protege o motor contra ferrugem, corros\u00e3o e forma\u00e7\u00e3o de borras.\u00a0<\/strong><\/h4>\n<h4>Aplica\u00e7\u00f5es: API SN (SM, SL) ILSAC GF-5 (GF-4, GF-3, GF-2)<br \/>\nAtende as especifica\u00e7\u00f5es dos fabricantes:\u00a0<strong><u>API SN\/CF, ACEA A5\/B5-08, MB 229,5, VW 502\/505; BMW LL-01; RN 700; FORD M2C913-C; FORD WSS-M2C-946A, \u00a0CHRYSLER MS6395, GM 6094M; HONDA; TOYOTA; NISSAN.<\/u><\/strong><\/h4>\n","protected":false},"excerpt":{"rendered":"<h4>\u2022Protege motores sob as mais diversas condi\u00e7\u00f5es de uso<\/h4>\n<h4>\u2022Melhora a economia de combust\u00edvel<\/h4>\n<h4>\u2022Protege contra ferrugem, corros\u00e3o e dep\u00f3sitos de sujeira<\/h4>\n<h4>\u2022Mant\u00e9m a estabilidade t\u00e9rmica e reduz o desgaste e a fric\u00e7\u00e3o<\/h4>\n<h4>\u2022Prolonga a vida \u00fatil e melhora a performance do motor<\/h4>\n<h4>\u2022Padr\u00e3o GF-5: Garante o bom funcionamento do sistema de controle de emiss\u00f5es<\/h4>\n","protected":false},"featured_media":5218,"template":"","meta":{"_links_to":"","_links_to_target":""},"product_cat":[87],"product_tag":[],"_links":{"self":[{"href":"https:\/\/www.leus.com.br\/index.php?rest_route=\/wp\/v2\/product\/4934"}],"collection":[{"href":"https:\/\/www.leus.com.br\/index.php?rest_route=\/wp\/v2\/product"}],"about":[{"href":"https:\/\/www.leus.com.br\/index.php?rest_route=\/wp\/v2\/types\/product"}],"wp:featuredmedia":[{"embeddable":true,"href":"https:\/\/www.leus.com.br\/index.php?rest_route=\/wp\/v2\/media\/5218"}],"wp:attachment":[{"href":"https:\/\/www.leus.com.br\/index.php?rest_route=%2Fwp%2Fv2%2Fmedia&parent=4934"}],"wp:term":[{"taxonomy":"product_cat","embeddable":true,"href":"https:\/\/www.leus.com.br\/index.php?rest_route=%2Fwp%2Fv2%2Fproduct_cat&post=4934"},{"taxonomy":"product_tag","embeddable":true,"href":"https:\/\/www.leus.com.br\/index.php?rest_route=%2Fwp%2Fv2%2Fproduct_tag&post=4934"}],"curies":[{"name":"wp","href":"https:\/\/api.w.org\/{rel}","templated":true}]}}