{"id":4937,"date":"2018-09-14T09:41:03","date_gmt":"2018-09-14T12:41:03","guid":{"rendered":"http:\/\/leus.com.br\/site\/?post_type=product&#038;p=4937"},"modified":"2019-01-29T17:21:08","modified_gmt":"2019-01-29T19:21:08","slug":"oleo-de-motor-abro-100-sintetico","status":"publish","type":"product","link":"https:\/\/www.leus.com.br\/?product=oleo-de-motor-abro-100-sintetico","title":{"rendered":"\u00d3leo de Motor ABRO- 100% Sint\u00e9tico 0W-20"},"content":{"rendered":"<h4><strong>Formulado com \u00f3leos 100% sint\u00e9ticos de alta qualidade e refor\u00e7ado com uma combina\u00e7\u00e3o de aditivos de \u00faltima gera\u00e7\u00e3o, o \u00d3leo 100% Sint\u00e9tico 0W-20 SN GF-5 ABRO proporciona ao motor uma \u00f3tima lubrifica\u00e7\u00e3o sob as mais diversas condi\u00e7\u00f5es operacionais.\u00a0 Sua f\u00f3rmula de baixa fric\u00e7\u00e3o e alta fluidez ajuda tamb\u00e9m a melhorar a economia de combust\u00edvel e protege o motor contra ferrugem, corros\u00e3o e forma\u00e7\u00e3o de borras no motor.<\/strong><\/h4>\n<p>&nbsp;<\/p>\n<h4>Aplica\u00e7\u00f5es: API SN (SM, SL) ILSAC GF-5 (GF-4, GF-3, GF-2).<\/h4>\n<p><strong><u>Atende as especifica\u00e7\u00f5es: FORD WSS-M2C-947A, CHRYSLER MS6395, GM 6094M, GM DEXOS1, HONDA, TOYOTA, NISSAN.<\/u><\/strong><\/p>\n<p><strong><u>\u00a0<\/u><\/strong><\/p>\n","protected":false},"excerpt":{"rendered":"<h4>\u2022Protege motores sob as mais diversas condi\u00e7\u00f5es de uso<\/h4>\n<h4>\u2022Melhora a economia de combust\u00edvel<\/h4>\n<h4>\u2022Protege contra ferrugem, corros\u00e3o e dep\u00f3sitos de sujeira<\/h4>\n<h4>\u2022Mant\u00e9m a estabilidade t\u00e9rmica e reduz o desgaste e a fric\u00e7\u00e3o<\/h4>\n<h4>\u2022Prolonga a vida \u00fatil e melhora a performance do motor<\/h4>\n<h4>\u2022Padr\u00e3o GF-5: Garante o bom funcionamento do sistema de controle de emiss\u00f5es<\/h4>\n","protected":false},"featured_media":5217,"template":"","meta":{"_links_to":"","_links_to_target":""},"product_cat":[87],"product_tag":[],"_links":{"self":[{"href":"https:\/\/www.leus.com.br\/index.php?rest_route=\/wp\/v2\/product\/4937"}],"collection":[{"href":"https:\/\/www.leus.com.br\/index.php?rest_route=\/wp\/v2\/product"}],"about":[{"href":"https:\/\/www.leus.com.br\/index.php?rest_route=\/wp\/v2\/types\/product"}],"wp:featuredmedia":[{"embeddable":true,"href":"https:\/\/www.leus.com.br\/index.php?rest_route=\/wp\/v2\/media\/5217"}],"wp:attachment":[{"href":"https:\/\/www.leus.com.br\/index.php?rest_route=%2Fwp%2Fv2%2Fmedia&parent=4937"}],"wp:term":[{"taxonomy":"product_cat","embeddable":true,"href":"https:\/\/www.leus.com.br\/index.php?rest_route=%2Fwp%2Fv2%2Fproduct_cat&post=4937"},{"taxonomy":"product_tag","embeddable":true,"href":"https:\/\/www.leus.com.br\/index.php?rest_route=%2Fwp%2Fv2%2Fproduct_tag&post=4937"}],"curies":[{"name":"wp","href":"https:\/\/api.w.org\/{rel}","templated":true}]}}