{"id":4948,"date":"2018-09-14T15:48:31","date_gmt":"2018-09-14T18:48:31","guid":{"rendered":"http:\/\/leus.com.br\/site\/?post_type=product&#038;p=4948"},"modified":"2021-02-08T10:44:03","modified_gmt":"2021-02-08T13:44:03","slug":"oleo-de-motor-abro-10w-40-semissintetico","status":"publish","type":"product","link":"https:\/\/www.leus.com.br\/?product=oleo-de-motor-abro-10w-40-semissintetico","title":{"rendered":"\u00d3leo de Motor ABRO &#8211;  10W40  Semissint\u00e9tico"},"content":{"rendered":"<p><strong>Formulado \u00e0 base de \u00f3leos minerais e sint\u00e9ticos de alta qualidade e refor\u00e7ado com uma combina\u00e7\u00e3o de \u00f3leos minerais e 50% de \u00f3leo Sint\u00e9tico. O \u00f3leo semissint\u00e9tico 10W40 SM ABRO proporciona ao motor uma \u00f3tima lubrifica\u00e7\u00e3o sob as mais diversas condi\u00e7\u00f5es operacionais.\u00a0 Sua f\u00f3rmula de baixa fric\u00e7\u00e3o e alta fluidez ajuda tamb\u00e9m a melhorar a economia de combust\u00edvel e protege o motor contra ferrugem, corros\u00e3o e forma\u00e7\u00e3o de borras no motor. Para Motores a Gasolina, Etanol, Flex, GNV e Diesel R\u00e1pido. <\/strong><\/p>\n<p><strong><u>APLICA\u00c7\u00d5ES: API SN,SM\/SL \u2013 ACEA \u00a0A3\/B4.<\/u><\/strong><\/p>\n<p><strong><u>Atende as especifica\u00e7\u00f5es: CHRYSLER MS6395, GM 6094M;\u00a0\u00a0<\/u><\/strong><strong><u>GRUPO PSA B71 2300, RENAULT RN0700, CITROEN 107719 .<\/u><\/strong><\/p>\n","protected":false},"excerpt":{"rendered":"<h4>\u2022Protege motores sob as mais diversas condi\u00e7\u00f5es de uso<\/h4>\n<h4>\u2022Melhora a economia de combust\u00edvel<\/h4>\n<h4>\u2022Protege contra ferrugem, corros\u00e3o e dep\u00f3sitos de sujeira<\/h4>\n<h4>\u2022Mant\u00e9m a estabilidade t\u00e9rmica e reduz o desgaste e a fric\u00e7\u00e3o<\/h4>\n<h4>\u2022Prolonga a vida \u00fatil e melhora a performance do motor<\/h4>\n","protected":false},"featured_media":5839,"template":"","meta":{"_links_to":"","_links_to_target":""},"product_cat":[87],"product_tag":[],"_links":{"self":[{"href":"https:\/\/www.leus.com.br\/index.php?rest_route=\/wp\/v2\/product\/4948"}],"collection":[{"href":"https:\/\/www.leus.com.br\/index.php?rest_route=\/wp\/v2\/product"}],"about":[{"href":"https:\/\/www.leus.com.br\/index.php?rest_route=\/wp\/v2\/types\/product"}],"wp:featuredmedia":[{"embeddable":true,"href":"https:\/\/www.leus.com.br\/index.php?rest_route=\/wp\/v2\/media\/5839"}],"wp:attachment":[{"href":"https:\/\/www.leus.com.br\/index.php?rest_route=%2Fwp%2Fv2%2Fmedia&parent=4948"}],"wp:term":[{"taxonomy":"product_cat","embeddable":true,"href":"https:\/\/www.leus.com.br\/index.php?rest_route=%2Fwp%2Fv2%2Fproduct_cat&post=4948"},{"taxonomy":"product_tag","embeddable":true,"href":"https:\/\/www.leus.com.br\/index.php?rest_route=%2Fwp%2Fv2%2Fproduct_tag&post=4948"}],"curies":[{"name":"wp","href":"https:\/\/api.w.org\/{rel}","templated":true}]}}