{"id":4954,"date":"2018-09-14T17:19:15","date_gmt":"2018-09-14T20:19:15","guid":{"rendered":"http:\/\/leus.com.br\/site\/?post_type=product&#038;p=4954"},"modified":"2019-08-26T10:43:18","modified_gmt":"2019-08-26T13:43:18","slug":"oleo-de-motor-15w-40-mineral","status":"publish","type":"product","link":"https:\/\/www.leus.com.br\/?product=oleo-de-motor-15w-40-mineral","title":{"rendered":"\u00d3leo de Motor ABRO -15W-40 Mineral com Aditiva\u00e7\u00e3o Sint\u00e9tica &#8211; Produto Esgotado"},"content":{"rendered":"<p><strong>Formulado \u00e0 base de \u00f3leos de alta qualidade e refor\u00e7ado com uma combina\u00e7\u00e3o de aditivos Sint\u00e9ticos. O <\/strong><strong>\u00d3leo Multiviscoso 15W40 CI-4\/SL ABRO <\/strong><strong>proporciona ao motor uma \u00f3tima lubrifica\u00e7\u00e3o sob as mais diversas condi\u00e7\u00f5es operacionais. Sua f\u00f3rmula de<\/strong> <strong>baixa fric\u00e7\u00e3o e alta fluidez ajuda tamb\u00e9m a melhorar a economia de combust\u00edvel e protege o motor contra ferrugem, corros\u00e3o e forma\u00e7\u00e3o de<\/strong> <strong>borras no motor.<\/strong> <strong>Protege o motor sob as mais diversas condi\u00e7\u00f5es de uso. Mant\u00e9m a estabilidade t\u00e9rmica e reduz o desgaste. <\/strong>\u00a0<strong>Prolonga a vida \u00fatil e melhora a performance do motor.<\/strong><\/p>\n<h4>Aplica\u00e7\u00f5es: API CI-4 \/ API SL -ACEA E7-12\/ ACEA A3\/B3\/B4-12.<\/h4>\n<p><strong>Atende as especifica\u00e7\u00f5es: <\/strong><strong>MB 229.1, MB 228.3, VOLVO VDS-3, VW 502\/505, MAN M3275-1, MTU Type 2, MACK E-O-N, RENAULT TRUCK&#8217;S, RLD-2, CUMMINS CES 2076\/77\/78, JASO DH-1, GLOBAL DHD-1, DEUTZ DQC-III- 10, CATERPILLAR, ECF-2, ECF-1, DDC 93K215 e ALLISON C4 LEVEL, API CI-4 \/ SL, ACEA E7-12 \/ ACEA A3\/B3\/B4-12.<\/strong><\/p>\n","protected":false},"excerpt":{"rendered":"<h4>Protege motores sob as mais diversas condi\u00e7\u00f5es de uso<\/h4>\n<h4>\u2022Melhora a economia de combust\u00edvel.<\/h4>\n<h4>\u2022Protege contra ferrugem, corros\u00e3o e dep\u00f3sitos de sujeira.<\/h4>\n<h4>\u2022Mant\u00e9m a estabilidade t\u00e9rmica e reduz o desgaste e a fric\u00e7\u00e3o.<\/h4>\n<h4>\u2022Prolonga a vida \u00fatil e melhora a performance do motor.<\/h4>\n<h4>\u2022\u00d3tima performance em motores diesel de baixa emiss\u00e3o que exigem mais do lubrificante.<\/h4>\n<h4>\u2022\u00d3timo rendimento tanto nos modelos mais novos de motores como nos mais antigos.<\/h4>\n<h4>\u2022Controla a forma\u00e7\u00e3o de fuligem em motores diesel.<\/h4>\n","protected":false},"featured_media":5327,"template":"","meta":{"_links_to":"","_links_to_target":""},"product_cat":[87],"product_tag":[],"_links":{"self":[{"href":"https:\/\/www.leus.com.br\/index.php?rest_route=\/wp\/v2\/product\/4954"}],"collection":[{"href":"https:\/\/www.leus.com.br\/index.php?rest_route=\/wp\/v2\/product"}],"about":[{"href":"https:\/\/www.leus.com.br\/index.php?rest_route=\/wp\/v2\/types\/product"}],"wp:featuredmedia":[{"embeddable":true,"href":"https:\/\/www.leus.com.br\/index.php?rest_route=\/wp\/v2\/media\/5327"}],"wp:attachment":[{"href":"https:\/\/www.leus.com.br\/index.php?rest_route=%2Fwp%2Fv2%2Fmedia&parent=4954"}],"wp:term":[{"taxonomy":"product_cat","embeddable":true,"href":"https:\/\/www.leus.com.br\/index.php?rest_route=%2Fwp%2Fv2%2Fproduct_cat&post=4954"},{"taxonomy":"product_tag","embeddable":true,"href":"https:\/\/www.leus.com.br\/index.php?rest_route=%2Fwp%2Fv2%2Fproduct_tag&post=4954"}],"curies":[{"name":"wp","href":"https:\/\/api.w.org\/{rel}","templated":true}]}}