{"id":4964,"date":"2018-09-18T15:47:51","date_gmt":"2018-09-18T18:47:51","guid":{"rendered":"http:\/\/leus.com.br\/site\/?post_type=product&#038;p=4964"},"modified":"2019-07-17T08:20:38","modified_gmt":"2019-07-17T11:20:38","slug":"limpador-de-terminal-de-bateria-abro-bc-575","status":"publish","type":"product","link":"https:\/\/www.leus.com.br\/?product=limpador-de-terminal-de-bateria-abro-bc-575","title":{"rendered":"Limpador de terminal de bateria ABRO- BC-575"},"content":{"rendered":"<h4>Agite vigorosamente antes de usar. Pulverize nos cabos, terminais, suportes e sobre toda a superf\u00edcie do aparelho (certifique-se de que todas as c\u00e9lulas est\u00e3o bem fechadas). Depois de alguns minutos\u00a0 limpe com um pano \u00famido. Aplique uma camada final\u00a0 para a prote\u00e7\u00e3o a longo prazo. Para condi\u00e7\u00f5es severas, uma segunda aplica\u00e7\u00e3o pode ser necess\u00e1ria.<\/h4>\n<div class='et_post_video'><iframe width=\"1080\" height=\"608\" src=\"https:\/\/www.youtube.com\/embed\/aYQzRcdhkwk?feature=oembed\" frameborder=\"0\" allow=\"accelerometer; autoplay; encrypted-media; gyroscope; picture-in-picture\" allowfullscreen><\/iframe><\/div>\n","protected":false},"excerpt":{"rendered":"<ul>\n<li>\n<h4>Garante o m\u00e1ximo de desempenho da bateria.<\/h4>\n<\/li>\n<li>\n<h4>Fornece um fluxo adequado de corrente .<\/h4>\n<\/li>\n<li>\n<h4>Evita danos nos cabos e terminais.<\/h4>\n<\/li>\n<\/ul>\n","protected":false},"featured_media":5455,"template":"","meta":{"_links_to":"","_links_to_target":""},"product_cat":[11],"product_tag":[],"_links":{"self":[{"href":"https:\/\/www.leus.com.br\/index.php?rest_route=\/wp\/v2\/product\/4964"}],"collection":[{"href":"https:\/\/www.leus.com.br\/index.php?rest_route=\/wp\/v2\/product"}],"about":[{"href":"https:\/\/www.leus.com.br\/index.php?rest_route=\/wp\/v2\/types\/product"}],"wp:featuredmedia":[{"embeddable":true,"href":"https:\/\/www.leus.com.br\/index.php?rest_route=\/wp\/v2\/media\/5455"}],"wp:attachment":[{"href":"https:\/\/www.leus.com.br\/index.php?rest_route=%2Fwp%2Fv2%2Fmedia&parent=4964"}],"wp:term":[{"taxonomy":"product_cat","embeddable":true,"href":"https:\/\/www.leus.com.br\/index.php?rest_route=%2Fwp%2Fv2%2Fproduct_cat&post=4964"},{"taxonomy":"product_tag","embeddable":true,"href":"https:\/\/www.leus.com.br\/index.php?rest_route=%2Fwp%2Fv2%2Fproduct_tag&post=4964"}],"curies":[{"name":"wp","href":"https:\/\/api.w.org\/{rel}","templated":true}]}}