{"id":4966,"date":"2018-09-18T16:36:42","date_gmt":"2018-09-18T19:36:42","guid":{"rendered":"http:\/\/leus.com.br\/site\/?post_type=product&#038;p=4966"},"modified":"2020-06-02T15:08:48","modified_gmt":"2020-06-02T18:08:48","slug":"protetor-de-terminal-de-bateria-bp-675","status":"publish","type":"product","link":"https:\/\/www.leus.com.br\/?product=protetor-de-terminal-de-bateria-bp-675","title":{"rendered":"Protetor de terminal de bateria &#8211; BP-675"},"content":{"rendered":"<h4>Instru\u00e7\u00f5es de Uso:\u00a0 Primeiro, limpe as partes que ser\u00e3o tratadas com o protetor de bateria ABRO.Coloque a lata a uma distancia de 30 cm e aplique na superf\u00edcie da bateria ou de cabos e conex\u00f5es.<\/h4>\n","protected":false},"excerpt":{"rendered":"<ul>\n<li>\n<h4>Fornece uma barreira protetora que evita a corros\u00e3o dos terminais e cabos de conex\u00e3o.<\/h4>\n<\/li>\n<li>\n<h4>Maximiza o desempenho da bateria.<\/h4>\n<\/li>\n<li>\n<h4>Evita problemas iniciais em cabos e conex\u00f5es.<\/h4>\n<\/li>\n<\/ul>\n","protected":false},"featured_media":5456,"template":"","meta":{"_links_to":"","_links_to_target":""},"product_cat":[11],"product_tag":[],"_links":{"self":[{"href":"https:\/\/www.leus.com.br\/index.php?rest_route=\/wp\/v2\/product\/4966"}],"collection":[{"href":"https:\/\/www.leus.com.br\/index.php?rest_route=\/wp\/v2\/product"}],"about":[{"href":"https:\/\/www.leus.com.br\/index.php?rest_route=\/wp\/v2\/types\/product"}],"wp:featuredmedia":[{"embeddable":true,"href":"https:\/\/www.leus.com.br\/index.php?rest_route=\/wp\/v2\/media\/5456"}],"wp:attachment":[{"href":"https:\/\/www.leus.com.br\/index.php?rest_route=%2Fwp%2Fv2%2Fmedia&parent=4966"}],"wp:term":[{"taxonomy":"product_cat","embeddable":true,"href":"https:\/\/www.leus.com.br\/index.php?rest_route=%2Fwp%2Fv2%2Fproduct_cat&post=4966"},{"taxonomy":"product_tag","embeddable":true,"href":"https:\/\/www.leus.com.br\/index.php?rest_route=%2Fwp%2Fv2%2Fproduct_tag&post=4966"}],"curies":[{"name":"wp","href":"https:\/\/api.w.org\/{rel}","templated":true}]}}