{"id":4973,"date":"2018-09-24T14:42:32","date_gmt":"2018-09-24T17:42:32","guid":{"rendered":"http:\/\/leus.com.br\/site\/?post_type=product&#038;p=4973"},"modified":"2019-07-16T17:05:58","modified_gmt":"2019-07-16T20:05:58","slug":"epoxy-abro-es-509","status":"publish","type":"product","link":"https:\/\/www.leus.com.br\/?product=epoxy-abro-es-509","title":{"rendered":"Epoxy ABRO &#8211; ES-509"},"content":{"rendered":"<h4>Instru\u00e7\u00f5es de uso:<\/h4>\n<h4>1 &#8211; A superf\u00edcie deve estar seca e limpa, sem \u00f3leo, graxa ou cera.<\/h4>\n<h4>2- Remova a tampa e perfure a resina\u00a0 e o endurecedor.<\/h4>\n<h4>3 &#8211; Pressione a mesma quantidade do conte\u00fado dos tubos e misture at\u00e9 obter uma cor uniforme. Depois de obter uma mistura homog\u00eanea, voc\u00ea dever\u00e1 utilizar o produto n\u00e3o mais do que 4 minutos.<\/h4>\n<h4>4 &#8211; Aplique nos dois lados do objeto para colar e pressione suavemente para colar.<\/h4>\n<h4>5- Mantenha a mistura em um local quente e seco para obter melhores resultados, n\u00e3o\u00a0 \u00e9 recomendado a aplica\u00e7\u00e3o em temperaturas abaixo de 10\u00b0C.<\/h4>\n<div class='et_post_video'><iframe width=\"1080\" height=\"608\" src=\"https:\/\/www.youtube.com\/embed\/spLrZAMU7GM?feature=oembed\" frameborder=\"0\" allow=\"accelerometer; autoplay; encrypted-media; gyroscope; picture-in-picture\" allowfullscreen><\/iframe><\/div>\n","protected":false},"excerpt":{"rendered":"<h4>As colas Ep\u00f3xi ABRO combinam a for\u00e7a excepcional e durabilidade. Resistente a maioria dos solventes\u00a0 \u00a0o Ep\u00f3xi ABRO \u00e9 composto de rezinas de a\u00e7o atomizado em forma de massa, solda, preenche, lacra e liga quimicamente a maioria dos metais incluindo: Lat\u00e3o, a\u00e7o , cobre, e ferro.<\/h4>\n<h4><\/h4>\n","protected":false},"featured_media":5450,"template":"","meta":{"_links_to":"","_links_to_target":""},"product_cat":[11],"product_tag":[],"_links":{"self":[{"href":"https:\/\/www.leus.com.br\/index.php?rest_route=\/wp\/v2\/product\/4973"}],"collection":[{"href":"https:\/\/www.leus.com.br\/index.php?rest_route=\/wp\/v2\/product"}],"about":[{"href":"https:\/\/www.leus.com.br\/index.php?rest_route=\/wp\/v2\/types\/product"}],"wp:featuredmedia":[{"embeddable":true,"href":"https:\/\/www.leus.com.br\/index.php?rest_route=\/wp\/v2\/media\/5450"}],"wp:attachment":[{"href":"https:\/\/www.leus.com.br\/index.php?rest_route=%2Fwp%2Fv2%2Fmedia&parent=4973"}],"wp:term":[{"taxonomy":"product_cat","embeddable":true,"href":"https:\/\/www.leus.com.br\/index.php?rest_route=%2Fwp%2Fv2%2Fproduct_cat&post=4973"},{"taxonomy":"product_tag","embeddable":true,"href":"https:\/\/www.leus.com.br\/index.php?rest_route=%2Fwp%2Fv2%2Fproduct_tag&post=4973"}],"curies":[{"name":"wp","href":"https:\/\/api.w.org\/{rel}","templated":true}]}}