{"id":4976,"date":"2018-09-24T17:55:40","date_gmt":"2018-09-24T20:55:40","guid":{"rendered":"http:\/\/leus.com.br\/site\/?post_type=product&#038;p=4976"},"modified":"2019-01-31T14:58:43","modified_gmt":"2019-01-31T16:58:43","slug":"oleo-hidraulico-abro-aw-68","status":"publish","type":"product","link":"https:\/\/www.leus.com.br\/?product=oleo-hidraulico-abro-aw-68","title":{"rendered":"\u00d3leo Hidr\u00e1ulico ABRO &#8211;  AW-68"},"content":{"rendered":"<h4>\u2022 Desenvolvido para proporcionar prote\u00e7\u00e3o especial para bombas hidr\u00e1ulicas e seus componentes<\/h4>\n<h4>\u2022 Formulado com \u00f3leos b\u00e1sicos altamente refinados e de alta viscosidade.<\/h4>\n<h4>\u2022 Cont\u00e9m adivos antidesgaste que criam um filme protetor em superf\u00edcies met\u00e1licas.<\/h4>\n<h4>\u2022 Cont\u00e9m aditivos inibidores de espuma.<\/h4>\n<h4>\u2022 Proporciona excelente demulsibilidade e prote\u00e7\u00e3o contra a oxida\u00e7\u00e3o.<\/h4>\n<h4>\u2022 Viscosidade m\u00ednima varia de acordo com a temperatura.<\/h4>\n<h4>\u2022 Minimiza o contato metal com metal, geralmente mais severo em bombas de palheta e bombas de engrenagem.<\/h4>\n<h4>\u2022 Excelentes propriedades de estabilidade t\u00e9rmica e hidrol\u00edtica ajudam a prevenir a forma\u00e7\u00e3o de dep\u00f3sitos que podem interferir com o processo de filtra\u00e7\u00e3o do equipamento.<\/h4>\n<h4>Possui as seguintes aprova\u00e7\u00f5es:<br \/>\n\u2022 Parker Hannifin (Denison) HF-0, IC-1 e IC-2, Cincinnati P-68, P-70, P-69, Eaton Brochure 694 para 35VQ24A (anteriormente M-2950-S e I-286-S), DIN 51524 Parte 2 (HLP), GM LS2, ISSO 11158 Categorias HM e HV, ASTM D 6158 Tipo HM e HV,AFNOR NF E 48-603 HM e HV.<\/h4>\n","protected":false},"excerpt":{"rendered":"<h4>\u00a0\u00d3leo Hidr\u00e1ulico ABRO AW 68 \u00e9 um lubrificante mineral para sistemas hidr\u00e1ulicos de uso industrial, ISO VG AW 68. Formulado especialmente para proporcionar lubrifica\u00e7\u00e3o e prote\u00e7\u00e3o para aplica\u00e7\u00f5es de alta temperatura, o ABRO AW 68 cont\u00e9m aditivos antidesgaste, inibidores de espuma e antioxidantes.<\/h4>\n","protected":false},"featured_media":5224,"template":"","meta":{"_links_to":"","_links_to_target":""},"product_cat":[88],"product_tag":[],"_links":{"self":[{"href":"https:\/\/www.leus.com.br\/index.php?rest_route=\/wp\/v2\/product\/4976"}],"collection":[{"href":"https:\/\/www.leus.com.br\/index.php?rest_route=\/wp\/v2\/product"}],"about":[{"href":"https:\/\/www.leus.com.br\/index.php?rest_route=\/wp\/v2\/types\/product"}],"wp:featuredmedia":[{"embeddable":true,"href":"https:\/\/www.leus.com.br\/index.php?rest_route=\/wp\/v2\/media\/5224"}],"wp:attachment":[{"href":"https:\/\/www.leus.com.br\/index.php?rest_route=%2Fwp%2Fv2%2Fmedia&parent=4976"}],"wp:term":[{"taxonomy":"product_cat","embeddable":true,"href":"https:\/\/www.leus.com.br\/index.php?rest_route=%2Fwp%2Fv2%2Fproduct_cat&post=4976"},{"taxonomy":"product_tag","embeddable":true,"href":"https:\/\/www.leus.com.br\/index.php?rest_route=%2Fwp%2Fv2%2Fproduct_tag&post=4976"}],"curies":[{"name":"wp","href":"https:\/\/api.w.org\/{rel}","templated":true}]}}