{"id":4980,"date":"2018-09-25T09:03:57","date_gmt":"2018-09-25T12:03:57","guid":{"rendered":"http:\/\/leus.com.br\/site\/?post_type=product&#038;p=4980"},"modified":"2019-01-31T10:53:31","modified_gmt":"2019-01-31T12:53:31","slug":"4980","status":"publish","type":"product","link":"https:\/\/www.leus.com.br\/?product=4980","title":{"rendered":"Flu\u00eddo de Transmiss\u00e3o Autom\u00e1tica ABRO &#8211; ATF1"},"content":{"rendered":"<h4>\u2022Proporciona uma lubrifica\u00e7\u00e3o de alta qualidade e protege contra o desgaste.<\/h4>\n<h4>\u2022Excelente performance em baixa temperatura.<\/h4>\n<h4>\u2022Propriedades especiais de atrito para uma troca de marcha mais suave e silenciosa.<\/h4>\n<h4>\u2022Protege contra corros\u00e3o e ferrugem.<\/h4>\n<h4>\u2022Previne contra a forma\u00e7\u00e3o de espuma.<\/h4>\n<p>&nbsp;<\/p>\n","protected":false},"excerpt":{"rendered":"<h4>ABRO ATF TIPO A \u00e9 indicado para uso em sistemas hidr\u00e1ulicos, transmiss\u00f5es autom\u00e1ticas e aplica\u00e7\u00f5es onde se recomende o uso de fluidos TIPO A. Consulte o manual e siga sempre as recomenda\u00e7\u00f5es do fabricante do ve\u00edculo e\/ou equipamento.<\/h4>\n","protected":false},"featured_media":5221,"template":"","meta":{"_links_to":"","_links_to_target":""},"product_cat":[89],"product_tag":[],"_links":{"self":[{"href":"https:\/\/www.leus.com.br\/index.php?rest_route=\/wp\/v2\/product\/4980"}],"collection":[{"href":"https:\/\/www.leus.com.br\/index.php?rest_route=\/wp\/v2\/product"}],"about":[{"href":"https:\/\/www.leus.com.br\/index.php?rest_route=\/wp\/v2\/types\/product"}],"wp:featuredmedia":[{"embeddable":true,"href":"https:\/\/www.leus.com.br\/index.php?rest_route=\/wp\/v2\/media\/5221"}],"wp:attachment":[{"href":"https:\/\/www.leus.com.br\/index.php?rest_route=%2Fwp%2Fv2%2Fmedia&parent=4980"}],"wp:term":[{"taxonomy":"product_cat","embeddable":true,"href":"https:\/\/www.leus.com.br\/index.php?rest_route=%2Fwp%2Fv2%2Fproduct_cat&post=4980"},{"taxonomy":"product_tag","embeddable":true,"href":"https:\/\/www.leus.com.br\/index.php?rest_route=%2Fwp%2Fv2%2Fproduct_tag&post=4980"}],"curies":[{"name":"wp","href":"https:\/\/api.w.org\/{rel}","templated":true}]}}