{"id":4982,"date":"2018-09-25T09:16:36","date_gmt":"2018-09-25T12:16:36","guid":{"rendered":"http:\/\/leus.com.br\/site\/?post_type=product&#038;p=4982"},"modified":"2019-01-31T13:49:08","modified_gmt":"2019-01-31T15:49:08","slug":"oleo-abro-80w-90","status":"publish","type":"product","link":"https:\/\/www.leus.com.br\/?product=oleo-abro-80w-90","title":{"rendered":"\u00d3leo ABRO &#8211; 80W-90"},"content":{"rendered":"<h4>\u2022Proporciona excelente lubrifica\u00e7\u00e3o e reduz o desgaste<\/h4>\n<h4>\u2022Protege contra oxida\u00e7\u00e3o<\/h4>\n<h4>\u2022Resiste a press\u00f5es altas<\/h4>\n<h4>\u2022Proporciona estabilidade t\u00e9rmica<\/h4>\n<h4>\u2022Excelente fluidez em baixa temperatura, reduzindo o desgaste ao dar a partida<\/h4>\n<h4>\u2022Apropriado para uso tanto em aplica\u00e7\u00f5es mais modernas como em modelos mais antigos<\/h4>\n<h4>\u2022Para uso em diferenciais de deslizamento limitado (auto blocante)<\/h4>\n<h4>\u2022Protege contra a forma\u00e7\u00e3o de espuma<\/h4>\n<h4>\u2022Excelente produto para uso em equipamentos pesados e aplica\u00e7\u00f5es que exijam muito dos lubrificantes de engrenagens<\/h4>\n<p>&nbsp;<\/p>\n","protected":false},"excerpt":{"rendered":"<h4 style=\"text-align: justify;\">Formulado \u00e0 base de \u00f3leos minerais de alta qualidade e refor\u00e7ado com aditivos de \u00faltima gera\u00e7\u00e3o especialmente formulados para resistir a press\u00f5es extremas e servi\u00e7os pesados, o \u00d3leo Para Engrenagens ABRO GL-5 SAE 80W90 \u00e9 um lubrificante multiuso recomendado para transmiss\u00f5es manuais, diferenciais, eixos traseiros e caixas de dire\u00e7\u00e3o de carros, caminh\u00f5es e tratores. Proporciona estabilidade t\u00e9rmica, protege contra oxida\u00e7\u00e3o, reduz o desgaste e resiste a altas press\u00f5es. Indicado para aplica\u00e7\u00f5es que pe\u00e7am lubrificantes MT-1 ou GL-5 (ou GL-4, GL-3 GL-2). Tamb\u00e9m \u00e9 recomendado para aplica\u00e7\u00f5es em constru\u00e7\u00e3o, minera\u00e7\u00e3o, agricultura que pe\u00e7am lubrificantes GL-5 ou MT-1.<\/h4>\n","protected":false},"featured_media":5223,"template":"","meta":{"_links_to":"","_links_to_target":""},"product_cat":[89],"product_tag":[],"_links":{"self":[{"href":"https:\/\/www.leus.com.br\/index.php?rest_route=\/wp\/v2\/product\/4982"}],"collection":[{"href":"https:\/\/www.leus.com.br\/index.php?rest_route=\/wp\/v2\/product"}],"about":[{"href":"https:\/\/www.leus.com.br\/index.php?rest_route=\/wp\/v2\/types\/product"}],"wp:featuredmedia":[{"embeddable":true,"href":"https:\/\/www.leus.com.br\/index.php?rest_route=\/wp\/v2\/media\/5223"}],"wp:attachment":[{"href":"https:\/\/www.leus.com.br\/index.php?rest_route=%2Fwp%2Fv2%2Fmedia&parent=4982"}],"wp:term":[{"taxonomy":"product_cat","embeddable":true,"href":"https:\/\/www.leus.com.br\/index.php?rest_route=%2Fwp%2Fv2%2Fproduct_cat&post=4982"},{"taxonomy":"product_tag","embeddable":true,"href":"https:\/\/www.leus.com.br\/index.php?rest_route=%2Fwp%2Fv2%2Fproduct_tag&post=4982"}],"curies":[{"name":"wp","href":"https:\/\/api.w.org\/{rel}","templated":true}]}}