{"id":5045,"date":"2018-11-30T14:34:16","date_gmt":"2018-11-30T16:34:16","guid":{"rendered":"http:\/\/leus.com.br\/site\/?post_type=product&#038;p=5045"},"modified":"2019-02-21T15:00:28","modified_gmt":"2019-02-21T18:00:28","slug":"creader-611","status":"publish","type":"product","link":"https:\/\/www.leus.com.br\/?product=creader-611","title":{"rendered":"Scanner Automotivo Creader 611"},"content":{"rendered":"<p><a href=\"http:\/\/leus.com.br\/site\/wp-content\/uploads\/2018\/11\/Sem-t\u00edtulo-3.jpg\"><img loading=\"lazy\" class=\"alignnone size-full wp-image-5047\" src=\"http:\/\/leus.com.br\/site\/wp-content\/uploads\/2018\/11\/Sem-t\u00edtulo-3.jpg\" alt=\"Sem t\u00edtulo-3\" width=\"494\" height=\"592\" srcset=\"https:\/\/www.leus.com.br\/site\/wp-content\/uploads\/2018\/11\/Sem-t\u00edtulo-3.jpg 494w, https:\/\/www.leus.com.br\/site\/wp-content\/uploads\/2018\/11\/Sem-t\u00edtulo-3-217x260.jpg 217w, https:\/\/www.leus.com.br\/site\/wp-content\/uploads\/2018\/11\/Sem-t\u00edtulo-3-250x300.jpg 250w\" sizes=\"(max-width: 494px) 100vw, 494px\" \/><\/a><\/p>\n","protected":false},"excerpt":{"rendered":"<h4>O CR 611 \u00e9 uma excelente ferramenta para realizar um diagn\u00f3stico de Motor, ABS e AIR BAG em at\u00e9 40 montadoras. Compreende todos os protocolos OBD2 e CAN a partir de 2009.<\/h4>\n<h4>Possui tela colorida de 4.0\u201c, teclas de atalho, menu em portugu\u00eas e acabamento profissional.<\/h4>\n<h4>E ainda, pode ler e apagar c\u00f3digos de falhas:<br \/>\n&#8211; I\/M Leitura de status e monitoramento.<br \/>\n&#8211; Congelamento de tela.<br \/>\n&#8211; Leitura de par\u00e2metros.<br \/>\n&#8211; Leitura da informa\u00e7\u00e3o da UCE.<br \/>\n&#8211; Teste do sensor O2.<br \/>\n&#8211; Monitoramento de Sistemas On-Board (modo 6).<br \/>\n&#8211; Controle dos sistemas. On-Board.<br \/>\n&#8211; C\u00f3digos de falhas especificas do fabricante.<br \/>\n&#8211; Apresenta\u00e7\u00e3o de dados ao vivo em gr\u00e1fico (colorido).<br \/>\n&#8211; Record e Play.\u00a0 \u00a0 \u00a0 \u00a0 \u00a0 \u00a0 \u00a0 \u00a0 \u00a0 \u00a0 \u00a0 \u00a0 \u00a0 \u00a0 \u00a0 \u00a0 \u00a0 \u00a0 \u00a0 \u00a0 \u00a0 \u00a0 \u00a0 \u00a0 \u00a0 \u00a0 &#8211; Biblioteca de c\u00f3digos DTC.<\/h4>\n","protected":false},"featured_media":5274,"template":"","meta":{"_links_to":"","_links_to_target":""},"product_cat":[95],"product_tag":[],"_links":{"self":[{"href":"https:\/\/www.leus.com.br\/index.php?rest_route=\/wp\/v2\/product\/5045"}],"collection":[{"href":"https:\/\/www.leus.com.br\/index.php?rest_route=\/wp\/v2\/product"}],"about":[{"href":"https:\/\/www.leus.com.br\/index.php?rest_route=\/wp\/v2\/types\/product"}],"wp:featuredmedia":[{"embeddable":true,"href":"https:\/\/www.leus.com.br\/index.php?rest_route=\/wp\/v2\/media\/5274"}],"wp:attachment":[{"href":"https:\/\/www.leus.com.br\/index.php?rest_route=%2Fwp%2Fv2%2Fmedia&parent=5045"}],"wp:term":[{"taxonomy":"product_cat","embeddable":true,"href":"https:\/\/www.leus.com.br\/index.php?rest_route=%2Fwp%2Fv2%2Fproduct_cat&post=5045"},{"taxonomy":"product_tag","embeddable":true,"href":"https:\/\/www.leus.com.br\/index.php?rest_route=%2Fwp%2Fv2%2Fproduct_tag&post=5045"}],"curies":[{"name":"wp","href":"https:\/\/api.w.org\/{rel}","templated":true}]}}