{"id":5048,"date":"2018-11-30T14:42:11","date_gmt":"2018-11-30T16:42:11","guid":{"rendered":"http:\/\/leus.com.br\/site\/?post_type=product&#038;p=5048"},"modified":"2019-02-21T15:12:41","modified_gmt":"2019-02-21T18:12:41","slug":"scanner-automotivo-creader-701","status":"publish","type":"product","link":"https:\/\/www.leus.com.br\/?product=scanner-automotivo-creader-701","title":{"rendered":"Scanner Automotivo Creader 701"},"content":{"rendered":"<p><a href=\"http:\/\/leus.com.br\/site\/wp-content\/uploads\/2018\/11\/Sem-t\u00edtulo-31.jpg\"><img loading=\"lazy\" class=\"alignnone size-full wp-image-5050\" src=\"http:\/\/leus.com.br\/site\/wp-content\/uploads\/2018\/11\/Sem-t\u00edtulo-31.jpg\" alt=\"Sem t\u00edtulo-3\" width=\"494\" height=\"592\" srcset=\"https:\/\/www.leus.com.br\/site\/wp-content\/uploads\/2018\/11\/Sem-t\u00edtulo-31.jpg 494w, https:\/\/www.leus.com.br\/site\/wp-content\/uploads\/2018\/11\/Sem-t\u00edtulo-31-217x260.jpg 217w, https:\/\/www.leus.com.br\/site\/wp-content\/uploads\/2018\/11\/Sem-t\u00edtulo-31-250x300.jpg 250w\" sizes=\"(max-width: 494px) 100vw, 494px\" \/><\/a><\/p>\n","protected":false},"excerpt":{"rendered":"<h4>Scanner automotivo CR 701 \u00e9 o aparelho ideal para realizar\u00a0 servi\u00e7os r\u00e1pidos e importantes. Apresenta fun\u00e7\u00f5es de reset de um scanner profissional automotivo, al\u00e9m de realizar diagn\u00f3stico de motor. Engloba todos requisitos\u00a0 OBD2 e CAN a partir de 2009. Apresenta teclas de atalho, menu em portugu\u00eas, acabamento profissional e tela colorida de 4.0\u201c.<\/h4>\n<h4><strong>* Fun\u00e7\u00f5es Reset:<br \/>\n<\/strong>* \u00d3leo<br \/>\n*Freios (EPB)<br \/>\n* Sensor \u00e2ngulo de dire\u00e7\u00e3o (SAS)<br \/>\n* Bateria (BMS)<br \/>\n*\u00a0Regenerador do filtro de part\u00edcula (DPF)<br \/>\n*\u00a0Press\u00e3o e temperatura dos pneus (TPMS)<br \/>\n*\u00a0Sangria do freio ABS (Bleending) &#8211; Abertura de pin\u00e7as traseiras.<\/h4>\n<h4>* Scanner OBD2\/CAN:<br \/>\n*\u00a0Ler e apagar c\u00f3digos de falhas<br \/>\n*\u00a0I\/M Leitura de status e monitoramento<br \/>\n*\u00a0Leitura e congelamento de tela<br \/>\n*\u00a0Leitura de par\u00e2metros<br \/>\n*\u00a0Leitura da informa\u00e7\u00e3o da UCE<br \/>\n* Teste do sensor O2<br \/>\n*\u00a0Monitoramento de Sistemas On-Board (modo6)<br \/>\n*\u00a0Controle dos sistemas. On-Board<br \/>\n*\u00a0C\u00f3digos de falhas especifica do fabricante<br \/>\n* Apresenta\u00e7\u00e3o\u00a0 de dados ao vivo em gr\u00e1fico<br \/>\n*\u00a0Record e Play\u00a0 \u00a0 \u00a0 \u00a0 \u00a0 \u00a0 \u00a0 \u00a0 \u00a0 \u00a0 \u00a0 \u00a0 \u00a0 \u00a0 \u00a0 \u00a0 \u00a0 \u00a0 \u00a0 \u00a0 \u00a0 \u00a0 \u00a0 \u00a0 \u00a0\u00a0 \u00a0 * Biblioteca DTC.<\/h4>\n","protected":false},"featured_media":5275,"template":"","meta":{"_links_to":"","_links_to_target":""},"product_cat":[95],"product_tag":[],"_links":{"self":[{"href":"https:\/\/www.leus.com.br\/index.php?rest_route=\/wp\/v2\/product\/5048"}],"collection":[{"href":"https:\/\/www.leus.com.br\/index.php?rest_route=\/wp\/v2\/product"}],"about":[{"href":"https:\/\/www.leus.com.br\/index.php?rest_route=\/wp\/v2\/types\/product"}],"wp:featuredmedia":[{"embeddable":true,"href":"https:\/\/www.leus.com.br\/index.php?rest_route=\/wp\/v2\/media\/5275"}],"wp:attachment":[{"href":"https:\/\/www.leus.com.br\/index.php?rest_route=%2Fwp%2Fv2%2Fmedia&parent=5048"}],"wp:term":[{"taxonomy":"product_cat","embeddable":true,"href":"https:\/\/www.leus.com.br\/index.php?rest_route=%2Fwp%2Fv2%2Fproduct_cat&post=5048"},{"taxonomy":"product_tag","embeddable":true,"href":"https:\/\/www.leus.com.br\/index.php?rest_route=%2Fwp%2Fv2%2Fproduct_tag&post=5048"}],"curies":[{"name":"wp","href":"https:\/\/api.w.org\/{rel}","templated":true}]}}