{"id":5235,"date":"2019-02-05T15:41:14","date_gmt":"2019-02-05T17:41:14","guid":{"rendered":"http:\/\/leus.com.br\/site\/?post_type=product&#038;p=5235"},"modified":"2019-02-05T15:43:46","modified_gmt":"2019-02-05T17:43:46","slug":"tira-arranhoes-autoshine","status":"publish","type":"product","link":"https:\/\/www.leus.com.br\/?product=tira-arranhoes-autoshine","title":{"rendered":"Tira Arranh\u00f5es Autoshine"},"content":{"rendered":"","protected":false},"excerpt":{"rendered":"<p>O Tira Arranh\u00f5es elimina riscos \u00e9 recomendado para remo\u00e7\u00e3o de riscos superficiais , dando um \u00f3timo acabamento sobre a pintura automotiva . Considerando que a pintura automobil\u00edstica pode ser composta de primer, tinta e verniz, sobre a superf\u00edcie met\u00e1lica\u00a0 do ve\u00edculo, este produto foi desenvolvido para remover microriscos\u00a0 cuja a profundidade\u00a0 afete a pintura ou o primer.<\/p>\n","protected":false},"featured_media":5236,"template":"","meta":{"_links_to":"","_links_to_target":""},"product_cat":[69],"product_tag":[],"_links":{"self":[{"href":"https:\/\/www.leus.com.br\/index.php?rest_route=\/wp\/v2\/product\/5235"}],"collection":[{"href":"https:\/\/www.leus.com.br\/index.php?rest_route=\/wp\/v2\/product"}],"about":[{"href":"https:\/\/www.leus.com.br\/index.php?rest_route=\/wp\/v2\/types\/product"}],"wp:featuredmedia":[{"embeddable":true,"href":"https:\/\/www.leus.com.br\/index.php?rest_route=\/wp\/v2\/media\/5236"}],"wp:attachment":[{"href":"https:\/\/www.leus.com.br\/index.php?rest_route=%2Fwp%2Fv2%2Fmedia&parent=5235"}],"wp:term":[{"taxonomy":"product_cat","embeddable":true,"href":"https:\/\/www.leus.com.br\/index.php?rest_route=%2Fwp%2Fv2%2Fproduct_cat&post=5235"},{"taxonomy":"product_tag","embeddable":true,"href":"https:\/\/www.leus.com.br\/index.php?rest_route=%2Fwp%2Fv2%2Fproduct_tag&post=5235"}],"curies":[{"name":"wp","href":"https:\/\/api.w.org\/{rel}","templated":true}]}}