{"id":5289,"date":"2019-02-26T14:21:39","date_gmt":"2019-02-26T17:21:39","guid":{"rendered":"http:\/\/leus.com.br\/site\/?post_type=product&#038;p=5289"},"modified":"2020-08-11T16:59:40","modified_gmt":"2020-08-11T19:59:40","slug":"graxa-spray-para-correntes-abro-cl-100","status":"publish","type":"product","link":"https:\/\/www.leus.com.br\/?product=graxa-spray-para-correntes-abro-cl-100","title":{"rendered":"Graxa Spray para correntes ABRO &#8211; CL-100"},"content":{"rendered":"","protected":false},"excerpt":{"rendered":"<p>O produto possui alto poder de penetra\u00e7\u00e3o, proporciona excelente lubrifica\u00e7\u00e3o para todos os tipos de correntes, incluindo O-Ring.\u00a0As vantagens \u00f3bvias do lubrificante de aerossol incluem as seguintes propriedades:<\/p>\n<ul>\n<li>F\u00e1cil aplica\u00e7\u00e3o e armazenamento;<\/li>\n<li>Mant\u00e9m suas propriedades em baixas temperaturas;<\/li>\n<li>Excelente na superf\u00edcie, resistente a cargas centr\u00edfugas;<\/li>\n<li>Bicos especiais que proporcionam a possibilidade de aplica\u00e7\u00e3o pontual \u00e0 corrente;<\/li>\n<li>Fornece lubrifica\u00e7\u00e3o e limpeza simult\u00e2neas da pe\u00e7a.<\/li>\n<\/ul>\n","protected":false},"featured_media":5298,"template":"","meta":{"_links_to":"","_links_to_target":""},"product_cat":[11],"product_tag":[],"_links":{"self":[{"href":"https:\/\/www.leus.com.br\/index.php?rest_route=\/wp\/v2\/product\/5289"}],"collection":[{"href":"https:\/\/www.leus.com.br\/index.php?rest_route=\/wp\/v2\/product"}],"about":[{"href":"https:\/\/www.leus.com.br\/index.php?rest_route=\/wp\/v2\/types\/product"}],"wp:featuredmedia":[{"embeddable":true,"href":"https:\/\/www.leus.com.br\/index.php?rest_route=\/wp\/v2\/media\/5298"}],"wp:attachment":[{"href":"https:\/\/www.leus.com.br\/index.php?rest_route=%2Fwp%2Fv2%2Fmedia&parent=5289"}],"wp:term":[{"taxonomy":"product_cat","embeddable":true,"href":"https:\/\/www.leus.com.br\/index.php?rest_route=%2Fwp%2Fv2%2Fproduct_cat&post=5289"},{"taxonomy":"product_tag","embeddable":true,"href":"https:\/\/www.leus.com.br\/index.php?rest_route=%2Fwp%2Fv2%2Fproduct_tag&post=5289"}],"curies":[{"name":"wp","href":"https:\/\/api.w.org\/{rel}","templated":true}]}}